{"id":965,"date":"2025-09-30T17:36:11","date_gmt":"2025-09-30T20:36:11","guid":{"rendered":"https:\/\/myimoveis.com.br\/?page_id=965"},"modified":"2025-09-30T17:40:26","modified_gmt":"2025-09-30T20:40:26","slug":"imovel-127","status":"publish","type":"page","link":"https:\/\/myimoveis.com.br\/index.php\/imovel-127\/","title":{"rendered":"Im\u00f3vel #127"},"content":{"rendered":"\t\t<div data-elementor-type=\"wp-page\" data-elementor-id=\"965\" class=\"elementor elementor-965\">\n\t\t\t\t<div class=\"elementor-element elementor-element-de366fc e-grid e-con-boxed e-con e-parent\" data-id=\"de366fc\" data-element_type=\"container\">\n\t\t\t\t\t<div class=\"e-con-inner\">\n\t\t\t\t<div class=\"elementor-element elementor-element-e46df8e elementor-widget elementor-widget-image\" data-id=\"e46df8e\" data-element_type=\"widget\" data-widget_type=\"image.default\">\n\t\t\t\t\t\t\t\t\t\t\t\t\t\t\t<img fetchpriority=\"high\" decoding=\"async\" width=\"300\" height=\"300\" src=\"https:\/\/myimoveis.com.br\/wp-content\/uploads\/2025\/09\/4-8-300x300.png\" class=\"attachment-medium size-medium wp-image-967\" alt=\"\" srcset=\"https:\/\/myimoveis.com.br\/wp-content\/uploads\/2025\/09\/4-8-300x300.png 300w, https:\/\/myimoveis.com.br\/wp-content\/uploads\/2025\/09\/4-8-1024x1024.png 1024w, https:\/\/myimoveis.com.br\/wp-content\/uploads\/2025\/09\/4-8-150x150.png 150w, https:\/\/myimoveis.com.br\/wp-content\/uploads\/2025\/09\/4-8-768x768.png 768w, https:\/\/myimoveis.com.br\/wp-content\/uploads\/2025\/09\/4-8-230x230.png 230w, https:\/\/myimoveis.com.br\/wp-content\/uploads\/2025\/09\/4-8-400x400.png 400w, https:\/\/myimoveis.com.br\/wp-content\/uploads\/2025\/09\/4-8-600x600.png 600w, https:\/\/myimoveis.com.br\/wp-content\/uploads\/2025\/09\/4-8-640x640.png 640w, https:\/\/myimoveis.com.br\/wp-content\/uploads\/2025\/09\/4-8.png 1080w\" sizes=\"(max-width: 300px) 100vw, 300px\" \/>\t\t\t\t\t\t\t\t\t\t\t\t\t\t\t<\/div>\n\t\t\t\t<div class=\"elementor-element elementor-element-02f1427 gallery-spacing-custom elementor-widget__width-initial elementor-widget elementor-widget-image-gallery\" data-id=\"02f1427\" data-element_type=\"widget\" data-widget_type=\"image-gallery.default\">\n\t\t\t\t\t\t\t<div class=\"elementor-image-gallery\">\n\t\t\t<div id='gallery-1' class='gallery galleryid-965 gallery-columns-3 gallery-size-medium'><figure class='gallery-item'>\n\t\t\t<div class='gallery-icon landscape'>\n\t\t\t\t<a data-elementor-open-lightbox=\"yes\" data-elementor-lightbox-slideshow=\"02f1427\" data-elementor-lightbox-title=\"5\" data-e-action-hash=\"#elementor-action%3Aaction%3Dlightbox%26settings%3DeyJpZCI6OTY4LCJ1cmwiOiJodHRwczpcL1wvbXlpbW92ZWlzLmNvbS5iclwvd3AtY29udGVudFwvdXBsb2Fkc1wvMjAyNVwvMDlcLzUtOC5wbmciLCJzbGlkZXNob3ciOiIwMmYxNDI3In0%3D\" href='https:\/\/myimoveis.com.br\/wp-content\/uploads\/2025\/09\/5-8.png'><img decoding=\"async\" width=\"300\" height=\"300\" src=\"https:\/\/myimoveis.com.br\/wp-content\/uploads\/2025\/09\/5-8-300x300.png\" class=\"attachment-medium size-medium\" alt=\"\" srcset=\"https:\/\/myimoveis.com.br\/wp-content\/uploads\/2025\/09\/5-8-300x300.png 300w, https:\/\/myimoveis.com.br\/wp-content\/uploads\/2025\/09\/5-8-1024x1024.png 1024w, https:\/\/myimoveis.com.br\/wp-content\/uploads\/2025\/09\/5-8-150x150.png 150w, https:\/\/myimoveis.com.br\/wp-content\/uploads\/2025\/09\/5-8-768x768.png 768w, https:\/\/myimoveis.com.br\/wp-content\/uploads\/2025\/09\/5-8-230x230.png 230w, https:\/\/myimoveis.com.br\/wp-content\/uploads\/2025\/09\/5-8-400x400.png 400w, https:\/\/myimoveis.com.br\/wp-content\/uploads\/2025\/09\/5-8-600x600.png 600w, https:\/\/myimoveis.com.br\/wp-content\/uploads\/2025\/09\/5-8-640x640.png 640w, https:\/\/myimoveis.com.br\/wp-content\/uploads\/2025\/09\/5-8.png 1080w\" sizes=\"(max-width: 300px) 100vw, 300px\" \/><\/a>\n\t\t\t<\/div><\/figure><figure class='gallery-item'>\n\t\t\t<div class='gallery-icon landscape'>\n\t\t\t\t<a data-elementor-open-lightbox=\"yes\" data-elementor-lightbox-slideshow=\"02f1427\" data-elementor-lightbox-title=\"9\" data-e-action-hash=\"#elementor-action%3Aaction%3Dlightbox%26settings%3DeyJpZCI6OTcyLCJ1cmwiOiJodHRwczpcL1wvbXlpbW92ZWlzLmNvbS5iclwvd3AtY29udGVudFwvdXBsb2Fkc1wvMjAyNVwvMDlcLzktOC5wbmciLCJzbGlkZXNob3ciOiIwMmYxNDI3In0%3D\" href='https:\/\/myimoveis.com.br\/wp-content\/uploads\/2025\/09\/9-8.png'><img decoding=\"async\" width=\"300\" height=\"300\" src=\"https:\/\/myimoveis.com.br\/wp-content\/uploads\/2025\/09\/9-8-300x300.png\" class=\"attachment-medium size-medium\" alt=\"\" srcset=\"https:\/\/myimoveis.com.br\/wp-content\/uploads\/2025\/09\/9-8-300x300.png 300w, https:\/\/myimoveis.com.br\/wp-content\/uploads\/2025\/09\/9-8-1024x1024.png 1024w, https:\/\/myimoveis.com.br\/wp-content\/uploads\/2025\/09\/9-8-150x150.png 150w, https:\/\/myimoveis.com.br\/wp-content\/uploads\/2025\/09\/9-8-768x768.png 768w, https:\/\/myimoveis.com.br\/wp-content\/uploads\/2025\/09\/9-8-230x230.png 230w, https:\/\/myimoveis.com.br\/wp-content\/uploads\/2025\/09\/9-8-400x400.png 400w, https:\/\/myimoveis.com.br\/wp-content\/uploads\/2025\/09\/9-8-600x600.png 600w, https:\/\/myimoveis.com.br\/wp-content\/uploads\/2025\/09\/9-8-640x640.png 640w, https:\/\/myimoveis.com.br\/wp-content\/uploads\/2025\/09\/9-8.png 1080w\" sizes=\"(max-width: 300px) 100vw, 300px\" \/><\/a>\n\t\t\t<\/div><\/figure><figure class='gallery-item'>\n\t\t\t<div class='gallery-icon landscape'>\n\t\t\t\t<a data-elementor-open-lightbox=\"yes\" data-elementor-lightbox-slideshow=\"02f1427\" data-elementor-lightbox-title=\"6\" data-e-action-hash=\"#elementor-action%3Aaction%3Dlightbox%26settings%3DeyJpZCI6OTY5LCJ1cmwiOiJodHRwczpcL1wvbXlpbW92ZWlzLmNvbS5iclwvd3AtY29udGVudFwvdXBsb2Fkc1wvMjAyNVwvMDlcLzYtOC5wbmciLCJzbGlkZXNob3ciOiIwMmYxNDI3In0%3D\" href='https:\/\/myimoveis.com.br\/wp-content\/uploads\/2025\/09\/6-8.png'><img loading=\"lazy\" decoding=\"async\" width=\"300\" height=\"300\" src=\"https:\/\/myimoveis.com.br\/wp-content\/uploads\/2025\/09\/6-8-300x300.png\" class=\"attachment-medium size-medium\" alt=\"\" srcset=\"https:\/\/myimoveis.com.br\/wp-content\/uploads\/2025\/09\/6-8-300x300.png 300w, https:\/\/myimoveis.com.br\/wp-content\/uploads\/2025\/09\/6-8-1024x1024.png 1024w, https:\/\/myimoveis.com.br\/wp-content\/uploads\/2025\/09\/6-8-150x150.png 150w, https:\/\/myimoveis.com.br\/wp-content\/uploads\/2025\/09\/6-8-768x768.png 768w, https:\/\/myimoveis.com.br\/wp-content\/uploads\/2025\/09\/6-8-230x230.png 230w, https:\/\/myimoveis.com.br\/wp-content\/uploads\/2025\/09\/6-8-400x400.png 400w, https:\/\/myimoveis.com.br\/wp-content\/uploads\/2025\/09\/6-8-600x600.png 600w, https:\/\/myimoveis.com.br\/wp-content\/uploads\/2025\/09\/6-8-640x640.png 640w, https:\/\/myimoveis.com.br\/wp-content\/uploads\/2025\/09\/6-8.png 1080w\" sizes=\"(max-width: 300px) 100vw, 300px\" \/><\/a>\n\t\t\t<\/div><\/figure><figure class='gallery-item'>\n\t\t\t<div class='gallery-icon landscape'>\n\t\t\t\t<a data-elementor-open-lightbox=\"yes\" data-elementor-lightbox-slideshow=\"02f1427\" data-elementor-lightbox-title=\"4\" data-e-action-hash=\"#elementor-action%3Aaction%3Dlightbox%26settings%3DeyJpZCI6OTY3LCJ1cmwiOiJodHRwczpcL1wvbXlpbW92ZWlzLmNvbS5iclwvd3AtY29udGVudFwvdXBsb2Fkc1wvMjAyNVwvMDlcLzQtOC5wbmciLCJzbGlkZXNob3ciOiIwMmYxNDI3In0%3D\" href='https:\/\/myimoveis.com.br\/wp-content\/uploads\/2025\/09\/4-8.png'><img loading=\"lazy\" decoding=\"async\" width=\"300\" height=\"300\" src=\"https:\/\/myimoveis.com.br\/wp-content\/uploads\/2025\/09\/4-8-300x300.png\" class=\"attachment-medium size-medium\" alt=\"\" srcset=\"https:\/\/myimoveis.com.br\/wp-content\/uploads\/2025\/09\/4-8-300x300.png 300w, https:\/\/myimoveis.com.br\/wp-content\/uploads\/2025\/09\/4-8-1024x1024.png 1024w, https:\/\/myimoveis.com.br\/wp-content\/uploads\/2025\/09\/4-8-150x150.png 150w, https:\/\/myimoveis.com.br\/wp-content\/uploads\/2025\/09\/4-8-768x768.png 768w, https:\/\/myimoveis.com.br\/wp-content\/uploads\/2025\/09\/4-8-230x230.png 230w, https:\/\/myimoveis.com.br\/wp-content\/uploads\/2025\/09\/4-8-400x400.png 400w, https:\/\/myimoveis.com.br\/wp-content\/uploads\/2025\/09\/4-8-600x600.png 600w, https:\/\/myimoveis.com.br\/wp-content\/uploads\/2025\/09\/4-8-640x640.png 640w, https:\/\/myimoveis.com.br\/wp-content\/uploads\/2025\/09\/4-8.png 1080w\" sizes=\"(max-width: 300px) 100vw, 300px\" \/><\/a>\n\t\t\t<\/div><\/figure>\n\t\t<\/div>\n\t\t<\/div>\n\t\t\t\t\t\t<\/div>\n\t\t\t\t\t<\/div>\n\t\t\t\t<\/div>\n\t\t<div class=\"elementor-element elementor-element-6b986d6 e-flex e-con-boxed e-con e-parent\" data-id=\"6b986d6\" data-element_type=\"container\">\n\t\t\t\t\t<div class=\"e-con-inner\">\n\t\t\t\t<div class=\"elementor-element elementor-element-08dbc77 elementor-widget elementor-widget-button\" data-id=\"08dbc77\" data-element_type=\"widget\" data-widget_type=\"button.default\">\n\t\t\t\t\t\t\t\t\t\t<a class=\"elementor-button elementor-button-link elementor-size-sm\" href=\"https:\/\/wa.me\/5567999002171?text=Ol%C3%A1!%20Gostaria%20de%20mais%20informa%C3%A7%C3%B5es.\">\n\t\t\t\t\t\t<span class=\"elementor-button-content-wrapper\">\n\t\t\t\t\t\t\t\t\t<span class=\"elementor-button-text\">Clique a aqui para falar com Corretor(a).<\/span>\n\t\t\t\t\t<\/span>\n\t\t\t\t\t<\/a>\n\t\t\t\t\t\t\t\t<\/div>\n\t\t\t\t<div class=\"elementor-element elementor-element-f7f7bf2 elementor-widget elementor-widget-button\" data-id=\"f7f7bf2\" data-element_type=\"widget\" data-widget_type=\"button.default\">\n\t\t\t\t\t\t\t\t\t\t<a class=\"elementor-button elementor-button-link elementor-size-sm\" href=\"https:\/\/myimoveis.com.br\/index.php\/todas-as-fotos-do-imovel-127\/\" target=\"_blank\">\n\t\t\t\t\t\t<span class=\"elementor-button-content-wrapper\">\n\t\t\t\t\t\t\t\t\t<span class=\"elementor-button-text\">VER TODAS AS  FOTOS<\/span>\n\t\t\t\t\t<\/span>\n\t\t\t\t\t<\/a>\n\t\t\t\t\t\t\t\t<\/div>\n\t\t\t\t<div class=\"elementor-element elementor-element-e52e1e3 elementor-widget__width-initial elementor-widget elementor-widget-heading\" data-id=\"e52e1e3\" data-element_type=\"widget\" data-widget_type=\"heading.default\">\n\t\t\t\t\t<h2 class=\"elementor-heading-title elementor-size-default\">Im\u00f3vel #127<\/h2>\t\t\t\t<\/div>\n\t\t\t\t\t<\/div>\n\t\t\t\t<\/div>\n\t\t<div class=\"elementor-element elementor-element-765d6fe e-flex e-con-boxed e-con e-parent\" data-id=\"765d6fe\" data-element_type=\"container\">\n\t\t\t\t\t<div class=\"e-con-inner\">\n\t\t\t\t<div class=\"elementor-element elementor-element-b0edc74 elementor-widget elementor-widget-heading\" data-id=\"b0edc74\" data-element_type=\"widget\" data-widget_type=\"heading.default\">\n\t\t\t\t\t<h2 class=\"elementor-heading-title elementor-size-default\">Bairro Nossa Sra das Gra\u00e7as <img decoding=\"async\" role=\"img\" class=\"emoji\" alt=\"\ud83c\udfe0\" src=\"https:\/\/s.w.org\/images\/core\/emoji\/16.0.1\/svg\/1f3e0.svg\"><\/h2>\t\t\t\t<\/div>\n\t\t\t\t<div class=\"elementor-element elementor-element-c2e6940 elementor-widget__width-initial elementor-widget-mobile__width-initial elementor-widget elementor-widget-heading\" data-id=\"c2e6940\" data-element_type=\"widget\" data-widget_type=\"heading.default\">\n\t\t\t\t\t<h2 class=\"elementor-heading-title elementor-size-default\"><img decoding=\"async\" role=\"img\" class=\"emoji\" alt=\"\ud83d\udd38\" src=\"https:\/\/s.w.org\/images\/core\/emoji\/16.0.1\/svg\/1f538.svg\"> Sala ampla<br><img decoding=\"async\" role=\"img\" class=\"emoji\" alt=\"\ud83d\udd38\" src=\"https:\/\/s.w.org\/images\/core\/emoji\/16.0.1\/svg\/1f538.svg\"> Cozinha conjugada<br><img decoding=\"async\" role=\"img\" class=\"emoji\" alt=\"\ud83d\udd38\" src=\"https:\/\/s.w.org\/images\/core\/emoji\/16.0.1\/svg\/1f538.svg\"> 2 quartos<br><img decoding=\"async\" role=\"img\" class=\"emoji\" alt=\"\ud83d\udd38\" src=\"https:\/\/s.w.org\/images\/core\/emoji\/16.0.1\/svg\/1f538.svg\"> Banheiro social<br><img decoding=\"async\" role=\"img\" class=\"emoji\" alt=\"\ud83d\udd38\" src=\"https:\/\/s.w.org\/images\/core\/emoji\/16.0.1\/svg\/1f538.svg\"> Lavanderia coberta<br><img decoding=\"async\" role=\"img\" class=\"emoji\" alt=\"\ud83d\udd38\" src=\"https:\/\/s.w.org\/images\/core\/emoji\/16.0.1\/svg\/1f538.svg\"> Rodap\u00e9 embutido<br><img decoding=\"async\" role=\"img\" class=\"emoji\" alt=\"\ud83d\udd38\" src=\"https:\/\/s.w.org\/images\/core\/emoji\/16.0.1\/svg\/1f538.svg\"> Janelas em blindex<br><img decoding=\"async\" role=\"img\" class=\"emoji\" alt=\"\ud83d\udd38\" src=\"https:\/\/s.w.org\/images\/core\/emoji\/16.0.1\/svg\/1f538.svg\"> Garagem<br><img decoding=\"async\" role=\"img\" class=\"emoji\" alt=\"\ud83d\udd38\" src=\"https:\/\/s.w.org\/images\/core\/emoji\/16.0.1\/svg\/1f538.svg\"> Varanda<br><img decoding=\"async\" role=\"img\" class=\"emoji\" alt=\"\ud83d\udd38\" src=\"https:\/\/s.w.org\/images\/core\/emoji\/16.0.1\/svg\/1f538.svg\"> Port\u00e3o de eleva\u00e7\u00e3o<br><img decoding=\"async\" role=\"img\" class=\"emoji\" alt=\"\ud83d\udd38\" src=\"https:\/\/s.w.org\/images\/core\/emoji\/16.0.1\/svg\/1f538.svg\"> Espa\u00e7o amplo nos fundos.<br>                                                                                                                                                                                                                                                                      \n<img decoding=\"async\" role=\"img\" class=\"emoji\" alt=\"\ud83d\udcb0\" src=\"https:\/\/s.w.org\/images\/core\/emoji\/16.0.1\/svg\/1f4b0.svg\"> Valor de: 250.000,00 (sujeito a altera\u00e7\u00e3o)<br>C\u00f3d: 127<br><img decoding=\"async\" role=\"img\" class=\"emoji\" alt=\"\ud83c\udfe6\" src=\"https:\/\/s.w.org\/images\/core\/emoji\/16.0.1\/svg\/1f3e6.svg\"> Auxiliamos voc\u00ea com a aprova\u00e7\u00e3o de cr\u00e9dito.<br><img decoding=\"async\" role=\"img\" class=\"emoji\" alt=\"\u23e9\" src=\"https:\/\/s.w.org\/images\/core\/emoji\/16.0.1\/svg\/23e9.svg\">Agende sua visita!<br>\nMaiores informa\u00e7\u00f5es pelo:<br>6799900-2171<br>6798484-3386<br>6798466-3386<br><\/h2>\t\t\t\t<\/div>\n\t\t\t\t\t<\/div>\n\t\t\t\t<\/div>\n\t\t<div class=\"elementor-element elementor-element-1395372 e-flex e-con-boxed e-con e-parent\" data-id=\"1395372\" data-element_type=\"container\">\n\t\t\t\t\t<div class=\"e-con-inner\">\n\t\t\t\t<div class=\"elementor-element elementor-element-9976f19 elementor-widget__width-initial elementor-widget elementor-widget-image\" data-id=\"9976f19\" data-element_type=\"widget\" data-widget_type=\"image.default\">\n\t\t\t\t\t\t\t\t\t\t\t\t\t\t\t\t<a href=\"https:\/\/wa.me\/5567999002171?text=Ol%C3%A1!%20Gostaria%20de%20mais%20informa%C3%A7%C3%B5es.\">\n\t\t\t\t\t\t\t<img loading=\"lazy\" decoding=\"async\" width=\"300\" height=\"60\" src=\"https:\/\/myimoveis.com.br\/wp-content\/uploads\/2025\/09\/whats-300x60.png\" class=\"attachment-medium size-medium wp-image-518\" alt=\"\" srcset=\"https:\/\/myimoveis.com.br\/wp-content\/uploads\/2025\/09\/whats-300x60.png 300w, https:\/\/myimoveis.com.br\/wp-content\/uploads\/2025\/09\/whats-1024x204.png 1024w, https:\/\/myimoveis.com.br\/wp-content\/uploads\/2025\/09\/whats-768x153.png 768w, https:\/\/myimoveis.com.br\/wp-content\/uploads\/2025\/09\/whats-600x120.png 600w, https:\/\/myimoveis.com.br\/wp-content\/uploads\/2025\/09\/whats.png 1248w\" sizes=\"(max-width: 300px) 100vw, 300px\" \/>\t\t\t\t\t\t\t\t<\/a>\n\t\t\t\t\t\t\t\t\t\t\t\t\t\t\t<\/div>\n\t\t\t\t\t<\/div>\n\t\t\t\t<\/div>\n\t\t\t\t<\/div>\n\t\t","protected":false},"excerpt":{"rendered":"<p>Clique a aqui para falar com Corretor(a). VER TODAS AS FOTOS Im\u00f3vel #127 Bairro Nossa Sra das Gra\u00e7as Sala ampla Cozinha conjugada 2 quartos Banheiro social Lavanderia coberta Rodap\u00e9 embutido Janelas em blindex Garagem Varanda Port\u00e3o de eleva\u00e7\u00e3o Espa\u00e7o amplo nos fundos. Valor de: 250.000,00 (sujeito a altera\u00e7\u00e3o)C\u00f3d: 127 Auxiliamos voc\u00ea com a aprova\u00e7\u00e3o de [&hellip;]<\/p>\n","protected":false},"author":1,"featured_media":0,"parent":0,"menu_order":0,"comment_status":"closed","ping_status":"closed","template":"","meta":{"footnotes":""},"class_list":["post-965","page","type-page","status-publish","hentry"],"_links":{"self":[{"href":"https:\/\/myimoveis.com.br\/index.php\/wp-json\/wp\/v2\/pages\/965","targetHints":{"allow":["GET"]}}],"collection":[{"href":"https:\/\/myimoveis.com.br\/index.php\/wp-json\/wp\/v2\/pages"}],"about":[{"href":"https:\/\/myimoveis.com.br\/index.php\/wp-json\/wp\/v2\/types\/page"}],"author":[{"embeddable":true,"href":"https:\/\/myimoveis.com.br\/index.php\/wp-json\/wp\/v2\/users\/1"}],"replies":[{"embeddable":true,"href":"https:\/\/myimoveis.com.br\/index.php\/wp-json\/wp\/v2\/comments?post=965"}],"version-history":[{"count":7,"href":"https:\/\/myimoveis.com.br\/index.php\/wp-json\/wp\/v2\/pages\/965\/revisions"}],"predecessor-version":[{"id":983,"href":"https:\/\/myimoveis.com.br\/index.php\/wp-json\/wp\/v2\/pages\/965\/revisions\/983"}],"wp:attachment":[{"href":"https:\/\/myimoveis.com.br\/index.php\/wp-json\/wp\/v2\/media?parent=965"}],"curies":[{"name":"wp","href":"https:\/\/api.w.org\/{rel}","templated":true}]}}