{"id":918,"date":"2025-09-30T17:10:38","date_gmt":"2025-09-30T20:10:38","guid":{"rendered":"https:\/\/myimoveis.com.br\/?page_id=918"},"modified":"2025-09-30T17:12:30","modified_gmt":"2025-09-30T20:12:30","slug":"imovel-129","status":"publish","type":"page","link":"https:\/\/myimoveis.com.br\/index.php\/imovel-129\/","title":{"rendered":"Im\u00f3vel #129"},"content":{"rendered":"\t\t<div data-elementor-type=\"wp-page\" data-elementor-id=\"918\" class=\"elementor elementor-918\">\n\t\t\t\t<div class=\"elementor-element elementor-element-2cd63d7 e-grid e-con-boxed e-con e-parent\" data-id=\"2cd63d7\" data-element_type=\"container\">\n\t\t\t\t\t<div class=\"e-con-inner\">\n\t\t\t\t<div class=\"elementor-element elementor-element-effc648 elementor-widget elementor-widget-image\" data-id=\"effc648\" data-element_type=\"widget\" data-widget_type=\"image.default\">\n\t\t\t\t\t\t\t\t\t\t\t\t\t\t\t<img fetchpriority=\"high\" decoding=\"async\" width=\"300\" height=\"300\" src=\"https:\/\/myimoveis.com.br\/wp-content\/uploads\/2025\/09\/5-7-300x300.png\" class=\"attachment-medium size-medium wp-image-920\" alt=\"\" srcset=\"https:\/\/myimoveis.com.br\/wp-content\/uploads\/2025\/09\/5-7-300x300.png 300w, https:\/\/myimoveis.com.br\/wp-content\/uploads\/2025\/09\/5-7-1024x1024.png 1024w, https:\/\/myimoveis.com.br\/wp-content\/uploads\/2025\/09\/5-7-150x150.png 150w, https:\/\/myimoveis.com.br\/wp-content\/uploads\/2025\/09\/5-7-768x768.png 768w, https:\/\/myimoveis.com.br\/wp-content\/uploads\/2025\/09\/5-7-230x230.png 230w, https:\/\/myimoveis.com.br\/wp-content\/uploads\/2025\/09\/5-7-400x400.png 400w, https:\/\/myimoveis.com.br\/wp-content\/uploads\/2025\/09\/5-7-600x600.png 600w, https:\/\/myimoveis.com.br\/wp-content\/uploads\/2025\/09\/5-7-640x640.png 640w, https:\/\/myimoveis.com.br\/wp-content\/uploads\/2025\/09\/5-7.png 1080w\" sizes=\"(max-width: 300px) 100vw, 300px\" \/>\t\t\t\t\t\t\t\t\t\t\t\t\t\t\t<\/div>\n\t\t\t\t<div class=\"elementor-element elementor-element-a08f72c gallery-spacing-custom elementor-widget__width-initial elementor-widget elementor-widget-image-gallery\" data-id=\"a08f72c\" data-element_type=\"widget\" data-widget_type=\"image-gallery.default\">\n\t\t\t\t\t\t\t<div class=\"elementor-image-gallery\">\n\t\t\t<div id='gallery-1' class='gallery galleryid-918 gallery-columns-3 gallery-size-medium'><figure class='gallery-item'>\n\t\t\t<div class='gallery-icon landscape'>\n\t\t\t\t<a data-elementor-open-lightbox=\"yes\" data-elementor-lightbox-slideshow=\"a08f72c\" data-elementor-lightbox-title=\"15\" data-e-action-hash=\"#elementor-action%3Aaction%3Dlightbox%26settings%3DeyJpZCI6OTI4LCJ1cmwiOiJodHRwczpcL1wvbXlpbW92ZWlzLmNvbS5iclwvd3AtY29udGVudFwvdXBsb2Fkc1wvMjAyNVwvMDlcLzE1LnBuZyIsInNsaWRlc2hvdyI6ImEwOGY3MmMifQ%3D%3D\" href='https:\/\/myimoveis.com.br\/wp-content\/uploads\/2025\/09\/15.png'><img decoding=\"async\" width=\"300\" height=\"300\" src=\"https:\/\/myimoveis.com.br\/wp-content\/uploads\/2025\/09\/15-300x300.png\" class=\"attachment-medium size-medium\" alt=\"\" srcset=\"https:\/\/myimoveis.com.br\/wp-content\/uploads\/2025\/09\/15-300x300.png 300w, https:\/\/myimoveis.com.br\/wp-content\/uploads\/2025\/09\/15-1024x1024.png 1024w, https:\/\/myimoveis.com.br\/wp-content\/uploads\/2025\/09\/15-150x150.png 150w, https:\/\/myimoveis.com.br\/wp-content\/uploads\/2025\/09\/15-768x768.png 768w, https:\/\/myimoveis.com.br\/wp-content\/uploads\/2025\/09\/15-230x230.png 230w, https:\/\/myimoveis.com.br\/wp-content\/uploads\/2025\/09\/15-400x400.png 400w, https:\/\/myimoveis.com.br\/wp-content\/uploads\/2025\/09\/15-600x600.png 600w, https:\/\/myimoveis.com.br\/wp-content\/uploads\/2025\/09\/15-640x640.png 640w, https:\/\/myimoveis.com.br\/wp-content\/uploads\/2025\/09\/15.png 1080w\" sizes=\"(max-width: 300px) 100vw, 300px\" \/><\/a>\n\t\t\t<\/div><\/figure><figure class='gallery-item'>\n\t\t\t<div class='gallery-icon landscape'>\n\t\t\t\t<a data-elementor-open-lightbox=\"yes\" data-elementor-lightbox-slideshow=\"a08f72c\" data-elementor-lightbox-title=\"18\" data-e-action-hash=\"#elementor-action%3Aaction%3Dlightbox%26settings%3DeyJpZCI6OTMxLCJ1cmwiOiJodHRwczpcL1wvbXlpbW92ZWlzLmNvbS5iclwvd3AtY29udGVudFwvdXBsb2Fkc1wvMjAyNVwvMDlcLzE4LnBuZyIsInNsaWRlc2hvdyI6ImEwOGY3MmMifQ%3D%3D\" href='https:\/\/myimoveis.com.br\/wp-content\/uploads\/2025\/09\/18.png'><img decoding=\"async\" width=\"300\" height=\"300\" src=\"https:\/\/myimoveis.com.br\/wp-content\/uploads\/2025\/09\/18-300x300.png\" class=\"attachment-medium size-medium\" alt=\"\" srcset=\"https:\/\/myimoveis.com.br\/wp-content\/uploads\/2025\/09\/18-300x300.png 300w, https:\/\/myimoveis.com.br\/wp-content\/uploads\/2025\/09\/18-1024x1024.png 1024w, https:\/\/myimoveis.com.br\/wp-content\/uploads\/2025\/09\/18-150x150.png 150w, https:\/\/myimoveis.com.br\/wp-content\/uploads\/2025\/09\/18-768x768.png 768w, https:\/\/myimoveis.com.br\/wp-content\/uploads\/2025\/09\/18-230x230.png 230w, https:\/\/myimoveis.com.br\/wp-content\/uploads\/2025\/09\/18-400x400.png 400w, https:\/\/myimoveis.com.br\/wp-content\/uploads\/2025\/09\/18-600x600.png 600w, https:\/\/myimoveis.com.br\/wp-content\/uploads\/2025\/09\/18-640x640.png 640w, https:\/\/myimoveis.com.br\/wp-content\/uploads\/2025\/09\/18.png 1080w\" sizes=\"(max-width: 300px) 100vw, 300px\" \/><\/a>\n\t\t\t<\/div><\/figure><figure class='gallery-item'>\n\t\t\t<div class='gallery-icon landscape'>\n\t\t\t\t<a data-elementor-open-lightbox=\"yes\" data-elementor-lightbox-slideshow=\"a08f72c\" data-elementor-lightbox-title=\"19\" data-e-action-hash=\"#elementor-action%3Aaction%3Dlightbox%26settings%3DeyJpZCI6OTMyLCJ1cmwiOiJodHRwczpcL1wvbXlpbW92ZWlzLmNvbS5iclwvd3AtY29udGVudFwvdXBsb2Fkc1wvMjAyNVwvMDlcLzE5LnBuZyIsInNsaWRlc2hvdyI6ImEwOGY3MmMifQ%3D%3D\" href='https:\/\/myimoveis.com.br\/wp-content\/uploads\/2025\/09\/19.png'><img loading=\"lazy\" decoding=\"async\" width=\"300\" height=\"300\" src=\"https:\/\/myimoveis.com.br\/wp-content\/uploads\/2025\/09\/19-300x300.png\" class=\"attachment-medium size-medium\" alt=\"\" srcset=\"https:\/\/myimoveis.com.br\/wp-content\/uploads\/2025\/09\/19-300x300.png 300w, https:\/\/myimoveis.com.br\/wp-content\/uploads\/2025\/09\/19-1024x1024.png 1024w, https:\/\/myimoveis.com.br\/wp-content\/uploads\/2025\/09\/19-150x150.png 150w, https:\/\/myimoveis.com.br\/wp-content\/uploads\/2025\/09\/19-768x768.png 768w, https:\/\/myimoveis.com.br\/wp-content\/uploads\/2025\/09\/19-230x230.png 230w, https:\/\/myimoveis.com.br\/wp-content\/uploads\/2025\/09\/19-400x400.png 400w, https:\/\/myimoveis.com.br\/wp-content\/uploads\/2025\/09\/19-600x600.png 600w, https:\/\/myimoveis.com.br\/wp-content\/uploads\/2025\/09\/19-640x640.png 640w, https:\/\/myimoveis.com.br\/wp-content\/uploads\/2025\/09\/19.png 1080w\" sizes=\"(max-width: 300px) 100vw, 300px\" \/><\/a>\n\t\t\t<\/div><\/figure><figure class='gallery-item'>\n\t\t\t<div class='gallery-icon landscape'>\n\t\t\t\t<a data-elementor-open-lightbox=\"yes\" data-elementor-lightbox-slideshow=\"a08f72c\" data-elementor-lightbox-title=\"5\" data-e-action-hash=\"#elementor-action%3Aaction%3Dlightbox%26settings%3DeyJpZCI6OTIwLCJ1cmwiOiJodHRwczpcL1wvbXlpbW92ZWlzLmNvbS5iclwvd3AtY29udGVudFwvdXBsb2Fkc1wvMjAyNVwvMDlcLzUtNy5wbmciLCJzbGlkZXNob3ciOiJhMDhmNzJjIn0%3D\" href='https:\/\/myimoveis.com.br\/wp-content\/uploads\/2025\/09\/5-7.png'><img loading=\"lazy\" decoding=\"async\" width=\"300\" height=\"300\" src=\"https:\/\/myimoveis.com.br\/wp-content\/uploads\/2025\/09\/5-7-300x300.png\" class=\"attachment-medium size-medium\" alt=\"\" srcset=\"https:\/\/myimoveis.com.br\/wp-content\/uploads\/2025\/09\/5-7-300x300.png 300w, https:\/\/myimoveis.com.br\/wp-content\/uploads\/2025\/09\/5-7-1024x1024.png 1024w, https:\/\/myimoveis.com.br\/wp-content\/uploads\/2025\/09\/5-7-150x150.png 150w, https:\/\/myimoveis.com.br\/wp-content\/uploads\/2025\/09\/5-7-768x768.png 768w, https:\/\/myimoveis.com.br\/wp-content\/uploads\/2025\/09\/5-7-230x230.png 230w, https:\/\/myimoveis.com.br\/wp-content\/uploads\/2025\/09\/5-7-400x400.png 400w, https:\/\/myimoveis.com.br\/wp-content\/uploads\/2025\/09\/5-7-600x600.png 600w, https:\/\/myimoveis.com.br\/wp-content\/uploads\/2025\/09\/5-7-640x640.png 640w, https:\/\/myimoveis.com.br\/wp-content\/uploads\/2025\/09\/5-7.png 1080w\" sizes=\"(max-width: 300px) 100vw, 300px\" \/><\/a>\n\t\t\t<\/div><\/figure>\n\t\t<\/div>\n\t\t<\/div>\n\t\t\t\t\t\t<\/div>\n\t\t\t\t\t<\/div>\n\t\t\t\t<\/div>\n\t\t<div class=\"elementor-element elementor-element-401f811 e-flex e-con-boxed e-con e-parent\" data-id=\"401f811\" data-element_type=\"container\">\n\t\t\t\t\t<div class=\"e-con-inner\">\n\t\t\t\t<div class=\"elementor-element elementor-element-0b86da4 elementor-widget elementor-widget-button\" data-id=\"0b86da4\" data-element_type=\"widget\" data-widget_type=\"button.default\">\n\t\t\t\t\t\t\t\t\t\t<a class=\"elementor-button elementor-button-link elementor-size-sm\" href=\"https:\/\/wa.me\/5567999002171?text=Ol%C3%A1!%20Gostaria%20de%20mais%20informa%C3%A7%C3%B5es.\">\n\t\t\t\t\t\t<span class=\"elementor-button-content-wrapper\">\n\t\t\t\t\t\t\t\t\t<span class=\"elementor-button-text\">Clique a aqui para falar com Corretor(a).<\/span>\n\t\t\t\t\t<\/span>\n\t\t\t\t\t<\/a>\n\t\t\t\t\t\t\t\t<\/div>\n\t\t\t\t<div class=\"elementor-element elementor-element-c8111b0 elementor-widget elementor-widget-button\" data-id=\"c8111b0\" data-element_type=\"widget\" data-widget_type=\"button.default\">\n\t\t\t\t\t\t\t\t\t\t<a class=\"elementor-button elementor-button-link elementor-size-sm\" href=\"https:\/\/myimoveis.com.br\/index.php\/todas-as-fotos-do-imovel-129\/\" target=\"_blank\">\n\t\t\t\t\t\t<span class=\"elementor-button-content-wrapper\">\n\t\t\t\t\t\t\t\t\t<span class=\"elementor-button-text\">VER TODAS AS  FOTOS<\/span>\n\t\t\t\t\t<\/span>\n\t\t\t\t\t<\/a>\n\t\t\t\t\t\t\t\t<\/div>\n\t\t\t\t<div class=\"elementor-element elementor-element-5de6a33 elementor-widget__width-initial elementor-widget elementor-widget-heading\" data-id=\"5de6a33\" data-element_type=\"widget\" data-widget_type=\"heading.default\">\n\t\t\t\t\t<h2 class=\"elementor-heading-title elementor-size-default\">Im\u00f3vel #129<\/h2>\t\t\t\t<\/div>\n\t\t\t\t\t<\/div>\n\t\t\t\t<\/div>\n\t\t<div class=\"elementor-element elementor-element-6c71b83 e-flex e-con-boxed e-con e-parent\" data-id=\"6c71b83\" data-element_type=\"container\">\n\t\t\t\t\t<div class=\"e-con-inner\">\n\t\t\t\t<div class=\"elementor-element elementor-element-6751204 elementor-widget elementor-widget-heading\" data-id=\"6751204\" data-element_type=\"widget\" data-widget_type=\"heading.default\">\n\t\t\t\t\t<h2 class=\"elementor-heading-title elementor-size-default\">Bairro Nova Lima <img decoding=\"async\" role=\"img\" class=\"emoji\" alt=\"\ud83c\udfe0\" src=\"https:\/\/s.w.org\/images\/core\/emoji\/16.0.1\/svg\/1f3e0.svg\"><\/h2>\t\t\t\t<\/div>\n\t\t\t\t<div class=\"elementor-element elementor-element-ba1f5d6 elementor-widget__width-initial elementor-widget-mobile__width-initial elementor-widget elementor-widget-heading\" data-id=\"ba1f5d6\" data-element_type=\"widget\" data-widget_type=\"heading.default\">\n\t\t\t\t\t<h2 class=\"elementor-heading-title elementor-size-default\"><img decoding=\"async\" role=\"img\" class=\"emoji\" alt=\"\ud83d\udd38\" src=\"https:\/\/s.w.org\/images\/core\/emoji\/16.0.1\/svg\/1f538.svg\"> Sala ampla<br><img decoding=\"async\" role=\"img\" class=\"emoji\" alt=\"\ud83d\udd38\" src=\"https:\/\/s.w.org\/images\/core\/emoji\/16.0.1\/svg\/1f538.svg\"> Cozinha individualizada com pia em m\u00e1rmore<br><img decoding=\"async\" role=\"img\" class=\"emoji\" alt=\"\ud83d\udd38\" src=\"https:\/\/s.w.org\/images\/core\/emoji\/16.0.1\/svg\/1f538.svg\"> 3 Quartos, sendo uma su\u00edte<br><img decoding=\"async\" role=\"img\" class=\"emoji\" alt=\"\ud83d\udd38\" src=\"https:\/\/s.w.org\/images\/core\/emoji\/16.0.1\/svg\/1f538.svg\"> Banheiro social com nicho<br><img decoding=\"async\" role=\"img\" class=\"emoji\" alt=\"\ud83d\udd38\" src=\"https:\/\/s.w.org\/images\/core\/emoji\/16.0.1\/svg\/1f538.svg\"> Hall de circula\u00e7\u00e3o<br><img decoding=\"async\" role=\"img\" class=\"emoji\" alt=\"\ud83d\udd38\" src=\"https:\/\/s.w.org\/images\/core\/emoji\/16.0.1\/svg\/1f538.svg\">Janelas em blindex<br><img decoding=\"async\" role=\"img\" class=\"emoji\" alt=\"\ud83d\udd38\" src=\"https:\/\/s.w.org\/images\/core\/emoji\/16.0.1\/svg\/1f538.svg\"> \u00c1rea de servi\u00e7o coberta<br><img decoding=\"async\" role=\"img\" class=\"emoji\" alt=\"\ud83d\udd38\" src=\"https:\/\/s.w.org\/images\/core\/emoji\/16.0.1\/svg\/1f538.svg\"> \u00c1rea gourmet<br><img decoding=\"async\" role=\"img\" class=\"emoji\" alt=\"\ud83d\udd38\" src=\"https:\/\/s.w.org\/images\/core\/emoji\/16.0.1\/svg\/1f538.svg\"> Espa\u00e7o amplo nos fundos<br><img decoding=\"async\" role=\"img\" class=\"emoji\" alt=\"\ud83d\udd38\" src=\"https:\/\/s.w.org\/images\/core\/emoji\/16.0.1\/svg\/1f538.svg\"> Rodap\u00e9<br><img decoding=\"async\" role=\"img\" class=\"emoji\" alt=\"\ud83d\udd38\" src=\"https:\/\/s.w.org\/images\/core\/emoji\/16.0.1\/svg\/1f538.svg\"> Moldura em gesso<br><img decoding=\"async\" role=\"img\" class=\"emoji\" alt=\"\ud83d\udd38\" src=\"https:\/\/s.w.org\/images\/core\/emoji\/16.0.1\/svg\/1f538.svg\"> Port\u00e3o de eleva\u00e7\u00e3o<br><img decoding=\"async\" role=\"img\" class=\"emoji\" alt=\"\ud83d\udd38\" src=\"https:\/\/s.w.org\/images\/core\/emoji\/16.0.1\/svg\/1f538.svg\"> Garagem<br><img decoding=\"async\" role=\"img\" class=\"emoji\" alt=\"\ud83d\udd38\" src=\"https:\/\/s.w.org\/images\/core\/emoji\/16.0.1\/svg\/1f538.svg\"> Cerca el\u00e9trica e concertina.<br><img decoding=\"async\" role=\"img\" class=\"emoji\" alt=\"\ud83d\udd3b\" src=\"https:\/\/s.w.org\/images\/core\/emoji\/16.0.1\/svg\/1f53b.svg\"> \u00c1rea total: 180m\u00b2<br><img decoding=\"async\" role=\"img\" class=\"emoji\" alt=\"\ud83d\udcb0\" src=\"https:\/\/s.w.org\/images\/core\/emoji\/16.0.1\/svg\/1f4b0.svg\"> Investimento no Valor de 375.000,00<br><img decoding=\"async\" role=\"img\" class=\"emoji\" alt=\"\u2755\" src=\"https:\/\/s.w.org\/images\/core\/emoji\/16.0.1\/svg\/2755.svg\">valor sujeito \u00e0 altera\u00e7\u00e3o <br>C\u00f3d: 129<br>\n<img decoding=\"async\" role=\"img\" class=\"emoji\" alt=\"\u23e9\" src=\"https:\/\/s.w.org\/images\/core\/emoji\/16.0.1\/svg\/23e9.svg\">Agende sua visita!<br>\nMaiores informa\u00e7\u00f5es pelo:<br>6799900-2171<br>6798484-3386<br>6798466-3386<br><br><\/h2>\t\t\t\t<\/div>\n\t\t\t\t\t<\/div>\n\t\t\t\t<\/div>\n\t\t<div class=\"elementor-element elementor-element-2733ae5 e-flex e-con-boxed e-con e-parent\" data-id=\"2733ae5\" data-element_type=\"container\">\n\t\t\t\t\t<div class=\"e-con-inner\">\n\t\t\t\t<div class=\"elementor-element elementor-element-1edfe51 elementor-widget__width-initial elementor-widget elementor-widget-image\" data-id=\"1edfe51\" data-element_type=\"widget\" data-widget_type=\"image.default\">\n\t\t\t\t\t\t\t\t\t\t\t\t\t\t\t\t<a href=\"https:\/\/wa.me\/5567999002171?text=Ol%C3%A1!%20Gostaria%20de%20mais%20informa%C3%A7%C3%B5es.\">\n\t\t\t\t\t\t\t<img loading=\"lazy\" decoding=\"async\" width=\"300\" height=\"60\" src=\"https:\/\/myimoveis.com.br\/wp-content\/uploads\/2025\/09\/whats-300x60.png\" class=\"attachment-medium size-medium wp-image-518\" alt=\"\" srcset=\"https:\/\/myimoveis.com.br\/wp-content\/uploads\/2025\/09\/whats-300x60.png 300w, https:\/\/myimoveis.com.br\/wp-content\/uploads\/2025\/09\/whats-1024x204.png 1024w, https:\/\/myimoveis.com.br\/wp-content\/uploads\/2025\/09\/whats-768x153.png 768w, https:\/\/myimoveis.com.br\/wp-content\/uploads\/2025\/09\/whats-600x120.png 600w, https:\/\/myimoveis.com.br\/wp-content\/uploads\/2025\/09\/whats.png 1248w\" sizes=\"(max-width: 300px) 100vw, 300px\" \/>\t\t\t\t\t\t\t\t<\/a>\n\t\t\t\t\t\t\t\t\t\t\t\t\t\t\t<\/div>\n\t\t\t\t\t<\/div>\n\t\t\t\t<\/div>\n\t\t\t\t<\/div>\n\t\t","protected":false},"excerpt":{"rendered":"<p>Clique a aqui para falar com Corretor(a). VER TODAS AS FOTOS Im\u00f3vel #129 Bairro Nova Lima Sala ampla Cozinha individualizada com pia em m\u00e1rmore 3 Quartos, sendo uma su\u00edte Banheiro social com nicho Hall de circula\u00e7\u00e3oJanelas em blindex \u00c1rea de servi\u00e7o coberta \u00c1rea gourmet Espa\u00e7o amplo nos fundos Rodap\u00e9 Moldura em gesso Port\u00e3o de eleva\u00e7\u00e3o [&hellip;]<\/p>\n","protected":false},"author":1,"featured_media":0,"parent":0,"menu_order":0,"comment_status":"closed","ping_status":"closed","template":"","meta":{"footnotes":""},"class_list":["post-918","page","type-page","status-publish","hentry"],"_links":{"self":[{"href":"https:\/\/myimoveis.com.br\/index.php\/wp-json\/wp\/v2\/pages\/918","targetHints":{"allow":["GET"]}}],"collection":[{"href":"https:\/\/myimoveis.com.br\/index.php\/wp-json\/wp\/v2\/pages"}],"about":[{"href":"https:\/\/myimoveis.com.br\/index.php\/wp-json\/wp\/v2\/types\/page"}],"author":[{"embeddable":true,"href":"https:\/\/myimoveis.com.br\/index.php\/wp-json\/wp\/v2\/users\/1"}],"replies":[{"embeddable":true,"href":"https:\/\/myimoveis.com.br\/index.php\/wp-json\/wp\/v2\/comments?post=918"}],"version-history":[{"count":4,"href":"https:\/\/myimoveis.com.br\/index.php\/wp-json\/wp\/v2\/pages\/918\/revisions"}],"predecessor-version":[{"id":940,"href":"https:\/\/myimoveis.com.br\/index.php\/wp-json\/wp\/v2\/pages\/918\/revisions\/940"}],"wp:attachment":[{"href":"https:\/\/myimoveis.com.br\/index.php\/wp-json\/wp\/v2\/media?parent=918"}],"curies":[{"name":"wp","href":"https:\/\/api.w.org\/{rel}","templated":true}]}}