{"id":841,"date":"2025-09-30T15:51:08","date_gmt":"2025-09-30T18:51:08","guid":{"rendered":"https:\/\/myimoveis.com.br\/?page_id=841"},"modified":"2025-09-30T15:54:07","modified_gmt":"2025-09-30T18:54:07","slug":"imovel-016","status":"publish","type":"page","link":"https:\/\/myimoveis.com.br\/index.php\/imovel-016\/","title":{"rendered":"Im\u00f3vel #016"},"content":{"rendered":"\t\t<div data-elementor-type=\"wp-page\" data-elementor-id=\"841\" class=\"elementor elementor-841\">\n\t\t\t\t<div class=\"elementor-element elementor-element-28c5e41 e-grid e-con-boxed e-con e-parent\" data-id=\"28c5e41\" data-element_type=\"container\">\n\t\t\t\t\t<div class=\"e-con-inner\">\n\t\t\t\t<div class=\"elementor-element elementor-element-f9822c7 elementor-widget elementor-widget-image\" data-id=\"f9822c7\" data-element_type=\"widget\" data-widget_type=\"image.default\">\n\t\t\t\t\t\t\t\t\t\t\t\t\t\t\t<img fetchpriority=\"high\" decoding=\"async\" width=\"300\" height=\"300\" src=\"https:\/\/myimoveis.com.br\/wp-content\/uploads\/2025\/09\/4-5-300x300.png\" class=\"attachment-medium size-medium wp-image-846\" alt=\"\" srcset=\"https:\/\/myimoveis.com.br\/wp-content\/uploads\/2025\/09\/4-5-300x300.png 300w, https:\/\/myimoveis.com.br\/wp-content\/uploads\/2025\/09\/4-5-1024x1024.png 1024w, https:\/\/myimoveis.com.br\/wp-content\/uploads\/2025\/09\/4-5-150x150.png 150w, https:\/\/myimoveis.com.br\/wp-content\/uploads\/2025\/09\/4-5-768x768.png 768w, https:\/\/myimoveis.com.br\/wp-content\/uploads\/2025\/09\/4-5-230x230.png 230w, https:\/\/myimoveis.com.br\/wp-content\/uploads\/2025\/09\/4-5-400x400.png 400w, https:\/\/myimoveis.com.br\/wp-content\/uploads\/2025\/09\/4-5-600x600.png 600w, https:\/\/myimoveis.com.br\/wp-content\/uploads\/2025\/09\/4-5-640x640.png 640w, https:\/\/myimoveis.com.br\/wp-content\/uploads\/2025\/09\/4-5.png 1080w\" sizes=\"(max-width: 300px) 100vw, 300px\" \/>\t\t\t\t\t\t\t\t\t\t\t\t\t\t\t<\/div>\n\t\t\t\t<div class=\"elementor-element elementor-element-bd11c0d gallery-spacing-custom elementor-widget__width-initial elementor-widget elementor-widget-image-gallery\" data-id=\"bd11c0d\" data-element_type=\"widget\" data-widget_type=\"image-gallery.default\">\n\t\t\t\t\t\t\t<div class=\"elementor-image-gallery\">\n\t\t\t<div id='gallery-1' class='gallery galleryid-841 gallery-columns-3 gallery-size-medium'><figure class='gallery-item'>\n\t\t\t<div class='gallery-icon landscape'>\n\t\t\t\t<a data-elementor-open-lightbox=\"yes\" data-elementor-lightbox-slideshow=\"bd11c0d\" data-elementor-lightbox-title=\"11\" data-e-action-hash=\"#elementor-action%3Aaction%3Dlightbox%26settings%3DeyJpZCI6ODUzLCJ1cmwiOiJodHRwczpcL1wvbXlpbW92ZWlzLmNvbS5iclwvd3AtY29udGVudFwvdXBsb2Fkc1wvMjAyNVwvMDlcLzExLTMucG5nIiwic2xpZGVzaG93IjoiYmQxMWMwZCJ9\" href='https:\/\/myimoveis.com.br\/wp-content\/uploads\/2025\/09\/11-3.png'><img decoding=\"async\" width=\"300\" height=\"300\" src=\"https:\/\/myimoveis.com.br\/wp-content\/uploads\/2025\/09\/11-3-300x300.png\" class=\"attachment-medium size-medium\" alt=\"\" srcset=\"https:\/\/myimoveis.com.br\/wp-content\/uploads\/2025\/09\/11-3-300x300.png 300w, https:\/\/myimoveis.com.br\/wp-content\/uploads\/2025\/09\/11-3-1024x1024.png 1024w, https:\/\/myimoveis.com.br\/wp-content\/uploads\/2025\/09\/11-3-150x150.png 150w, https:\/\/myimoveis.com.br\/wp-content\/uploads\/2025\/09\/11-3-768x768.png 768w, https:\/\/myimoveis.com.br\/wp-content\/uploads\/2025\/09\/11-3-230x230.png 230w, https:\/\/myimoveis.com.br\/wp-content\/uploads\/2025\/09\/11-3-400x400.png 400w, https:\/\/myimoveis.com.br\/wp-content\/uploads\/2025\/09\/11-3-600x600.png 600w, https:\/\/myimoveis.com.br\/wp-content\/uploads\/2025\/09\/11-3-640x640.png 640w, https:\/\/myimoveis.com.br\/wp-content\/uploads\/2025\/09\/11-3.png 1080w\" sizes=\"(max-width: 300px) 100vw, 300px\" \/><\/a>\n\t\t\t<\/div><\/figure><figure class='gallery-item'>\n\t\t\t<div class='gallery-icon landscape'>\n\t\t\t\t<a data-elementor-open-lightbox=\"yes\" data-elementor-lightbox-slideshow=\"bd11c0d\" data-elementor-lightbox-title=\"8\" data-e-action-hash=\"#elementor-action%3Aaction%3Dlightbox%26settings%3DeyJpZCI6ODUwLCJ1cmwiOiJodHRwczpcL1wvbXlpbW92ZWlzLmNvbS5iclwvd3AtY29udGVudFwvdXBsb2Fkc1wvMjAyNVwvMDlcLzgtNC5wbmciLCJzbGlkZXNob3ciOiJiZDExYzBkIn0%3D\" href='https:\/\/myimoveis.com.br\/wp-content\/uploads\/2025\/09\/8-4.png'><img decoding=\"async\" width=\"300\" height=\"300\" src=\"https:\/\/myimoveis.com.br\/wp-content\/uploads\/2025\/09\/8-4-300x300.png\" class=\"attachment-medium size-medium\" alt=\"\" srcset=\"https:\/\/myimoveis.com.br\/wp-content\/uploads\/2025\/09\/8-4-300x300.png 300w, https:\/\/myimoveis.com.br\/wp-content\/uploads\/2025\/09\/8-4-1024x1024.png 1024w, https:\/\/myimoveis.com.br\/wp-content\/uploads\/2025\/09\/8-4-150x150.png 150w, https:\/\/myimoveis.com.br\/wp-content\/uploads\/2025\/09\/8-4-768x768.png 768w, https:\/\/myimoveis.com.br\/wp-content\/uploads\/2025\/09\/8-4-230x230.png 230w, https:\/\/myimoveis.com.br\/wp-content\/uploads\/2025\/09\/8-4-400x400.png 400w, https:\/\/myimoveis.com.br\/wp-content\/uploads\/2025\/09\/8-4-600x600.png 600w, https:\/\/myimoveis.com.br\/wp-content\/uploads\/2025\/09\/8-4-640x640.png 640w, https:\/\/myimoveis.com.br\/wp-content\/uploads\/2025\/09\/8-4.png 1080w\" sizes=\"(max-width: 300px) 100vw, 300px\" \/><\/a>\n\t\t\t<\/div><\/figure><figure class='gallery-item'>\n\t\t\t<div class='gallery-icon landscape'>\n\t\t\t\t<a data-elementor-open-lightbox=\"yes\" data-elementor-lightbox-slideshow=\"bd11c0d\" data-elementor-lightbox-title=\"13\" data-e-action-hash=\"#elementor-action%3Aaction%3Dlightbox%26settings%3DeyJpZCI6ODU0LCJ1cmwiOiJodHRwczpcL1wvbXlpbW92ZWlzLmNvbS5iclwvd3AtY29udGVudFwvdXBsb2Fkc1wvMjAyNVwvMDlcLzEzLTIucG5nIiwic2xpZGVzaG93IjoiYmQxMWMwZCJ9\" href='https:\/\/myimoveis.com.br\/wp-content\/uploads\/2025\/09\/13-2.png'><img loading=\"lazy\" decoding=\"async\" width=\"300\" height=\"300\" src=\"https:\/\/myimoveis.com.br\/wp-content\/uploads\/2025\/09\/13-2-300x300.png\" class=\"attachment-medium size-medium\" alt=\"\" srcset=\"https:\/\/myimoveis.com.br\/wp-content\/uploads\/2025\/09\/13-2-300x300.png 300w, https:\/\/myimoveis.com.br\/wp-content\/uploads\/2025\/09\/13-2-1024x1024.png 1024w, https:\/\/myimoveis.com.br\/wp-content\/uploads\/2025\/09\/13-2-150x150.png 150w, https:\/\/myimoveis.com.br\/wp-content\/uploads\/2025\/09\/13-2-768x768.png 768w, https:\/\/myimoveis.com.br\/wp-content\/uploads\/2025\/09\/13-2-230x230.png 230w, https:\/\/myimoveis.com.br\/wp-content\/uploads\/2025\/09\/13-2-400x400.png 400w, https:\/\/myimoveis.com.br\/wp-content\/uploads\/2025\/09\/13-2-600x600.png 600w, https:\/\/myimoveis.com.br\/wp-content\/uploads\/2025\/09\/13-2-640x640.png 640w, https:\/\/myimoveis.com.br\/wp-content\/uploads\/2025\/09\/13-2.png 1080w\" sizes=\"(max-width: 300px) 100vw, 300px\" \/><\/a>\n\t\t\t<\/div><\/figure><figure class='gallery-item'>\n\t\t\t<div class='gallery-icon landscape'>\n\t\t\t\t<a data-elementor-open-lightbox=\"yes\" data-elementor-lightbox-slideshow=\"bd11c0d\" data-elementor-lightbox-title=\"4\" data-e-action-hash=\"#elementor-action%3Aaction%3Dlightbox%26settings%3DeyJpZCI6ODQ2LCJ1cmwiOiJodHRwczpcL1wvbXlpbW92ZWlzLmNvbS5iclwvd3AtY29udGVudFwvdXBsb2Fkc1wvMjAyNVwvMDlcLzQtNS5wbmciLCJzbGlkZXNob3ciOiJiZDExYzBkIn0%3D\" href='https:\/\/myimoveis.com.br\/wp-content\/uploads\/2025\/09\/4-5.png'><img loading=\"lazy\" decoding=\"async\" width=\"300\" height=\"300\" src=\"https:\/\/myimoveis.com.br\/wp-content\/uploads\/2025\/09\/4-5-300x300.png\" class=\"attachment-medium size-medium\" alt=\"\" srcset=\"https:\/\/myimoveis.com.br\/wp-content\/uploads\/2025\/09\/4-5-300x300.png 300w, https:\/\/myimoveis.com.br\/wp-content\/uploads\/2025\/09\/4-5-1024x1024.png 1024w, https:\/\/myimoveis.com.br\/wp-content\/uploads\/2025\/09\/4-5-150x150.png 150w, https:\/\/myimoveis.com.br\/wp-content\/uploads\/2025\/09\/4-5-768x768.png 768w, https:\/\/myimoveis.com.br\/wp-content\/uploads\/2025\/09\/4-5-230x230.png 230w, https:\/\/myimoveis.com.br\/wp-content\/uploads\/2025\/09\/4-5-400x400.png 400w, https:\/\/myimoveis.com.br\/wp-content\/uploads\/2025\/09\/4-5-600x600.png 600w, https:\/\/myimoveis.com.br\/wp-content\/uploads\/2025\/09\/4-5-640x640.png 640w, https:\/\/myimoveis.com.br\/wp-content\/uploads\/2025\/09\/4-5.png 1080w\" sizes=\"(max-width: 300px) 100vw, 300px\" \/><\/a>\n\t\t\t<\/div><\/figure>\n\t\t<\/div>\n\t\t<\/div>\n\t\t\t\t\t\t<\/div>\n\t\t\t\t\t<\/div>\n\t\t\t\t<\/div>\n\t\t<div class=\"elementor-element elementor-element-27561fb e-flex e-con-boxed e-con e-parent\" data-id=\"27561fb\" data-element_type=\"container\">\n\t\t\t\t\t<div class=\"e-con-inner\">\n\t\t\t\t<div class=\"elementor-element elementor-element-e253090 elementor-widget elementor-widget-button\" data-id=\"e253090\" data-element_type=\"widget\" data-widget_type=\"button.default\">\n\t\t\t\t\t\t\t\t\t\t<a class=\"elementor-button elementor-button-link elementor-size-sm\" href=\"https:\/\/wa.me\/5567999002171?text=Ol%C3%A1!%20Gostaria%20de%20mais%20informa%C3%A7%C3%B5es.\">\n\t\t\t\t\t\t<span class=\"elementor-button-content-wrapper\">\n\t\t\t\t\t\t\t\t\t<span class=\"elementor-button-text\">Clique a aqui para falar com Corretor(a).<\/span>\n\t\t\t\t\t<\/span>\n\t\t\t\t\t<\/a>\n\t\t\t\t\t\t\t\t<\/div>\n\t\t\t\t<div class=\"elementor-element elementor-element-b26450e elementor-widget elementor-widget-button\" data-id=\"b26450e\" data-element_type=\"widget\" data-widget_type=\"button.default\">\n\t\t\t\t\t\t\t\t\t\t<a class=\"elementor-button elementor-button-link elementor-size-sm\" href=\"https:\/\/myimoveis.com.br\/index.php\/todas-as-fotos-do-imovel-016\/\" target=\"_blank\">\n\t\t\t\t\t\t<span class=\"elementor-button-content-wrapper\">\n\t\t\t\t\t\t\t\t\t<span class=\"elementor-button-text\">VER TODAS AS  FOTOS<\/span>\n\t\t\t\t\t<\/span>\n\t\t\t\t\t<\/a>\n\t\t\t\t\t\t\t\t<\/div>\n\t\t\t\t<div class=\"elementor-element elementor-element-359496c elementor-widget__width-initial elementor-widget elementor-widget-heading\" data-id=\"359496c\" data-element_type=\"widget\" data-widget_type=\"heading.default\">\n\t\t\t\t\t<h2 class=\"elementor-heading-title elementor-size-default\">Im\u00f3vel #016<\/h2>\t\t\t\t<\/div>\n\t\t\t\t\t<\/div>\n\t\t\t\t<\/div>\n\t\t<div class=\"elementor-element elementor-element-d2f5d61 e-flex e-con-boxed e-con e-parent\" data-id=\"d2f5d61\" data-element_type=\"container\">\n\t\t\t\t\t<div class=\"e-con-inner\">\n\t\t\t\t<div class=\"elementor-element elementor-element-7b61488 elementor-widget elementor-widget-heading\" data-id=\"7b61488\" data-element_type=\"widget\" data-widget_type=\"heading.default\">\n\t\t\t\t\t<h2 class=\"elementor-heading-title elementor-size-default\">Bairro Jardim Noroeste <img decoding=\"async\" role=\"img\" class=\"emoji\" alt=\"\ud83c\udfe0\" src=\"https:\/\/s.w.org\/images\/core\/emoji\/16.0.1\/svg\/1f3e0.svg\"><\/h2>\t\t\t\t<\/div>\n\t\t\t\t<div class=\"elementor-element elementor-element-d662dcf elementor-widget__width-initial elementor-widget-mobile__width-initial elementor-widget elementor-widget-heading\" data-id=\"d662dcf\" data-element_type=\"widget\" data-widget_type=\"heading.default\">\n\t\t\t\t\t<h2 class=\"elementor-heading-title elementor-size-default\"><img decoding=\"async\" role=\"img\" class=\"emoji\" alt=\"\ud83d\udd38\" src=\"https:\/\/s.w.org\/images\/core\/emoji\/16.0.1\/svg\/1f538.svg\"> Sala tipo americana<br><img decoding=\"async\" role=\"img\" class=\"emoji\" alt=\"\ud83d\udd38\" src=\"https:\/\/s.w.org\/images\/core\/emoji\/16.0.1\/svg\/1f538.svg\"> Cozinha com pia em m\u00e1rmore<br><img decoding=\"async\" role=\"img\" class=\"emoji\" alt=\"\ud83d\udd38\" src=\"https:\/\/s.w.org\/images\/core\/emoji\/16.0.1\/svg\/1f538.svg\"> 2 quartos, sendo uma su\u00edte<br><img decoding=\"async\" role=\"img\" class=\"emoji\" alt=\"\ud83d\udd38\" src=\"https:\/\/s.w.org\/images\/core\/emoji\/16.0.1\/svg\/1f538.svg\"> Banheiro social<br><img decoding=\"async\" role=\"img\" class=\"emoji\" alt=\"\ud83d\udd38\" src=\"https:\/\/s.w.org\/images\/core\/emoji\/16.0.1\/svg\/1f538.svg\"> Hall de circula\u00e7\u00e3o<br><img decoding=\"async\" role=\"img\" class=\"emoji\" alt=\"\ud83d\udd38\" src=\"https:\/\/s.w.org\/images\/core\/emoji\/16.0.1\/svg\/1f538.svg\"> Lavanderia coberta<br><img decoding=\"async\" role=\"img\" class=\"emoji\" alt=\"\ud83d\udd38\" src=\"https:\/\/s.w.org\/images\/core\/emoji\/16.0.1\/svg\/1f538.svg\"> Garagem com vaga para at\u00e9 dois carros<br><img decoding=\"async\" role=\"img\" class=\"emoji\" alt=\"\ud83d\udd38\" src=\"https:\/\/s.w.org\/images\/core\/emoji\/16.0.1\/svg\/1f538.svg\"> Port\u00e3o de eleva\u00e7\u00e3o<br><img decoding=\"async\" role=\"img\" class=\"emoji\" alt=\"\ud83d\udd38\" src=\"https:\/\/s.w.org\/images\/core\/emoji\/16.0.1\/svg\/1f538.svg\">Amplo espa\u00e7o nos fundos<br><img decoding=\"async\" role=\"img\" class=\"emoji\" alt=\"\ud83d\udd38\" src=\"https:\/\/s.w.org\/images\/core\/emoji\/16.0.1\/svg\/1f538.svg\"> Concertina.<br><img decoding=\"async\" role=\"img\" class=\"emoji\" alt=\"\ud83d\udd3a\" src=\"https:\/\/s.w.org\/images\/core\/emoji\/16.0.1\/svg\/1f53a.svg\">\u00c1rea total: 180m\u00b2 <br><img decoding=\"async\" role=\"img\" class=\"emoji\" alt=\"\ud83d\udd3b\" src=\"https:\/\/s.w.org\/images\/core\/emoji\/16.0.1\/svg\/1f53b.svg\">\u00c1rea constru\u00edda: 66m\u00b2<br>                                                                                                                                                                                                                                                                                              \n<img decoding=\"async\" role=\"img\" class=\"emoji\" alt=\"\u2b55\" src=\"https:\/\/s.w.org\/images\/core\/emoji\/16.0.1\/svg\/2b55.svg\">INVESTIMENTO de <img decoding=\"async\" role=\"img\" class=\"emoji\" alt=\"\ud83d\udcb0\" src=\"https:\/\/s.w.org\/images\/core\/emoji\/16.0.1\/svg\/1f4b0.svg\"> R$ 280.000,00* <img decoding=\"async\" role=\"img\" class=\"emoji\" alt=\"\u26a0\" src=\"https:\/\/s.w.org\/images\/core\/emoji\/16.0.1\/svg\/26a0.svg\">valor sujeito a altera\u00e7\u00f5es <img decoding=\"async\" role=\"img\" class=\"emoji\" alt=\"\u26a0\" src=\"https:\/\/s.w.org\/images\/core\/emoji\/16.0.1\/svg\/26a0.svg\"><br>\n<img decoding=\"async\" role=\"img\" class=\"emoji\" alt=\"\u2198\" src=\"https:\/\/s.w.org\/images\/core\/emoji\/16.0.1\/svg\/2198.svg\"> Sujeito a aprova\u00e7\u00e3o em qualquer banco!<br>\n<img decoding=\"async\" role=\"img\" class=\"emoji\" alt=\"\u23e9\" src=\"https:\/\/s.w.org\/images\/core\/emoji\/16.0.1\/svg\/23e9.svg\">Agende sua visita!<br>\nMaiores informa\u00e7\u00f5es pelo:<br>6799900-2171<br>6798484-3386<br>6798466-3386<br><\/h2>\t\t\t\t<\/div>\n\t\t\t\t\t<\/div>\n\t\t\t\t<\/div>\n\t\t<div class=\"elementor-element elementor-element-428288b e-flex e-con-boxed e-con e-parent\" data-id=\"428288b\" data-element_type=\"container\">\n\t\t\t\t\t<div class=\"e-con-inner\">\n\t\t\t\t<div class=\"elementor-element elementor-element-918f5a3 elementor-widget__width-initial elementor-widget elementor-widget-image\" data-id=\"918f5a3\" data-element_type=\"widget\" data-widget_type=\"image.default\">\n\t\t\t\t\t\t\t\t\t\t\t\t\t\t\t\t<a href=\"https:\/\/wa.me\/5567999002171?text=Ol%C3%A1!%20Gostaria%20de%20mais%20informa%C3%A7%C3%B5es.\">\n\t\t\t\t\t\t\t<img loading=\"lazy\" decoding=\"async\" width=\"300\" height=\"60\" src=\"https:\/\/myimoveis.com.br\/wp-content\/uploads\/2025\/09\/whats-300x60.png\" class=\"attachment-medium size-medium wp-image-518\" alt=\"\" srcset=\"https:\/\/myimoveis.com.br\/wp-content\/uploads\/2025\/09\/whats-300x60.png 300w, https:\/\/myimoveis.com.br\/wp-content\/uploads\/2025\/09\/whats-1024x204.png 1024w, https:\/\/myimoveis.com.br\/wp-content\/uploads\/2025\/09\/whats-768x153.png 768w, https:\/\/myimoveis.com.br\/wp-content\/uploads\/2025\/09\/whats-600x120.png 600w, https:\/\/myimoveis.com.br\/wp-content\/uploads\/2025\/09\/whats.png 1248w\" sizes=\"(max-width: 300px) 100vw, 300px\" \/>\t\t\t\t\t\t\t\t<\/a>\n\t\t\t\t\t\t\t\t\t\t\t\t\t\t\t<\/div>\n\t\t\t\t\t<\/div>\n\t\t\t\t<\/div>\n\t\t\t\t<\/div>\n\t\t","protected":false},"excerpt":{"rendered":"<p>Clique a aqui para falar com Corretor(a). VER TODAS AS FOTOS Im\u00f3vel #016 Bairro Jardim Noroeste Sala tipo americana Cozinha com pia em m\u00e1rmore 2 quartos, sendo uma su\u00edte Banheiro social Hall de circula\u00e7\u00e3o Lavanderia coberta Garagem com vaga para at\u00e9 dois carros Port\u00e3o de eleva\u00e7\u00e3oAmplo espa\u00e7o nos fundos Concertina.\u00c1rea total: 180m\u00b2 \u00c1rea constru\u00edda: 66m\u00b2 [&hellip;]<\/p>\n","protected":false},"author":1,"featured_media":0,"parent":0,"menu_order":0,"comment_status":"closed","ping_status":"closed","template":"","meta":{"footnotes":""},"class_list":["post-841","page","type-page","status-publish","hentry"],"_links":{"self":[{"href":"https:\/\/myimoveis.com.br\/index.php\/wp-json\/wp\/v2\/pages\/841","targetHints":{"allow":["GET"]}}],"collection":[{"href":"https:\/\/myimoveis.com.br\/index.php\/wp-json\/wp\/v2\/pages"}],"about":[{"href":"https:\/\/myimoveis.com.br\/index.php\/wp-json\/wp\/v2\/types\/page"}],"author":[{"embeddable":true,"href":"https:\/\/myimoveis.com.br\/index.php\/wp-json\/wp\/v2\/users\/1"}],"replies":[{"embeddable":true,"href":"https:\/\/myimoveis.com.br\/index.php\/wp-json\/wp\/v2\/comments?post=841"}],"version-history":[{"count":3,"href":"https:\/\/myimoveis.com.br\/index.php\/wp-json\/wp\/v2\/pages\/841\/revisions"}],"predecessor-version":[{"id":861,"href":"https:\/\/myimoveis.com.br\/index.php\/wp-json\/wp\/v2\/pages\/841\/revisions\/861"}],"wp:attachment":[{"href":"https:\/\/myimoveis.com.br\/index.php\/wp-json\/wp\/v2\/media?parent=841"}],"curies":[{"name":"wp","href":"https:\/\/api.w.org\/{rel}","templated":true}]}}