{"id":639,"date":"2025-09-29T16:29:40","date_gmt":"2025-09-29T19:29:40","guid":{"rendered":"https:\/\/myimoveis.com.br\/?page_id=639"},"modified":"2025-09-30T11:25:09","modified_gmt":"2025-09-30T14:25:09","slug":"imovel-128","status":"publish","type":"page","link":"https:\/\/myimoveis.com.br\/index.php\/imovel-128\/","title":{"rendered":"Im\u00f3vel #128"},"content":{"rendered":"\t\t<div data-elementor-type=\"wp-page\" data-elementor-id=\"639\" class=\"elementor elementor-639\">\n\t\t\t\t<div class=\"elementor-element elementor-element-e0d8376 e-grid e-con-boxed e-con e-parent\" data-id=\"e0d8376\" data-element_type=\"container\">\n\t\t\t\t\t<div class=\"e-con-inner\">\n\t\t\t\t<div class=\"elementor-element elementor-element-81018f9 elementor-widget elementor-widget-image\" data-id=\"81018f9\" data-element_type=\"widget\" data-widget_type=\"image.default\">\n\t\t\t\t\t\t\t\t\t\t\t\t\t\t\t<img fetchpriority=\"high\" decoding=\"async\" width=\"300\" height=\"300\" src=\"https:\/\/myimoveis.com.br\/wp-content\/uploads\/2025\/09\/4-1-300x300.png\" class=\"attachment-medium size-medium wp-image-641\" alt=\"\" srcset=\"https:\/\/myimoveis.com.br\/wp-content\/uploads\/2025\/09\/4-1-300x300.png 300w, https:\/\/myimoveis.com.br\/wp-content\/uploads\/2025\/09\/4-1-1024x1024.png 1024w, https:\/\/myimoveis.com.br\/wp-content\/uploads\/2025\/09\/4-1-150x150.png 150w, https:\/\/myimoveis.com.br\/wp-content\/uploads\/2025\/09\/4-1-768x768.png 768w, https:\/\/myimoveis.com.br\/wp-content\/uploads\/2025\/09\/4-1-230x230.png 230w, https:\/\/myimoveis.com.br\/wp-content\/uploads\/2025\/09\/4-1-400x400.png 400w, https:\/\/myimoveis.com.br\/wp-content\/uploads\/2025\/09\/4-1-600x600.png 600w, https:\/\/myimoveis.com.br\/wp-content\/uploads\/2025\/09\/4-1-640x640.png 640w, https:\/\/myimoveis.com.br\/wp-content\/uploads\/2025\/09\/4-1.png 1080w\" sizes=\"(max-width: 300px) 100vw, 300px\" \/>\t\t\t\t\t\t\t\t\t\t\t\t\t\t\t<\/div>\n\t\t\t\t<div class=\"elementor-element elementor-element-8fabf1d gallery-spacing-custom elementor-widget__width-initial elementor-widget elementor-widget-image-gallery\" data-id=\"8fabf1d\" data-element_type=\"widget\" data-widget_type=\"image-gallery.default\">\n\t\t\t\t\t\t\t<div class=\"elementor-image-gallery\">\n\t\t\t<div id='gallery-1' class='gallery galleryid-639 gallery-columns-3 gallery-size-medium'><figure class='gallery-item'>\n\t\t\t<div class='gallery-icon landscape'>\n\t\t\t\t<a data-elementor-open-lightbox=\"yes\" data-elementor-lightbox-slideshow=\"8fabf1d\" data-elementor-lightbox-title=\"6\" data-e-action-hash=\"#elementor-action%3Aaction%3Dlightbox%26settings%3DeyJpZCI6NjQzLCJ1cmwiOiJodHRwczpcL1wvbXlpbW92ZWlzLmNvbS5iclwvd3AtY29udGVudFwvdXBsb2Fkc1wvMjAyNVwvMDlcLzYtMS5wbmciLCJzbGlkZXNob3ciOiI4ZmFiZjFkIn0%3D\" href='https:\/\/myimoveis.com.br\/wp-content\/uploads\/2025\/09\/6-1.png'><img decoding=\"async\" width=\"300\" height=\"300\" src=\"https:\/\/myimoveis.com.br\/wp-content\/uploads\/2025\/09\/6-1-300x300.png\" class=\"attachment-medium size-medium\" alt=\"\" srcset=\"https:\/\/myimoveis.com.br\/wp-content\/uploads\/2025\/09\/6-1-300x300.png 300w, https:\/\/myimoveis.com.br\/wp-content\/uploads\/2025\/09\/6-1-1024x1024.png 1024w, https:\/\/myimoveis.com.br\/wp-content\/uploads\/2025\/09\/6-1-150x150.png 150w, https:\/\/myimoveis.com.br\/wp-content\/uploads\/2025\/09\/6-1-768x768.png 768w, https:\/\/myimoveis.com.br\/wp-content\/uploads\/2025\/09\/6-1-230x230.png 230w, https:\/\/myimoveis.com.br\/wp-content\/uploads\/2025\/09\/6-1-400x400.png 400w, https:\/\/myimoveis.com.br\/wp-content\/uploads\/2025\/09\/6-1-600x600.png 600w, https:\/\/myimoveis.com.br\/wp-content\/uploads\/2025\/09\/6-1-640x640.png 640w, https:\/\/myimoveis.com.br\/wp-content\/uploads\/2025\/09\/6-1.png 1080w\" sizes=\"(max-width: 300px) 100vw, 300px\" \/><\/a>\n\t\t\t<\/div><\/figure><figure class='gallery-item'>\n\t\t\t<div class='gallery-icon landscape'>\n\t\t\t\t<a data-elementor-open-lightbox=\"yes\" data-elementor-lightbox-slideshow=\"8fabf1d\" data-elementor-lightbox-title=\"10\" data-e-action-hash=\"#elementor-action%3Aaction%3Dlightbox%26settings%3DeyJpZCI6NjQ3LCJ1cmwiOiJodHRwczpcL1wvbXlpbW92ZWlzLmNvbS5iclwvd3AtY29udGVudFwvdXBsb2Fkc1wvMjAyNVwvMDlcLzEwLTEucG5nIiwic2xpZGVzaG93IjoiOGZhYmYxZCJ9\" href='https:\/\/myimoveis.com.br\/wp-content\/uploads\/2025\/09\/10-1.png'><img decoding=\"async\" width=\"300\" height=\"300\" src=\"https:\/\/myimoveis.com.br\/wp-content\/uploads\/2025\/09\/10-1-300x300.png\" class=\"attachment-medium size-medium\" alt=\"\" srcset=\"https:\/\/myimoveis.com.br\/wp-content\/uploads\/2025\/09\/10-1-300x300.png 300w, https:\/\/myimoveis.com.br\/wp-content\/uploads\/2025\/09\/10-1-1024x1024.png 1024w, https:\/\/myimoveis.com.br\/wp-content\/uploads\/2025\/09\/10-1-150x150.png 150w, https:\/\/myimoveis.com.br\/wp-content\/uploads\/2025\/09\/10-1-768x768.png 768w, https:\/\/myimoveis.com.br\/wp-content\/uploads\/2025\/09\/10-1-230x230.png 230w, https:\/\/myimoveis.com.br\/wp-content\/uploads\/2025\/09\/10-1-400x400.png 400w, https:\/\/myimoveis.com.br\/wp-content\/uploads\/2025\/09\/10-1-600x600.png 600w, https:\/\/myimoveis.com.br\/wp-content\/uploads\/2025\/09\/10-1-640x640.png 640w, https:\/\/myimoveis.com.br\/wp-content\/uploads\/2025\/09\/10-1.png 1080w\" sizes=\"(max-width: 300px) 100vw, 300px\" \/><\/a>\n\t\t\t<\/div><\/figure><figure class='gallery-item'>\n\t\t\t<div class='gallery-icon landscape'>\n\t\t\t\t<a data-elementor-open-lightbox=\"yes\" data-elementor-lightbox-slideshow=\"8fabf1d\" data-elementor-lightbox-title=\"11\" data-e-action-hash=\"#elementor-action%3Aaction%3Dlightbox%26settings%3DeyJpZCI6NjQ4LCJ1cmwiOiJodHRwczpcL1wvbXlpbW92ZWlzLmNvbS5iclwvd3AtY29udGVudFwvdXBsb2Fkc1wvMjAyNVwvMDlcLzExLTEucG5nIiwic2xpZGVzaG93IjoiOGZhYmYxZCJ9\" href='https:\/\/myimoveis.com.br\/wp-content\/uploads\/2025\/09\/11-1.png'><img loading=\"lazy\" decoding=\"async\" width=\"300\" height=\"300\" src=\"https:\/\/myimoveis.com.br\/wp-content\/uploads\/2025\/09\/11-1-300x300.png\" class=\"attachment-medium size-medium\" alt=\"\" srcset=\"https:\/\/myimoveis.com.br\/wp-content\/uploads\/2025\/09\/11-1-300x300.png 300w, https:\/\/myimoveis.com.br\/wp-content\/uploads\/2025\/09\/11-1-1024x1024.png 1024w, https:\/\/myimoveis.com.br\/wp-content\/uploads\/2025\/09\/11-1-150x150.png 150w, https:\/\/myimoveis.com.br\/wp-content\/uploads\/2025\/09\/11-1-768x768.png 768w, https:\/\/myimoveis.com.br\/wp-content\/uploads\/2025\/09\/11-1-230x230.png 230w, https:\/\/myimoveis.com.br\/wp-content\/uploads\/2025\/09\/11-1-400x400.png 400w, https:\/\/myimoveis.com.br\/wp-content\/uploads\/2025\/09\/11-1-600x600.png 600w, https:\/\/myimoveis.com.br\/wp-content\/uploads\/2025\/09\/11-1-640x640.png 640w, https:\/\/myimoveis.com.br\/wp-content\/uploads\/2025\/09\/11-1.png 1080w\" sizes=\"(max-width: 300px) 100vw, 300px\" \/><\/a>\n\t\t\t<\/div><\/figure><figure class='gallery-item'>\n\t\t\t<div class='gallery-icon landscape'>\n\t\t\t\t<a data-elementor-open-lightbox=\"yes\" data-elementor-lightbox-slideshow=\"8fabf1d\" data-elementor-lightbox-title=\"4\" data-e-action-hash=\"#elementor-action%3Aaction%3Dlightbox%26settings%3DeyJpZCI6NjQxLCJ1cmwiOiJodHRwczpcL1wvbXlpbW92ZWlzLmNvbS5iclwvd3AtY29udGVudFwvdXBsb2Fkc1wvMjAyNVwvMDlcLzQtMS5wbmciLCJzbGlkZXNob3ciOiI4ZmFiZjFkIn0%3D\" href='https:\/\/myimoveis.com.br\/wp-content\/uploads\/2025\/09\/4-1.png'><img loading=\"lazy\" decoding=\"async\" width=\"300\" height=\"300\" src=\"https:\/\/myimoveis.com.br\/wp-content\/uploads\/2025\/09\/4-1-300x300.png\" class=\"attachment-medium size-medium\" alt=\"\" srcset=\"https:\/\/myimoveis.com.br\/wp-content\/uploads\/2025\/09\/4-1-300x300.png 300w, https:\/\/myimoveis.com.br\/wp-content\/uploads\/2025\/09\/4-1-1024x1024.png 1024w, https:\/\/myimoveis.com.br\/wp-content\/uploads\/2025\/09\/4-1-150x150.png 150w, https:\/\/myimoveis.com.br\/wp-content\/uploads\/2025\/09\/4-1-768x768.png 768w, https:\/\/myimoveis.com.br\/wp-content\/uploads\/2025\/09\/4-1-230x230.png 230w, https:\/\/myimoveis.com.br\/wp-content\/uploads\/2025\/09\/4-1-400x400.png 400w, https:\/\/myimoveis.com.br\/wp-content\/uploads\/2025\/09\/4-1-600x600.png 600w, https:\/\/myimoveis.com.br\/wp-content\/uploads\/2025\/09\/4-1-640x640.png 640w, https:\/\/myimoveis.com.br\/wp-content\/uploads\/2025\/09\/4-1.png 1080w\" sizes=\"(max-width: 300px) 100vw, 300px\" \/><\/a>\n\t\t\t<\/div><\/figure>\n\t\t<\/div>\n\t\t<\/div>\n\t\t\t\t\t\t<\/div>\n\t\t\t\t\t<\/div>\n\t\t\t\t<\/div>\n\t\t<div class=\"elementor-element elementor-element-d532569 e-flex e-con-boxed e-con e-parent\" data-id=\"d532569\" data-element_type=\"container\">\n\t\t\t\t\t<div class=\"e-con-inner\">\n\t\t\t\t<div class=\"elementor-element elementor-element-46e3e9d elementor-widget elementor-widget-button\" data-id=\"46e3e9d\" data-element_type=\"widget\" data-widget_type=\"button.default\">\n\t\t\t\t\t\t\t\t\t\t<a class=\"elementor-button elementor-button-link elementor-size-sm\" href=\"https:\/\/wa.me\/5567999002171?text=Ol%C3%A1!%20Gostaria%20de%20mais%20informa%C3%A7%C3%B5es.\">\n\t\t\t\t\t\t<span class=\"elementor-button-content-wrapper\">\n\t\t\t\t\t\t\t\t\t<span class=\"elementor-button-text\">Clique a aqui para falar com Corretor(a).<\/span>\n\t\t\t\t\t<\/span>\n\t\t\t\t\t<\/a>\n\t\t\t\t\t\t\t\t<\/div>\n\t\t\t\t<div class=\"elementor-element elementor-element-fd9224d elementor-widget elementor-widget-button\" data-id=\"fd9224d\" data-element_type=\"widget\" data-widget_type=\"button.default\">\n\t\t\t\t\t\t\t\t\t\t<a class=\"elementor-button elementor-button-link elementor-size-sm\" href=\"https:\/\/myimoveis.com.br\/index.php\/todas-as-fotos-do-imovel-128\/\" target=\"_blank\">\n\t\t\t\t\t\t<span class=\"elementor-button-content-wrapper\">\n\t\t\t\t\t\t\t\t\t<span class=\"elementor-button-text\">VER TODAS AS  FOTOS<\/span>\n\t\t\t\t\t<\/span>\n\t\t\t\t\t<\/a>\n\t\t\t\t\t\t\t\t<\/div>\n\t\t\t\t<div class=\"elementor-element elementor-element-87aa387 elementor-widget__width-initial elementor-widget elementor-widget-heading\" data-id=\"87aa387\" data-element_type=\"widget\" data-widget_type=\"heading.default\">\n\t\t\t\t\t<h2 class=\"elementor-heading-title elementor-size-default\">Im\u00f3vel #128<\/h2>\t\t\t\t<\/div>\n\t\t\t\t\t<\/div>\n\t\t\t\t<\/div>\n\t\t<div class=\"elementor-element elementor-element-f8d6e47 e-flex e-con-boxed e-con e-parent\" data-id=\"f8d6e47\" data-element_type=\"container\">\n\t\t\t\t\t<div class=\"e-con-inner\">\n\t\t\t\t<div class=\"elementor-element elementor-element-766f17d elementor-widget elementor-widget-heading\" data-id=\"766f17d\" data-element_type=\"widget\" data-widget_type=\"heading.default\">\n\t\t\t\t\t<h2 class=\"elementor-heading-title elementor-size-default\">Bairro Bela Laguna \ud83c\udfe1<\/h2>\t\t\t\t<\/div>\n\t\t\t\t<div class=\"elementor-element elementor-element-9d7ce02 elementor-widget elementor-widget-heading\" data-id=\"9d7ce02\" data-element_type=\"widget\" data-widget_type=\"heading.default\">\n\t\t\t\t\t<h2 class=\"elementor-heading-title elementor-size-default\"><img decoding=\"async\" role=\"img\" class=\"emoji\" alt=\"\ud83d\udd38\" src=\"https:\/\/s.w.org\/images\/core\/emoji\/16.0.1\/svg\/1f538.svg\"> Faxada moderna<br><br><img decoding=\"async\" role=\"img\" class=\"emoji\" alt=\"\ud83d\udd38\" src=\"https:\/\/s.w.org\/images\/core\/emoji\/16.0.1\/svg\/1f538.svg\"> Sala ampla<br>                                                                                                                                                                                                                                                                                                                                                                                                                                                                                                                                             <img decoding=\"async\" role=\"img\" class=\"emoji\" alt=\"\ud83d\udd38\" src=\"https:\/\/s.w.org\/images\/core\/emoji\/16.0.1\/svg\/1f538.svg\"> Cozinha individualizada<br>\n<img decoding=\"async\" role=\"img\" class=\"emoji\" alt=\"\ud83d\udd38\" src=\"https:\/\/s.w.org\/images\/core\/emoji\/16.0.1\/svg\/1f538.svg\"> 2 quartos<br>\n<img decoding=\"async\" role=\"img\" class=\"emoji\" alt=\"\ud83d\udd38\" src=\"https:\/\/s.w.org\/images\/core\/emoji\/16.0.1\/svg\/1f538.svg\"> Banheiro social<br>\n<img decoding=\"async\" role=\"img\" class=\"emoji\" alt=\"\ud83d\udd38\" src=\"https:\/\/s.w.org\/images\/core\/emoji\/16.0.1\/svg\/1f538.svg\"> Lavanderia coberta<br>\n<img decoding=\"async\" role=\"img\" class=\"emoji\" alt=\"\ud83d\udd38\" src=\"https:\/\/s.w.org\/images\/core\/emoji\/16.0.1\/svg\/1f538.svg\"> Rodap\u00e9 embutido<br>\n<img decoding=\"async\" role=\"img\" class=\"emoji\" alt=\"\ud83d\udd38\" src=\"https:\/\/s.w.org\/images\/core\/emoji\/16.0.1\/svg\/1f538.svg\"> Ilumina\u00e7\u00e3o em led<br>\n<img decoding=\"async\" role=\"img\" class=\"emoji\" alt=\"\ud83d\udd38\" src=\"https:\/\/s.w.org\/images\/core\/emoji\/16.0.1\/svg\/1f538.svg\"> Moldura em gesso<br>\n<img decoding=\"async\" role=\"img\" class=\"emoji\" alt=\"\ud83d\udd38\" src=\"https:\/\/s.w.org\/images\/core\/emoji\/16.0.1\/svg\/1f538.svg\"> Janelas em blindex<br>\n<img decoding=\"async\" role=\"img\" class=\"emoji\" alt=\"\ud83d\udd38\" src=\"https:\/\/s.w.org\/images\/core\/emoji\/16.0.1\/svg\/1f538.svg\"> Garagem<br>\n<img decoding=\"async\" role=\"img\" class=\"emoji\" alt=\"\ud83d\udd38\" src=\"https:\/\/s.w.org\/images\/core\/emoji\/16.0.1\/svg\/1f538.svg\"> Varanda<br>\n<img decoding=\"async\" role=\"img\" class=\"emoji\" alt=\"\ud83d\udd38\" src=\"https:\/\/s.w.org\/images\/core\/emoji\/16.0.1\/svg\/1f538.svg\"> Port\u00e3o de eleva\u00e7\u00e3o<br>\n<img decoding=\"async\" role=\"img\" class=\"emoji\" alt=\"\ud83d\udd38\" src=\"https:\/\/s.w.org\/images\/core\/emoji\/16.0.1\/svg\/1f538.svg\"> Espa\u00e7o nos fundos<br>\n                                                                                                                                                                                                                                                                      \n<img decoding=\"async\" role=\"img\" class=\"emoji\" alt=\"\ud83d\udcb0\" src=\"https:\/\/s.w.org\/images\/core\/emoji\/16.0.1\/svg\/1f4b0.svg\"> Valor de: 230.000,00 (sujeito a altera\u00e7\u00e3o)<br>C\u00f3d: 128<br><img decoding=\"async\" role=\"img\" class=\"emoji\" alt=\"\ud83c\udfe6\" src=\"https:\/\/s.w.org\/images\/core\/emoji\/16.0.1\/svg\/1f3e6.svg\"> Auxiliamos voc\u00ea com a aprova\u00e7\u00e3o de cr\u00e9dito.<br><img decoding=\"async\" role=\"img\" class=\"emoji\" alt=\"\u23e9\" src=\"https:\/\/s.w.org\/images\/core\/emoji\/16.0.1\/svg\/23e9.svg\">Agende sua visita!<br>\n\nMaiores informa\u00e7\u00f5es pelo:<br>6799900-2171<br>6798484-3386<br>6798466-3386<\/h2>\t\t\t\t<\/div>\n\t\t\t\t\t<\/div>\n\t\t\t\t<\/div>\n\t\t<div class=\"elementor-element elementor-element-907256b e-flex e-con-boxed e-con e-parent\" data-id=\"907256b\" data-element_type=\"container\">\n\t\t\t\t\t<div class=\"e-con-inner\">\n\t\t\t\t<div class=\"elementor-element elementor-element-ccf69a1 elementor-widget__width-initial elementor-widget elementor-widget-image\" data-id=\"ccf69a1\" data-element_type=\"widget\" data-widget_type=\"image.default\">\n\t\t\t\t\t\t\t\t\t\t\t\t\t\t\t\t<a href=\"https:\/\/wa.me\/5567999002171?text=Ol%C3%A1!%20Gostaria%20de%20mais%20informa%C3%A7%C3%B5es.\">\n\t\t\t\t\t\t\t<img loading=\"lazy\" decoding=\"async\" width=\"300\" height=\"60\" src=\"https:\/\/myimoveis.com.br\/wp-content\/uploads\/2025\/09\/whats-300x60.png\" class=\"attachment-medium size-medium wp-image-518\" alt=\"\" srcset=\"https:\/\/myimoveis.com.br\/wp-content\/uploads\/2025\/09\/whats-300x60.png 300w, https:\/\/myimoveis.com.br\/wp-content\/uploads\/2025\/09\/whats-1024x204.png 1024w, https:\/\/myimoveis.com.br\/wp-content\/uploads\/2025\/09\/whats-768x153.png 768w, https:\/\/myimoveis.com.br\/wp-content\/uploads\/2025\/09\/whats-600x120.png 600w, https:\/\/myimoveis.com.br\/wp-content\/uploads\/2025\/09\/whats.png 1248w\" sizes=\"(max-width: 300px) 100vw, 300px\" \/>\t\t\t\t\t\t\t\t<\/a>\n\t\t\t\t\t\t\t\t\t\t\t\t\t\t\t<\/div>\n\t\t\t\t\t<\/div>\n\t\t\t\t<\/div>\n\t\t\t\t<\/div>\n\t\t","protected":false},"excerpt":{"rendered":"<p>Clique a aqui para falar com Corretor(a). VER TODAS AS FOTOS Im\u00f3vel #128 Bairro Bela Laguna \ud83c\udfe1 Faxada moderna Sala ampla Cozinha individualizada 2 quartos Banheiro social Lavanderia coberta Rodap\u00e9 embutido Ilumina\u00e7\u00e3o em led Moldura em gesso Janelas em blindex Garagem Varanda Port\u00e3o de eleva\u00e7\u00e3o Espa\u00e7o nos fundos Valor de: 230.000,00 (sujeito a altera\u00e7\u00e3o)C\u00f3d: 128 [&hellip;]<\/p>\n","protected":false},"author":1,"featured_media":0,"parent":0,"menu_order":0,"comment_status":"closed","ping_status":"closed","template":"","meta":{"footnotes":""},"class_list":["post-639","page","type-page","status-publish","hentry"],"_links":{"self":[{"href":"https:\/\/myimoveis.com.br\/index.php\/wp-json\/wp\/v2\/pages\/639","targetHints":{"allow":["GET"]}}],"collection":[{"href":"https:\/\/myimoveis.com.br\/index.php\/wp-json\/wp\/v2\/pages"}],"about":[{"href":"https:\/\/myimoveis.com.br\/index.php\/wp-json\/wp\/v2\/types\/page"}],"author":[{"embeddable":true,"href":"https:\/\/myimoveis.com.br\/index.php\/wp-json\/wp\/v2\/users\/1"}],"replies":[{"embeddable":true,"href":"https:\/\/myimoveis.com.br\/index.php\/wp-json\/wp\/v2\/comments?post=639"}],"version-history":[{"count":19,"href":"https:\/\/myimoveis.com.br\/index.php\/wp-json\/wp\/v2\/pages\/639\/revisions"}],"predecessor-version":[{"id":833,"href":"https:\/\/myimoveis.com.br\/index.php\/wp-json\/wp\/v2\/pages\/639\/revisions\/833"}],"wp:attachment":[{"href":"https:\/\/myimoveis.com.br\/index.php\/wp-json\/wp\/v2\/media?parent=639"}],"curies":[{"name":"wp","href":"https:\/\/api.w.org\/{rel}","templated":true}]}}