{"id":333,"date":"2025-09-09T13:11:59","date_gmt":"2025-09-09T16:11:59","guid":{"rendered":"https:\/\/myimoveis.com.br\/?page_id=333"},"modified":"2025-09-11T14:30:31","modified_gmt":"2025-09-11T17:30:31","slug":"anuncie-aqui","status":"publish","type":"page","link":"https:\/\/myimoveis.com.br\/index.php\/anuncie-aqui\/","title":{"rendered":"Anuncie aqui"},"content":{"rendered":"\t\t<div data-elementor-type=\"wp-page\" data-elementor-id=\"333\" class=\"elementor elementor-333\">\n\t\t\t\t<div class=\"elementor-element elementor-element-bf07ff7 e-flex e-con-boxed e-con e-parent\" data-id=\"bf07ff7\" data-element_type=\"container\">\n\t\t\t\t\t<div class=\"e-con-inner\">\n\t\t\t\t<div class=\"elementor-element elementor-element-2db2faa elementor-widget elementor-widget-image\" data-id=\"2db2faa\" data-element_type=\"widget\" data-widget_type=\"image.default\">\n\t\t\t\t\t\t\t\t\t\t\t\t\t\t\t<img fetchpriority=\"high\" decoding=\"async\" width=\"1920\" height=\"920\" src=\"http:\/\/myimoveis.com.br\/wp-content\/uploads\/2025\/09\/Design-sem-nome-1.png\" class=\"attachment-full size-full wp-image-498\" alt=\"\" srcset=\"http:\/\/myimoveis.com.br\/wp-content\/uploads\/2025\/09\/Design-sem-nome-1.png 1920w, http:\/\/myimoveis.com.br\/wp-content\/uploads\/2025\/09\/Design-sem-nome-1-300x144.png 300w, http:\/\/myimoveis.com.br\/wp-content\/uploads\/2025\/09\/Design-sem-nome-1-1024x491.png 1024w, http:\/\/myimoveis.com.br\/wp-content\/uploads\/2025\/09\/Design-sem-nome-1-768x368.png 768w, http:\/\/myimoveis.com.br\/wp-content\/uploads\/2025\/09\/Design-sem-nome-1-1536x736.png 1536w, http:\/\/myimoveis.com.br\/wp-content\/uploads\/2025\/09\/Design-sem-nome-1-600x288.png 600w\" sizes=\"(max-width: 1920px) 100vw, 1920px\" \/>\t\t\t\t\t\t\t\t\t\t\t\t\t\t\t<\/div>\n\t\t\t\t\t<\/div>\n\t\t\t\t<\/div>\n\t\t<div class=\"elementor-element elementor-element-180216c e-flex e-con-boxed e-con e-parent\" data-id=\"180216c\" data-element_type=\"container\">\n\t\t\t\t\t<div class=\"e-con-inner\">\n\t\t\t\t<div class=\"elementor-element elementor-element-36179f6 elementor-widget elementor-widget-heading\" data-id=\"36179f6\" data-element_type=\"widget\" data-widget_type=\"heading.default\">\n\t\t\t\t\t<h2 class=\"elementor-heading-title elementor-size-default\"><a href=\"https:\/\/w.app\/rycv5k\" target=\"_blank\">Clique aqui para anunciar seu im\u00f3vel.<\/a><\/h2>\t\t\t\t<\/div>\n\t\t\t\t<div class=\"elementor-element elementor-element-7a7b5e1 elementor-align-center elementor-widget elementor-widget-button\" data-id=\"7a7b5e1\" data-element_type=\"widget\" data-widget_type=\"button.default\">\n\t\t\t\t\t\t\t\t\t\t<a class=\"elementor-button elementor-button-link elementor-size-sm\" href=\"https:\/\/w.app\/rycv5k\" target=\"_blank\">\n\t\t\t\t\t\t<span class=\"elementor-button-content-wrapper\">\n\t\t\t\t\t\t\t\t\t<span class=\"elementor-button-text\">Clique aqui<\/span>\n\t\t\t\t\t<\/span>\n\t\t\t\t\t<\/a>\n\t\t\t\t\t\t\t\t<\/div>\n\t\t\t\t\t<\/div>\n\t\t\t\t<\/div>\n\t\t<div class=\"elementor-element elementor-element-a5953ce e-flex e-con-boxed e-con e-parent\" data-id=\"a5953ce\" data-element_type=\"container\">\n\t\t\t\t\t<div class=\"e-con-inner\">\n\t\t\t\t<div class=\"elementor-element elementor-element-44efd1e elementor-widget__width-initial elementor-widget elementor-widget-image\" data-id=\"44efd1e\" data-element_type=\"widget\" data-widget_type=\"image.default\">\n\t\t\t\t\t\t\t\t\t\t\t\t\t\t\t<img decoding=\"async\" width=\"300\" height=\"200\" src=\"http:\/\/myimoveis.com.br\/wp-content\/uploads\/2025\/09\/pessoas-que-trabalham-em-equipe-300x200.jpg\" class=\"attachment-medium size-medium wp-image-499\" alt=\"\" srcset=\"http:\/\/myimoveis.com.br\/wp-content\/uploads\/2025\/09\/pessoas-que-trabalham-em-equipe-300x200.jpg 300w, http:\/\/myimoveis.com.br\/wp-content\/uploads\/2025\/09\/pessoas-que-trabalham-em-equipe-1024x683.jpg 1024w, http:\/\/myimoveis.com.br\/wp-content\/uploads\/2025\/09\/pessoas-que-trabalham-em-equipe-768x512.jpg 768w, http:\/\/myimoveis.com.br\/wp-content\/uploads\/2025\/09\/pessoas-que-trabalham-em-equipe-1536x1025.jpg 1536w, http:\/\/myimoveis.com.br\/wp-content\/uploads\/2025\/09\/pessoas-que-trabalham-em-equipe-2048x1366.jpg 2048w, http:\/\/myimoveis.com.br\/wp-content\/uploads\/2025\/09\/pessoas-que-trabalham-em-equipe-600x400.jpg 600w\" sizes=\"(max-width: 300px) 100vw, 300px\" \/>\t\t\t\t\t\t\t\t\t\t\t\t\t\t\t<\/div>\n\t\t<div class=\"elementor-element elementor-element-348ddcf e-grid e-con-full e-con e-child\" data-id=\"348ddcf\" data-element_type=\"container\">\n\t\t\t\t<div class=\"elementor-element elementor-element-09f811a elementor-widget elementor-widget-heading\" data-id=\"09f811a\" data-element_type=\"widget\" data-widget_type=\"heading.default\">\n\t\t\t\t\t<h2 class=\"elementor-heading-title elementor-size-default\">Por que escolher a MY Im\u00f3veis para anunciar seu im\u00f3vel?<\/h2>\t\t\t\t<\/div>\n\t\t\t\t<div class=\"elementor-element elementor-element-0c8bdce elementor-widget elementor-widget-text-editor\" data-id=\"0c8bdce\" data-element_type=\"widget\" data-widget_type=\"text-editor.default\">\n\t\t\t\t\t\t\t\t\t<p>Com mais de 22 anos de experi\u00eancia no mercado imobili\u00e1rio de Campo Grande (MS), a MY Im\u00f3veis tem uma equipe especializada que conhece profundamente a regi\u00e3o. Nosso time de marketing \u00e9 altamente eficiente e utiliza as ferramentas de publicidade mais modernas para promover e destacar seu im\u00f3vel de forma eficaz. Anunciar seu im\u00f3vel no nosso site \u00e9 simples, sem burocracia e 100% on-line. Se voc\u00ea tem um im\u00f3vel residencial ou comercial para vender em Campo Grande, conte com a MY Im\u00f3veis!<\/p>\t\t\t\t\t\t\t\t<\/div>\n\t\t\t\t<\/div>\n\t\t\t\t\t<\/div>\n\t\t\t\t<\/div>\n\t\t<div class=\"elementor-element elementor-element-553d2c9 e-flex e-con-boxed e-con e-parent\" data-id=\"553d2c9\" data-element_type=\"container\">\n\t\t\t\t\t<div class=\"e-con-inner\">\n\t\t\t\t<div class=\"elementor-element elementor-element-ba68565 elementor-widget elementor-widget-heading\" data-id=\"ba68565\" data-element_type=\"widget\" data-widget_type=\"heading.default\">\n\t\t\t\t\t<h2 class=\"elementor-heading-title elementor-size-default\">Na MY Im\u00f3veis, o atendimento \u00e9 personalizado para voc\u00ea!<\/h2>\t\t\t\t<\/div>\n\t\t\t\t<div class=\"elementor-element elementor-element-a5028d7 elementor-widget elementor-widget-heading\" data-id=\"a5028d7\" data-element_type=\"widget\" data-widget_type=\"heading.default\">\n\t\t\t\t\t<h2 class=\"elementor-heading-title elementor-size-default\">Na MY Im\u00f3veis, nosso objetivo \u00e9 proporcionar uma experi\u00eancia \u00fanica no atendimento. Por isso, oferecemos diversas formas de contato para voc\u00ea escolher a mais conveniente. Seja atrav\u00e9s do nosso site, WhatsApp, e-mail, telefone ou at\u00e9 mesmo presencialmente, estamos sempre prontos para te ajudar a encontrar a melhor solu\u00e7\u00e3o e fechar o neg\u00f3cio perfeito para todos.<\/h2>\t\t\t\t<\/div>\n\t\t\t\t\t<\/div>\n\t\t\t\t<\/div>\n\t\t<div class=\"elementor-element elementor-element-98fb4ee e-flex e-con-boxed e-con e-parent\" data-id=\"98fb4ee\" data-element_type=\"container\">\n\t\t\t\t\t<div class=\"e-con-inner\">\n\t\t\t\t<div class=\"elementor-element elementor-element-86193b0 elementor-widget__width-initial elementor-widget elementor-widget-image\" data-id=\"86193b0\" data-element_type=\"widget\" data-widget_type=\"image.default\">\n\t\t\t\t\t\t\t\t\t\t\t\t\t\t\t<img decoding=\"async\" width=\"2560\" height=\"1707\" src=\"http:\/\/myimoveis.com.br\/wp-content\/uploads\/2025\/09\/feliz-representante-de-atendimento-ao-cliente-conversando-com-um-cliente-enquanto-usa-laptop-no-escritorio-scaled.jpg\" class=\"attachment-full size-full wp-image-506\" alt=\"\" srcset=\"http:\/\/myimoveis.com.br\/wp-content\/uploads\/2025\/09\/feliz-representante-de-atendimento-ao-cliente-conversando-com-um-cliente-enquanto-usa-laptop-no-escritorio-scaled.jpg 2560w, http:\/\/myimoveis.com.br\/wp-content\/uploads\/2025\/09\/feliz-representante-de-atendimento-ao-cliente-conversando-com-um-cliente-enquanto-usa-laptop-no-escritorio-300x200.jpg 300w, http:\/\/myimoveis.com.br\/wp-content\/uploads\/2025\/09\/feliz-representante-de-atendimento-ao-cliente-conversando-com-um-cliente-enquanto-usa-laptop-no-escritorio-1024x683.jpg 1024w, http:\/\/myimoveis.com.br\/wp-content\/uploads\/2025\/09\/feliz-representante-de-atendimento-ao-cliente-conversando-com-um-cliente-enquanto-usa-laptop-no-escritorio-768x512.jpg 768w, http:\/\/myimoveis.com.br\/wp-content\/uploads\/2025\/09\/feliz-representante-de-atendimento-ao-cliente-conversando-com-um-cliente-enquanto-usa-laptop-no-escritorio-1536x1024.jpg 1536w, http:\/\/myimoveis.com.br\/wp-content\/uploads\/2025\/09\/feliz-representante-de-atendimento-ao-cliente-conversando-com-um-cliente-enquanto-usa-laptop-no-escritorio-2048x1365.jpg 2048w, http:\/\/myimoveis.com.br\/wp-content\/uploads\/2025\/09\/feliz-representante-de-atendimento-ao-cliente-conversando-com-um-cliente-enquanto-usa-laptop-no-escritorio-600x400.jpg 600w\" sizes=\"(max-width: 2560px) 100vw, 2560px\" \/>\t\t\t\t\t\t\t\t\t\t\t\t\t\t\t<\/div>\n\t\t<div class=\"elementor-element elementor-element-d42924d e-grid e-con-full e-con e-child\" data-id=\"d42924d\" data-element_type=\"container\">\n\t\t\t\t<div class=\"elementor-element elementor-element-dfb1ab4 elementor-widget elementor-widget-image\" data-id=\"dfb1ab4\" data-element_type=\"widget\" data-widget_type=\"image.default\">\n\t\t\t\t\t\t\t\t\t\t\t\t\t\t\t<img loading=\"lazy\" decoding=\"async\" width=\"500\" height=\"100\" src=\"http:\/\/myimoveis.com.br\/wp-content\/uploads\/2025\/09\/Design-sem-nome-2.png\" class=\"attachment-medium_large size-medium_large wp-image-516\" alt=\"\" srcset=\"http:\/\/myimoveis.com.br\/wp-content\/uploads\/2025\/09\/Design-sem-nome-2.png 500w, http:\/\/myimoveis.com.br\/wp-content\/uploads\/2025\/09\/Design-sem-nome-2-300x60.png 300w\" sizes=\"(max-width: 500px) 100vw, 500px\" \/>\t\t\t\t\t\t\t\t\t\t\t\t\t\t\t<\/div>\n\t\t\t\t<div class=\"elementor-element elementor-element-e1a7acf elementor-widget elementor-widget-image\" data-id=\"e1a7acf\" data-element_type=\"widget\" data-widget_type=\"image.default\">\n\t\t\t\t\t\t\t\t\t\t\t\t\t\t\t\t<a href=\"https:\/\/www.google.com\/maps\/place\/MY+im%C3%B3veis\/data=!4m2!3m1!1s0x0:0x5c72960a2d9e6c41?sa=X&#038;ved=1t:2428&#038;ictx=111\" target=\"_blank\">\n\t\t\t\t\t\t\t<img loading=\"lazy\" decoding=\"async\" width=\"500\" height=\"100\" src=\"http:\/\/myimoveis.com.br\/wp-content\/uploads\/2025\/09\/Venha-nos.png\" class=\"attachment-medium_large size-medium_large wp-image-517\" alt=\"\" srcset=\"http:\/\/myimoveis.com.br\/wp-content\/uploads\/2025\/09\/Venha-nos.png 500w, http:\/\/myimoveis.com.br\/wp-content\/uploads\/2025\/09\/Venha-nos-300x60.png 300w\" sizes=\"(max-width: 500px) 100vw, 500px\" \/>\t\t\t\t\t\t\t\t<\/a>\n\t\t\t\t\t\t\t\t\t\t\t\t\t\t\t<\/div>\n\t\t\t\t<div class=\"elementor-element elementor-element-6966325 elementor-widget elementor-widget-image\" data-id=\"6966325\" data-element_type=\"widget\" data-widget_type=\"image.default\">\n\t\t\t\t\t\t\t\t\t\t\t\t\t\t\t\t<a href=\"https:\/\/w.app\/rycv5k\" target=\"_blank\">\n\t\t\t\t\t\t\t<img loading=\"lazy\" decoding=\"async\" width=\"768\" height=\"153\" src=\"http:\/\/myimoveis.com.br\/wp-content\/uploads\/2025\/09\/whats-768x153.png\" class=\"attachment-medium_large size-medium_large wp-image-518\" alt=\"\" srcset=\"http:\/\/myimoveis.com.br\/wp-content\/uploads\/2025\/09\/whats-768x153.png 768w, http:\/\/myimoveis.com.br\/wp-content\/uploads\/2025\/09\/whats-300x60.png 300w, http:\/\/myimoveis.com.br\/wp-content\/uploads\/2025\/09\/whats-1024x204.png 1024w, http:\/\/myimoveis.com.br\/wp-content\/uploads\/2025\/09\/whats-600x120.png 600w, http:\/\/myimoveis.com.br\/wp-content\/uploads\/2025\/09\/whats.png 1248w\" sizes=\"(max-width: 768px) 100vw, 768px\" \/>\t\t\t\t\t\t\t\t<\/a>\n\t\t\t\t\t\t\t\t\t\t\t\t\t\t\t<\/div>\n\t\t\t\t<\/div>\n\t\t\t\t\t<\/div>\n\t\t\t\t<\/div>\n\t\t\t\t<\/div>\n\t\t","protected":false},"excerpt":{"rendered":"<p>Clique aqui para anunciar seu im\u00f3vel. Clique aqui Por que escolher a MY Im\u00f3veis para anunciar seu im\u00f3vel? Com mais de 22 anos de experi\u00eancia no mercado imobili\u00e1rio de Campo Grande (MS), a MY Im\u00f3veis tem uma equipe especializada que conhece profundamente a regi\u00e3o. Nosso time de marketing \u00e9 altamente eficiente e utiliza as ferramentas [&hellip;]<\/p>\n","protected":false},"author":1,"featured_media":0,"parent":0,"menu_order":0,"comment_status":"closed","ping_status":"closed","template":"elementor_header_footer","meta":{"footnotes":""},"class_list":["post-333","page","type-page","status-publish","hentry"],"_links":{"self":[{"href":"https:\/\/myimoveis.com.br\/index.php\/wp-json\/wp\/v2\/pages\/333","targetHints":{"allow":["GET"]}}],"collection":[{"href":"https:\/\/myimoveis.com.br\/index.php\/wp-json\/wp\/v2\/pages"}],"about":[{"href":"https:\/\/myimoveis.com.br\/index.php\/wp-json\/wp\/v2\/types\/page"}],"author":[{"embeddable":true,"href":"https:\/\/myimoveis.com.br\/index.php\/wp-json\/wp\/v2\/users\/1"}],"replies":[{"embeddable":true,"href":"https:\/\/myimoveis.com.br\/index.php\/wp-json\/wp\/v2\/comments?post=333"}],"version-history":[{"count":16,"href":"https:\/\/myimoveis.com.br\/index.php\/wp-json\/wp\/v2\/pages\/333\/revisions"}],"predecessor-version":[{"id":524,"href":"https:\/\/myimoveis.com.br\/index.php\/wp-json\/wp\/v2\/pages\/333\/revisions\/524"}],"wp:attachment":[{"href":"https:\/\/myimoveis.com.br\/index.php\/wp-json\/wp\/v2\/media?parent=333"}],"curies":[{"name":"wp","href":"https:\/\/api.w.org\/{rel}","templated":true}]}}