{"id":1369,"date":"2025-10-12T13:57:33","date_gmt":"2025-10-12T16:57:33","guid":{"rendered":"https:\/\/myimoveis.com.br\/?page_id=1369"},"modified":"2025-10-12T14:01:14","modified_gmt":"2025-10-12T17:01:14","slug":"imovel-101","status":"publish","type":"page","link":"https:\/\/myimoveis.com.br\/index.php\/imovel-101\/","title":{"rendered":"Im\u00f3vel #101"},"content":{"rendered":"\t\t<div data-elementor-type=\"wp-page\" data-elementor-id=\"1369\" class=\"elementor elementor-1369\">\n\t\t\t\t<div class=\"elementor-element elementor-element-a97bedd e-grid e-con-boxed e-con e-parent\" data-id=\"a97bedd\" data-element_type=\"container\">\n\t\t\t\t\t<div class=\"e-con-inner\">\n\t\t\t\t<div class=\"elementor-element elementor-element-a69d542 elementor-widget elementor-widget-image\" data-id=\"a69d542\" data-element_type=\"widget\" data-widget_type=\"image.default\">\n\t\t\t\t\t\t\t\t\t\t\t\t\t\t\t<img fetchpriority=\"high\" decoding=\"async\" width=\"300\" height=\"300\" src=\"https:\/\/myimoveis.com.br\/wp-content\/uploads\/2025\/10\/4-11-300x300.png\" class=\"attachment-medium size-medium wp-image-1371\" alt=\"\" srcset=\"https:\/\/myimoveis.com.br\/wp-content\/uploads\/2025\/10\/4-11-300x300.png 300w, https:\/\/myimoveis.com.br\/wp-content\/uploads\/2025\/10\/4-11-1024x1024.png 1024w, https:\/\/myimoveis.com.br\/wp-content\/uploads\/2025\/10\/4-11-150x150.png 150w, https:\/\/myimoveis.com.br\/wp-content\/uploads\/2025\/10\/4-11-768x768.png 768w, https:\/\/myimoveis.com.br\/wp-content\/uploads\/2025\/10\/4-11-230x230.png 230w, https:\/\/myimoveis.com.br\/wp-content\/uploads\/2025\/10\/4-11-400x400.png 400w, https:\/\/myimoveis.com.br\/wp-content\/uploads\/2025\/10\/4-11-600x600.png 600w, https:\/\/myimoveis.com.br\/wp-content\/uploads\/2025\/10\/4-11-640x640.png 640w, https:\/\/myimoveis.com.br\/wp-content\/uploads\/2025\/10\/4-11.png 1080w\" sizes=\"(max-width: 300px) 100vw, 300px\" \/>\t\t\t\t\t\t\t\t\t\t\t\t\t\t\t<\/div>\n\t\t\t\t<div class=\"elementor-element elementor-element-4739209 gallery-spacing-custom elementor-widget__width-initial elementor-widget elementor-widget-image-gallery\" data-id=\"4739209\" data-element_type=\"widget\" data-widget_type=\"image-gallery.default\">\n\t\t\t\t\t\t\t<div class=\"elementor-image-gallery\">\n\t\t\t<div id='gallery-1' class='gallery galleryid-1369 gallery-columns-3 gallery-size-medium'><figure class='gallery-item'>\n\t\t\t<div class='gallery-icon landscape'>\n\t\t\t\t<a data-elementor-open-lightbox=\"yes\" data-elementor-lightbox-slideshow=\"4739209\" data-elementor-lightbox-title=\"5\" data-e-action-hash=\"#elementor-action%3Aaction%3Dlightbox%26settings%3DeyJpZCI6MTM3MiwidXJsIjoiaHR0cHM6XC9cL215aW1vdmVpcy5jb20uYnJcL3dwLWNvbnRlbnRcL3VwbG9hZHNcLzIwMjVcLzEwXC81LTExLnBuZyIsInNsaWRlc2hvdyI6IjQ3MzkyMDkifQ%3D%3D\" href='https:\/\/myimoveis.com.br\/wp-content\/uploads\/2025\/10\/5-11.png'><img decoding=\"async\" width=\"300\" height=\"300\" src=\"https:\/\/myimoveis.com.br\/wp-content\/uploads\/2025\/10\/5-11-300x300.png\" class=\"attachment-medium size-medium\" alt=\"\" srcset=\"https:\/\/myimoveis.com.br\/wp-content\/uploads\/2025\/10\/5-11-300x300.png 300w, https:\/\/myimoveis.com.br\/wp-content\/uploads\/2025\/10\/5-11-1024x1024.png 1024w, https:\/\/myimoveis.com.br\/wp-content\/uploads\/2025\/10\/5-11-150x150.png 150w, https:\/\/myimoveis.com.br\/wp-content\/uploads\/2025\/10\/5-11-768x768.png 768w, https:\/\/myimoveis.com.br\/wp-content\/uploads\/2025\/10\/5-11-230x230.png 230w, https:\/\/myimoveis.com.br\/wp-content\/uploads\/2025\/10\/5-11-400x400.png 400w, https:\/\/myimoveis.com.br\/wp-content\/uploads\/2025\/10\/5-11-600x600.png 600w, https:\/\/myimoveis.com.br\/wp-content\/uploads\/2025\/10\/5-11-640x640.png 640w, https:\/\/myimoveis.com.br\/wp-content\/uploads\/2025\/10\/5-11.png 1080w\" sizes=\"(max-width: 300px) 100vw, 300px\" \/><\/a>\n\t\t\t<\/div><\/figure><figure class='gallery-item'>\n\t\t\t<div class='gallery-icon landscape'>\n\t\t\t\t<a data-elementor-open-lightbox=\"yes\" data-elementor-lightbox-slideshow=\"4739209\" data-elementor-lightbox-title=\"7\" data-e-action-hash=\"#elementor-action%3Aaction%3Dlightbox%26settings%3DeyJpZCI6MTM3NCwidXJsIjoiaHR0cHM6XC9cL215aW1vdmVpcy5jb20uYnJcL3dwLWNvbnRlbnRcL3VwbG9hZHNcLzIwMjVcLzEwXC83LTExLnBuZyIsInNsaWRlc2hvdyI6IjQ3MzkyMDkifQ%3D%3D\" href='https:\/\/myimoveis.com.br\/wp-content\/uploads\/2025\/10\/7-11.png'><img decoding=\"async\" width=\"300\" height=\"300\" src=\"https:\/\/myimoveis.com.br\/wp-content\/uploads\/2025\/10\/7-11-300x300.png\" class=\"attachment-medium size-medium\" alt=\"\" srcset=\"https:\/\/myimoveis.com.br\/wp-content\/uploads\/2025\/10\/7-11-300x300.png 300w, https:\/\/myimoveis.com.br\/wp-content\/uploads\/2025\/10\/7-11-1024x1024.png 1024w, https:\/\/myimoveis.com.br\/wp-content\/uploads\/2025\/10\/7-11-150x150.png 150w, https:\/\/myimoveis.com.br\/wp-content\/uploads\/2025\/10\/7-11-768x768.png 768w, https:\/\/myimoveis.com.br\/wp-content\/uploads\/2025\/10\/7-11-230x230.png 230w, https:\/\/myimoveis.com.br\/wp-content\/uploads\/2025\/10\/7-11-400x400.png 400w, https:\/\/myimoveis.com.br\/wp-content\/uploads\/2025\/10\/7-11-600x600.png 600w, https:\/\/myimoveis.com.br\/wp-content\/uploads\/2025\/10\/7-11-640x640.png 640w, https:\/\/myimoveis.com.br\/wp-content\/uploads\/2025\/10\/7-11.png 1080w\" sizes=\"(max-width: 300px) 100vw, 300px\" \/><\/a>\n\t\t\t<\/div><\/figure><figure class='gallery-item'>\n\t\t\t<div class='gallery-icon landscape'>\n\t\t\t\t<a data-elementor-open-lightbox=\"yes\" data-elementor-lightbox-slideshow=\"4739209\" data-elementor-lightbox-title=\"6\" data-e-action-hash=\"#elementor-action%3Aaction%3Dlightbox%26settings%3DeyJpZCI6MTM3MywidXJsIjoiaHR0cHM6XC9cL215aW1vdmVpcy5jb20uYnJcL3dwLWNvbnRlbnRcL3VwbG9hZHNcLzIwMjVcLzEwXC82LTExLnBuZyIsInNsaWRlc2hvdyI6IjQ3MzkyMDkifQ%3D%3D\" href='https:\/\/myimoveis.com.br\/wp-content\/uploads\/2025\/10\/6-11.png'><img loading=\"lazy\" decoding=\"async\" width=\"300\" height=\"300\" src=\"https:\/\/myimoveis.com.br\/wp-content\/uploads\/2025\/10\/6-11-300x300.png\" class=\"attachment-medium size-medium\" alt=\"\" srcset=\"https:\/\/myimoveis.com.br\/wp-content\/uploads\/2025\/10\/6-11-300x300.png 300w, https:\/\/myimoveis.com.br\/wp-content\/uploads\/2025\/10\/6-11-1024x1024.png 1024w, https:\/\/myimoveis.com.br\/wp-content\/uploads\/2025\/10\/6-11-150x150.png 150w, https:\/\/myimoveis.com.br\/wp-content\/uploads\/2025\/10\/6-11-768x768.png 768w, https:\/\/myimoveis.com.br\/wp-content\/uploads\/2025\/10\/6-11-230x230.png 230w, https:\/\/myimoveis.com.br\/wp-content\/uploads\/2025\/10\/6-11-400x400.png 400w, https:\/\/myimoveis.com.br\/wp-content\/uploads\/2025\/10\/6-11-600x600.png 600w, https:\/\/myimoveis.com.br\/wp-content\/uploads\/2025\/10\/6-11-640x640.png 640w, https:\/\/myimoveis.com.br\/wp-content\/uploads\/2025\/10\/6-11.png 1080w\" sizes=\"(max-width: 300px) 100vw, 300px\" \/><\/a>\n\t\t\t<\/div><\/figure><figure class='gallery-item'>\n\t\t\t<div class='gallery-icon landscape'>\n\t\t\t\t<a data-elementor-open-lightbox=\"yes\" data-elementor-lightbox-slideshow=\"4739209\" data-elementor-lightbox-title=\"4\" data-e-action-hash=\"#elementor-action%3Aaction%3Dlightbox%26settings%3DeyJpZCI6MTM3MSwidXJsIjoiaHR0cHM6XC9cL215aW1vdmVpcy5jb20uYnJcL3dwLWNvbnRlbnRcL3VwbG9hZHNcLzIwMjVcLzEwXC80LTExLnBuZyIsInNsaWRlc2hvdyI6IjQ3MzkyMDkifQ%3D%3D\" href='https:\/\/myimoveis.com.br\/wp-content\/uploads\/2025\/10\/4-11.png'><img loading=\"lazy\" decoding=\"async\" width=\"300\" height=\"300\" src=\"https:\/\/myimoveis.com.br\/wp-content\/uploads\/2025\/10\/4-11-300x300.png\" class=\"attachment-medium size-medium\" alt=\"\" srcset=\"https:\/\/myimoveis.com.br\/wp-content\/uploads\/2025\/10\/4-11-300x300.png 300w, https:\/\/myimoveis.com.br\/wp-content\/uploads\/2025\/10\/4-11-1024x1024.png 1024w, https:\/\/myimoveis.com.br\/wp-content\/uploads\/2025\/10\/4-11-150x150.png 150w, https:\/\/myimoveis.com.br\/wp-content\/uploads\/2025\/10\/4-11-768x768.png 768w, https:\/\/myimoveis.com.br\/wp-content\/uploads\/2025\/10\/4-11-230x230.png 230w, https:\/\/myimoveis.com.br\/wp-content\/uploads\/2025\/10\/4-11-400x400.png 400w, https:\/\/myimoveis.com.br\/wp-content\/uploads\/2025\/10\/4-11-600x600.png 600w, https:\/\/myimoveis.com.br\/wp-content\/uploads\/2025\/10\/4-11-640x640.png 640w, https:\/\/myimoveis.com.br\/wp-content\/uploads\/2025\/10\/4-11.png 1080w\" sizes=\"(max-width: 300px) 100vw, 300px\" \/><\/a>\n\t\t\t<\/div><\/figure>\n\t\t<\/div>\n\t\t<\/div>\n\t\t\t\t\t\t<\/div>\n\t\t\t\t\t<\/div>\n\t\t\t\t<\/div>\n\t\t<div class=\"elementor-element elementor-element-85f715a e-flex e-con-boxed e-con e-parent\" data-id=\"85f715a\" data-element_type=\"container\">\n\t\t\t\t\t<div class=\"e-con-inner\">\n\t\t\t\t<div class=\"elementor-element elementor-element-78c82fd elementor-widget elementor-widget-button\" data-id=\"78c82fd\" data-element_type=\"widget\" data-widget_type=\"button.default\">\n\t\t\t\t\t\t\t\t\t\t<a class=\"elementor-button elementor-button-link elementor-size-sm\" href=\"https:\/\/wa.me\/5567999002171?text=Ol%C3%A1!%20Gostaria%20de%20mais%20informa%C3%A7%C3%B5es.\">\n\t\t\t\t\t\t<span class=\"elementor-button-content-wrapper\">\n\t\t\t\t\t\t\t\t\t<span class=\"elementor-button-text\">Clique a aqui para falar com Corretor(a).<\/span>\n\t\t\t\t\t<\/span>\n\t\t\t\t\t<\/a>\n\t\t\t\t\t\t\t\t<\/div>\n\t\t\t\t<div class=\"elementor-element elementor-element-b7fed09 elementor-widget elementor-widget-button\" data-id=\"b7fed09\" data-element_type=\"widget\" data-widget_type=\"button.default\">\n\t\t\t\t\t\t\t\t\t\t<a class=\"elementor-button elementor-button-link elementor-size-sm\" href=\"https:\/\/myimoveis.com.br\/index.php\/todas-as-fotos-do-imovel-101\/\" target=\"_blank\">\n\t\t\t\t\t\t<span class=\"elementor-button-content-wrapper\">\n\t\t\t\t\t\t\t\t\t<span class=\"elementor-button-text\">VER TODAS AS  FOTOS<\/span>\n\t\t\t\t\t<\/span>\n\t\t\t\t\t<\/a>\n\t\t\t\t\t\t\t\t<\/div>\n\t\t\t\t<div class=\"elementor-element elementor-element-05cd6f9 elementor-widget__width-initial elementor-widget elementor-widget-heading\" data-id=\"05cd6f9\" data-element_type=\"widget\" data-widget_type=\"heading.default\">\n\t\t\t\t\t<h2 class=\"elementor-heading-title elementor-size-default\">Im\u00f3vel #101<\/h2>\t\t\t\t<\/div>\n\t\t\t\t\t<\/div>\n\t\t\t\t<\/div>\n\t\t<div class=\"elementor-element elementor-element-11c3959 e-flex e-con-boxed e-con e-parent\" data-id=\"11c3959\" data-element_type=\"container\">\n\t\t\t\t\t<div class=\"e-con-inner\">\n\t\t\t\t<div class=\"elementor-element elementor-element-06c9a99 elementor-widget elementor-widget-heading\" data-id=\"06c9a99\" data-element_type=\"widget\" data-widget_type=\"heading.default\">\n\t\t\t\t\t<h2 class=\"elementor-heading-title elementor-size-default\">Bairro Maria Ap. Pedrossian <img decoding=\"async\" role=\"img\" class=\"emoji\" alt=\"\ud83c\udfe0\" src=\"https:\/\/s.w.org\/images\/core\/emoji\/16.0.1\/svg\/1f3e0.svg\"><\/h2>\t\t\t\t<\/div>\n\t\t\t\t<div class=\"elementor-element elementor-element-04292e2 elementor-widget__width-initial elementor-widget-mobile__width-initial elementor-widget elementor-widget-heading\" data-id=\"04292e2\" data-element_type=\"widget\" data-widget_type=\"heading.default\">\n\t\t\t\t\t<h2 class=\"elementor-heading-title elementor-size-default\"><img decoding=\"async\" role=\"img\" class=\"emoji\" alt=\"\ud83d\udd38\" src=\"https:\/\/s.w.org\/images\/core\/emoji\/16.0.1\/svg\/1f538.svg\"> Sala ampla<br><img decoding=\"async\" role=\"img\" class=\"emoji\" alt=\"\ud83d\udd38\" src=\"https:\/\/s.w.org\/images\/core\/emoji\/16.0.1\/svg\/1f538.svg\"> Cozinha conjugada com pia e bancada em m\u00e1rmore, conta com m\u00f3veis planejados<br><img decoding=\"async\" role=\"img\" class=\"emoji\" alt=\"\ud83d\udd38\" src=\"https:\/\/s.w.org\/images\/core\/emoji\/16.0.1\/svg\/1f538.svg\"> 2 Quartos amplos, sendo um com espa\u00e7o para closet<br><img decoding=\"async\" role=\"img\" class=\"emoji\" alt=\"\ud83d\udd38\" src=\"https:\/\/s.w.org\/images\/core\/emoji\/16.0.1\/svg\/1f538.svg\"> 1 Banheiros social com banheira<br><img decoding=\"async\" role=\"img\" class=\"emoji\" alt=\"\ud83d\udd38\" src=\"https:\/\/s.w.org\/images\/core\/emoji\/16.0.1\/svg\/1f538.svg\"> Rodap\u00e9 embutido<br><img decoding=\"async\" role=\"img\" class=\"emoji\" alt=\"\ud83d\udd38\" src=\"https:\/\/s.w.org\/images\/core\/emoji\/16.0.1\/svg\/1f538.svg\"> Hall de circula\u00e7\u00e3o<br><img decoding=\"async\" role=\"img\" class=\"emoji\" alt=\"\ud83d\udd38\" src=\"https:\/\/s.w.org\/images\/core\/emoji\/16.0.1\/svg\/1f538.svg\"> \u00c1rea de servi\u00e7o coberta<br><img decoding=\"async\" role=\"img\" class=\"emoji\" alt=\"\ud83d\udd38\" src=\"https:\/\/s.w.org\/images\/core\/emoji\/16.0.1\/svg\/1f538.svg\"> Espa\u00e7o e quintal amplo.<br>\n<img decoding=\"async\" role=\"img\" class=\"emoji\" alt=\"\ud83d\udcb0\" src=\"https:\/\/s.w.org\/images\/core\/emoji\/16.0.1\/svg\/1f4b0.svg\">Valor \u00e0 consultar <img decoding=\"async\" role=\"img\" class=\"emoji\" alt=\"\ud83d\udd0d\" src=\"https:\/\/s.w.org\/images\/core\/emoji\/16.0.1\/svg\/1f50d.svg\"><br>C\u00f3d: 101<br><img decoding=\"async\" role=\"img\" class=\"emoji\" alt=\"\u2198\" src=\"https:\/\/s.w.org\/images\/core\/emoji\/16.0.1\/svg\/2198.svg\"> Sujeito a aprova\u00e7\u00e3o em qualquer banco!<br>\n<img decoding=\"async\" role=\"img\" class=\"emoji\" alt=\"\u23e9\" src=\"https:\/\/s.w.org\/images\/core\/emoji\/16.0.1\/svg\/23e9.svg\">Agende sua visita!<br>\nMaiores informa\u00e7\u00f5es pelo:<br>6799900-2171<br>6798484-3386<br>6798466-3386<br><\/h2>\t\t\t\t<\/div>\n\t\t\t\t\t<\/div>\n\t\t\t\t<\/div>\n\t\t<div class=\"elementor-element elementor-element-78a9b02 e-flex e-con-boxed e-con e-parent\" data-id=\"78a9b02\" data-element_type=\"container\">\n\t\t\t\t\t<div class=\"e-con-inner\">\n\t\t\t\t<div class=\"elementor-element elementor-element-20b16c6 elementor-widget__width-initial elementor-widget elementor-widget-image\" data-id=\"20b16c6\" data-element_type=\"widget\" data-widget_type=\"image.default\">\n\t\t\t\t\t\t\t\t\t\t\t\t\t\t\t\t<a href=\"https:\/\/wa.me\/5567999002171?text=Ol%C3%A1!%20Gostaria%20de%20mais%20informa%C3%A7%C3%B5es.\">\n\t\t\t\t\t\t\t<img loading=\"lazy\" decoding=\"async\" width=\"300\" height=\"60\" src=\"https:\/\/myimoveis.com.br\/wp-content\/uploads\/2025\/09\/whats-300x60.png\" class=\"attachment-medium size-medium wp-image-518\" alt=\"\" srcset=\"https:\/\/myimoveis.com.br\/wp-content\/uploads\/2025\/09\/whats-300x60.png 300w, https:\/\/myimoveis.com.br\/wp-content\/uploads\/2025\/09\/whats-1024x204.png 1024w, https:\/\/myimoveis.com.br\/wp-content\/uploads\/2025\/09\/whats-768x153.png 768w, https:\/\/myimoveis.com.br\/wp-content\/uploads\/2025\/09\/whats-600x120.png 600w, https:\/\/myimoveis.com.br\/wp-content\/uploads\/2025\/09\/whats.png 1248w\" sizes=\"(max-width: 300px) 100vw, 300px\" \/>\t\t\t\t\t\t\t\t<\/a>\n\t\t\t\t\t\t\t\t\t\t\t\t\t\t\t<\/div>\n\t\t\t\t\t<\/div>\n\t\t\t\t<\/div>\n\t\t\t\t<\/div>\n\t\t","protected":false},"excerpt":{"rendered":"<p>Clique a aqui para falar com Corretor(a). VER TODAS AS FOTOS Im\u00f3vel #101 Bairro Maria Ap. Pedrossian Sala ampla Cozinha conjugada com pia e bancada em m\u00e1rmore, conta com m\u00f3veis planejados 2 Quartos amplos, sendo um com espa\u00e7o para closet 1 Banheiros social com banheira Rodap\u00e9 embutido Hall de circula\u00e7\u00e3o \u00c1rea de servi\u00e7o coberta Espa\u00e7o [&hellip;]<\/p>\n","protected":false},"author":1,"featured_media":0,"parent":0,"menu_order":0,"comment_status":"closed","ping_status":"closed","template":"","meta":{"footnotes":""},"class_list":["post-1369","page","type-page","status-publish","hentry"],"_links":{"self":[{"href":"https:\/\/myimoveis.com.br\/index.php\/wp-json\/wp\/v2\/pages\/1369","targetHints":{"allow":["GET"]}}],"collection":[{"href":"https:\/\/myimoveis.com.br\/index.php\/wp-json\/wp\/v2\/pages"}],"about":[{"href":"https:\/\/myimoveis.com.br\/index.php\/wp-json\/wp\/v2\/types\/page"}],"author":[{"embeddable":true,"href":"https:\/\/myimoveis.com.br\/index.php\/wp-json\/wp\/v2\/users\/1"}],"replies":[{"embeddable":true,"href":"https:\/\/myimoveis.com.br\/index.php\/wp-json\/wp\/v2\/comments?post=1369"}],"version-history":[{"count":3,"href":"https:\/\/myimoveis.com.br\/index.php\/wp-json\/wp\/v2\/pages\/1369\/revisions"}],"predecessor-version":[{"id":1382,"href":"https:\/\/myimoveis.com.br\/index.php\/wp-json\/wp\/v2\/pages\/1369\/revisions\/1382"}],"wp:attachment":[{"href":"https:\/\/myimoveis.com.br\/index.php\/wp-json\/wp\/v2\/media?parent=1369"}],"curies":[{"name":"wp","href":"https:\/\/api.w.org\/{rel}","templated":true}]}}