{"id":1316,"date":"2025-10-12T13:36:13","date_gmt":"2025-10-12T16:36:13","guid":{"rendered":"https:\/\/myimoveis.com.br\/?page_id=1316"},"modified":"2025-10-12T13:37:42","modified_gmt":"2025-10-12T16:37:42","slug":"imovel-044","status":"publish","type":"page","link":"https:\/\/myimoveis.com.br\/index.php\/imovel-044\/","title":{"rendered":"Im\u00f3vel #044"},"content":{"rendered":"\t\t<div data-elementor-type=\"wp-page\" data-elementor-id=\"1316\" class=\"elementor elementor-1316\">\n\t\t\t\t<div class=\"elementor-element elementor-element-4e1f130 e-grid e-con-boxed e-con e-parent\" data-id=\"4e1f130\" data-element_type=\"container\">\n\t\t\t\t\t<div class=\"e-con-inner\">\n\t\t\t\t<div class=\"elementor-element elementor-element-105bb9d elementor-widget elementor-widget-image\" data-id=\"105bb9d\" data-element_type=\"widget\" data-widget_type=\"image.default\">\n\t\t\t\t\t\t\t\t\t\t\t\t\t\t\t<img fetchpriority=\"high\" decoding=\"async\" width=\"300\" height=\"300\" src=\"https:\/\/myimoveis.com.br\/wp-content\/uploads\/2025\/10\/4-9-300x300.png\" class=\"attachment-medium size-medium wp-image-1320\" alt=\"\" srcset=\"https:\/\/myimoveis.com.br\/wp-content\/uploads\/2025\/10\/4-9-300x300.png 300w, https:\/\/myimoveis.com.br\/wp-content\/uploads\/2025\/10\/4-9-1024x1024.png 1024w, https:\/\/myimoveis.com.br\/wp-content\/uploads\/2025\/10\/4-9-150x150.png 150w, https:\/\/myimoveis.com.br\/wp-content\/uploads\/2025\/10\/4-9-768x768.png 768w, https:\/\/myimoveis.com.br\/wp-content\/uploads\/2025\/10\/4-9-230x230.png 230w, https:\/\/myimoveis.com.br\/wp-content\/uploads\/2025\/10\/4-9-400x400.png 400w, https:\/\/myimoveis.com.br\/wp-content\/uploads\/2025\/10\/4-9-600x600.png 600w, https:\/\/myimoveis.com.br\/wp-content\/uploads\/2025\/10\/4-9-640x640.png 640w, https:\/\/myimoveis.com.br\/wp-content\/uploads\/2025\/10\/4-9.png 1080w\" sizes=\"(max-width: 300px) 100vw, 300px\" \/>\t\t\t\t\t\t\t\t\t\t\t\t\t\t\t<\/div>\n\t\t\t\t<div class=\"elementor-element elementor-element-8014b7b gallery-spacing-custom elementor-widget__width-initial elementor-widget elementor-widget-image-gallery\" data-id=\"8014b7b\" data-element_type=\"widget\" data-widget_type=\"image-gallery.default\">\n\t\t\t\t\t\t\t<div class=\"elementor-image-gallery\">\n\t\t\t<div id='gallery-1' class='gallery galleryid-1316 gallery-columns-3 gallery-size-medium'><figure class='gallery-item'>\n\t\t\t<div class='gallery-icon landscape'>\n\t\t\t\t<a data-elementor-open-lightbox=\"yes\" data-elementor-lightbox-slideshow=\"8014b7b\" data-elementor-lightbox-title=\"17\" data-e-action-hash=\"#elementor-action%3Aaction%3Dlightbox%26settings%3DeyJpZCI6MTMzMywidXJsIjoiaHR0cHM6XC9cL215aW1vdmVpcy5jb20uYnJcL3dwLWNvbnRlbnRcL3VwbG9hZHNcLzIwMjVcLzEwXC8xNy00LnBuZyIsInNsaWRlc2hvdyI6IjgwMTRiN2IifQ%3D%3D\" href='https:\/\/myimoveis.com.br\/wp-content\/uploads\/2025\/10\/17-4.png'><img decoding=\"async\" width=\"300\" height=\"300\" src=\"https:\/\/myimoveis.com.br\/wp-content\/uploads\/2025\/10\/17-4-300x300.png\" class=\"attachment-medium size-medium\" alt=\"\" srcset=\"https:\/\/myimoveis.com.br\/wp-content\/uploads\/2025\/10\/17-4-300x300.png 300w, https:\/\/myimoveis.com.br\/wp-content\/uploads\/2025\/10\/17-4-1024x1024.png 1024w, https:\/\/myimoveis.com.br\/wp-content\/uploads\/2025\/10\/17-4-150x150.png 150w, https:\/\/myimoveis.com.br\/wp-content\/uploads\/2025\/10\/17-4-768x768.png 768w, https:\/\/myimoveis.com.br\/wp-content\/uploads\/2025\/10\/17-4-230x230.png 230w, https:\/\/myimoveis.com.br\/wp-content\/uploads\/2025\/10\/17-4-400x400.png 400w, https:\/\/myimoveis.com.br\/wp-content\/uploads\/2025\/10\/17-4-600x600.png 600w, https:\/\/myimoveis.com.br\/wp-content\/uploads\/2025\/10\/17-4-640x640.png 640w, https:\/\/myimoveis.com.br\/wp-content\/uploads\/2025\/10\/17-4.png 1080w\" sizes=\"(max-width: 300px) 100vw, 300px\" \/><\/a>\n\t\t\t<\/div><\/figure><figure class='gallery-item'>\n\t\t\t<div class='gallery-icon landscape'>\n\t\t\t\t<a data-elementor-open-lightbox=\"yes\" data-elementor-lightbox-slideshow=\"8014b7b\" data-elementor-lightbox-title=\"14\" data-e-action-hash=\"#elementor-action%3Aaction%3Dlightbox%26settings%3DeyJpZCI6MTMzMCwidXJsIjoiaHR0cHM6XC9cL215aW1vdmVpcy5jb20uYnJcL3dwLWNvbnRlbnRcL3VwbG9hZHNcLzIwMjVcLzEwXC8xNC01LnBuZyIsInNsaWRlc2hvdyI6IjgwMTRiN2IifQ%3D%3D\" href='https:\/\/myimoveis.com.br\/wp-content\/uploads\/2025\/10\/14-5.png'><img decoding=\"async\" width=\"300\" height=\"300\" src=\"https:\/\/myimoveis.com.br\/wp-content\/uploads\/2025\/10\/14-5-300x300.png\" class=\"attachment-medium size-medium\" alt=\"\" srcset=\"https:\/\/myimoveis.com.br\/wp-content\/uploads\/2025\/10\/14-5-300x300.png 300w, https:\/\/myimoveis.com.br\/wp-content\/uploads\/2025\/10\/14-5-1024x1024.png 1024w, https:\/\/myimoveis.com.br\/wp-content\/uploads\/2025\/10\/14-5-150x150.png 150w, https:\/\/myimoveis.com.br\/wp-content\/uploads\/2025\/10\/14-5-768x768.png 768w, https:\/\/myimoveis.com.br\/wp-content\/uploads\/2025\/10\/14-5-230x230.png 230w, https:\/\/myimoveis.com.br\/wp-content\/uploads\/2025\/10\/14-5-400x400.png 400w, https:\/\/myimoveis.com.br\/wp-content\/uploads\/2025\/10\/14-5-600x600.png 600w, https:\/\/myimoveis.com.br\/wp-content\/uploads\/2025\/10\/14-5-640x640.png 640w, https:\/\/myimoveis.com.br\/wp-content\/uploads\/2025\/10\/14-5.png 1080w\" sizes=\"(max-width: 300px) 100vw, 300px\" \/><\/a>\n\t\t\t<\/div><\/figure><figure class='gallery-item'>\n\t\t\t<div class='gallery-icon landscape'>\n\t\t\t\t<a data-elementor-open-lightbox=\"yes\" data-elementor-lightbox-slideshow=\"8014b7b\" data-elementor-lightbox-title=\"5\" data-e-action-hash=\"#elementor-action%3Aaction%3Dlightbox%26settings%3DeyJpZCI6MTMyMSwidXJsIjoiaHR0cHM6XC9cL215aW1vdmVpcy5jb20uYnJcL3dwLWNvbnRlbnRcL3VwbG9hZHNcLzIwMjVcLzEwXC81LTkucG5nIiwic2xpZGVzaG93IjoiODAxNGI3YiJ9\" href='https:\/\/myimoveis.com.br\/wp-content\/uploads\/2025\/10\/5-9.png'><img loading=\"lazy\" decoding=\"async\" width=\"300\" height=\"300\" src=\"https:\/\/myimoveis.com.br\/wp-content\/uploads\/2025\/10\/5-9-300x300.png\" class=\"attachment-medium size-medium\" alt=\"\" srcset=\"https:\/\/myimoveis.com.br\/wp-content\/uploads\/2025\/10\/5-9-300x300.png 300w, https:\/\/myimoveis.com.br\/wp-content\/uploads\/2025\/10\/5-9-1024x1024.png 1024w, https:\/\/myimoveis.com.br\/wp-content\/uploads\/2025\/10\/5-9-150x150.png 150w, https:\/\/myimoveis.com.br\/wp-content\/uploads\/2025\/10\/5-9-768x768.png 768w, https:\/\/myimoveis.com.br\/wp-content\/uploads\/2025\/10\/5-9-230x230.png 230w, https:\/\/myimoveis.com.br\/wp-content\/uploads\/2025\/10\/5-9-400x400.png 400w, https:\/\/myimoveis.com.br\/wp-content\/uploads\/2025\/10\/5-9-600x600.png 600w, https:\/\/myimoveis.com.br\/wp-content\/uploads\/2025\/10\/5-9-640x640.png 640w, https:\/\/myimoveis.com.br\/wp-content\/uploads\/2025\/10\/5-9.png 1080w\" sizes=\"(max-width: 300px) 100vw, 300px\" \/><\/a>\n\t\t\t<\/div><\/figure><figure class='gallery-item'>\n\t\t\t<div class='gallery-icon landscape'>\n\t\t\t\t<a data-elementor-open-lightbox=\"yes\" data-elementor-lightbox-slideshow=\"8014b7b\" data-elementor-lightbox-title=\"4\" data-e-action-hash=\"#elementor-action%3Aaction%3Dlightbox%26settings%3DeyJpZCI6MTMyMCwidXJsIjoiaHR0cHM6XC9cL215aW1vdmVpcy5jb20uYnJcL3dwLWNvbnRlbnRcL3VwbG9hZHNcLzIwMjVcLzEwXC80LTkucG5nIiwic2xpZGVzaG93IjoiODAxNGI3YiJ9\" href='https:\/\/myimoveis.com.br\/wp-content\/uploads\/2025\/10\/4-9.png'><img loading=\"lazy\" decoding=\"async\" width=\"300\" height=\"300\" src=\"https:\/\/myimoveis.com.br\/wp-content\/uploads\/2025\/10\/4-9-300x300.png\" class=\"attachment-medium size-medium\" alt=\"\" srcset=\"https:\/\/myimoveis.com.br\/wp-content\/uploads\/2025\/10\/4-9-300x300.png 300w, https:\/\/myimoveis.com.br\/wp-content\/uploads\/2025\/10\/4-9-1024x1024.png 1024w, https:\/\/myimoveis.com.br\/wp-content\/uploads\/2025\/10\/4-9-150x150.png 150w, https:\/\/myimoveis.com.br\/wp-content\/uploads\/2025\/10\/4-9-768x768.png 768w, https:\/\/myimoveis.com.br\/wp-content\/uploads\/2025\/10\/4-9-230x230.png 230w, https:\/\/myimoveis.com.br\/wp-content\/uploads\/2025\/10\/4-9-400x400.png 400w, https:\/\/myimoveis.com.br\/wp-content\/uploads\/2025\/10\/4-9-600x600.png 600w, https:\/\/myimoveis.com.br\/wp-content\/uploads\/2025\/10\/4-9-640x640.png 640w, https:\/\/myimoveis.com.br\/wp-content\/uploads\/2025\/10\/4-9.png 1080w\" sizes=\"(max-width: 300px) 100vw, 300px\" \/><\/a>\n\t\t\t<\/div><\/figure>\n\t\t<\/div>\n\t\t<\/div>\n\t\t\t\t\t\t<\/div>\n\t\t\t\t\t<\/div>\n\t\t\t\t<\/div>\n\t\t<div class=\"elementor-element elementor-element-ce7b1ed e-flex e-con-boxed e-con e-parent\" data-id=\"ce7b1ed\" data-element_type=\"container\">\n\t\t\t\t\t<div class=\"e-con-inner\">\n\t\t\t\t<div class=\"elementor-element elementor-element-ef1e5a0 elementor-widget elementor-widget-button\" data-id=\"ef1e5a0\" data-element_type=\"widget\" data-widget_type=\"button.default\">\n\t\t\t\t\t\t\t\t\t\t<a class=\"elementor-button elementor-button-link elementor-size-sm\" href=\"https:\/\/wa.me\/5567999002171?text=Ol%C3%A1!%20Gostaria%20de%20mais%20informa%C3%A7%C3%B5es.\">\n\t\t\t\t\t\t<span class=\"elementor-button-content-wrapper\">\n\t\t\t\t\t\t\t\t\t<span class=\"elementor-button-text\">Clique a aqui para falar com Corretor(a).<\/span>\n\t\t\t\t\t<\/span>\n\t\t\t\t\t<\/a>\n\t\t\t\t\t\t\t\t<\/div>\n\t\t\t\t<div class=\"elementor-element elementor-element-1cfec07 elementor-widget elementor-widget-button\" data-id=\"1cfec07\" data-element_type=\"widget\" data-widget_type=\"button.default\">\n\t\t\t\t\t\t\t\t\t\t<a class=\"elementor-button elementor-button-link elementor-size-sm\" href=\"https:\/\/myimoveis.com.br\/index.php\/todas-as-fotos-do-imovel-044\/\" target=\"_blank\">\n\t\t\t\t\t\t<span class=\"elementor-button-content-wrapper\">\n\t\t\t\t\t\t\t\t\t<span class=\"elementor-button-text\">VER TODAS AS  FOTOS<\/span>\n\t\t\t\t\t<\/span>\n\t\t\t\t\t<\/a>\n\t\t\t\t\t\t\t\t<\/div>\n\t\t\t\t<div class=\"elementor-element elementor-element-ab1a3eb elementor-widget__width-initial elementor-widget elementor-widget-heading\" data-id=\"ab1a3eb\" data-element_type=\"widget\" data-widget_type=\"heading.default\">\n\t\t\t\t\t<h2 class=\"elementor-heading-title elementor-size-default\">Im\u00f3vel #044<\/h2>\t\t\t\t<\/div>\n\t\t\t\t\t<\/div>\n\t\t\t\t<\/div>\n\t\t<div class=\"elementor-element elementor-element-046eb17 e-flex e-con-boxed e-con e-parent\" data-id=\"046eb17\" data-element_type=\"container\">\n\t\t\t\t\t<div class=\"e-con-inner\">\n\t\t\t\t<div class=\"elementor-element elementor-element-5412a68 elementor-widget elementor-widget-heading\" data-id=\"5412a68\" data-element_type=\"widget\" data-widget_type=\"heading.default\">\n\t\t\t\t\t<h2 class=\"elementor-heading-title elementor-size-default\">Bairro Maria Ap. Pedrossian <img decoding=\"async\" role=\"img\" class=\"emoji\" alt=\"\ud83c\udfe0\" src=\"https:\/\/s.w.org\/images\/core\/emoji\/16.0.1\/svg\/1f3e0.svg\"><\/h2>\t\t\t\t<\/div>\n\t\t\t\t<div class=\"elementor-element elementor-element-b20151c elementor-widget__width-initial elementor-widget-mobile__width-initial elementor-widget elementor-widget-heading\" data-id=\"b20151c\" data-element_type=\"widget\" data-widget_type=\"heading.default\">\n\t\t\t\t\t<h2 class=\"elementor-heading-title elementor-size-default\"><img decoding=\"async\" role=\"img\" class=\"emoji\" alt=\"\ud83d\udd38\" src=\"https:\/\/s.w.org\/images\/core\/emoji\/16.0.1\/svg\/1f538.svg\"> 2 sala de estar<br><img decoding=\"async\" role=\"img\" class=\"emoji\" alt=\"\ud83d\udd38\" src=\"https:\/\/s.w.org\/images\/core\/emoji\/16.0.1\/svg\/1f538.svg\"> 1 sala de jantar<br><img decoding=\"async\" role=\"img\" class=\"emoji\" alt=\"\ud83d\udd38\" src=\"https:\/\/s.w.org\/images\/core\/emoji\/16.0.1\/svg\/1f538.svg\"> Cozinha ampla<br><img decoding=\"async\" role=\"img\" class=\"emoji\" alt=\"\ud83d\udd38\" src=\"https:\/\/s.w.org\/images\/core\/emoji\/16.0.1\/svg\/1f538.svg\"> 1 Lavabo<br><img decoding=\"async\" role=\"img\" class=\"emoji\" alt=\"\ud83d\udd38\" src=\"https:\/\/s.w.org\/images\/core\/emoji\/16.0.1\/svg\/1f538.svg\"> 3 su\u00edtes, sendo uma Master (com closet)<br><img decoding=\"async\" role=\"img\" class=\"emoji\" alt=\"\ud83d\udd38\" src=\"https:\/\/s.w.org\/images\/core\/emoji\/16.0.1\/svg\/1f538.svg\"> 1 Quarto amplo<br><img decoding=\"async\" role=\"img\" class=\"emoji\" alt=\"\ud83d\udd38\" src=\"https:\/\/s.w.org\/images\/core\/emoji\/16.0.1\/svg\/1f538.svg\"> 1 banheiro <br><img decoding=\"async\" role=\"img\" class=\"emoji\" alt=\"\ud83d\udd38\" src=\"https:\/\/s.w.org\/images\/core\/emoji\/16.0.1\/svg\/1f538.svg\"> \u00c1rea de servi\u00e7o coberta<br><img decoding=\"async\" role=\"img\" class=\"emoji\" alt=\"\ud83d\udd38\" src=\"https:\/\/s.w.org\/images\/core\/emoji\/16.0.1\/svg\/1f538.svg\"> Port\u00e3o de eleva\u00e7\u00e3o<br><img decoding=\"async\" role=\"img\" class=\"emoji\" alt=\"\ud83d\udd38\" src=\"https:\/\/s.w.org\/images\/core\/emoji\/16.0.1\/svg\/1f538.svg\"> Garagem<br><img decoding=\"async\" role=\"img\" class=\"emoji\" alt=\"\ud83d\udccd\" src=\"https:\/\/s.w.org\/images\/core\/emoji\/16.0.1\/svg\/1f4cd.svg\"> Localiza\u00e7\u00e3o excelente, est\u00e1 situado em local comercial, pr\u00f3ximo de mercado e escola<br><img decoding=\"async\" role=\"img\" class=\"emoji\" alt=\"\ud83d\udcb0\" src=\"https:\/\/s.w.org\/images\/core\/emoji\/16.0.1\/svg\/1f4b0.svg\">Valor \u00e0 consultar <img decoding=\"async\" role=\"img\" class=\"emoji\" alt=\"\ud83d\udd0d\" src=\"https:\/\/s.w.org\/images\/core\/emoji\/16.0.1\/svg\/1f50d.svg\"><br>C\u00f3d: 044<br><img decoding=\"async\" role=\"img\" class=\"emoji\" alt=\"\u2198\" src=\"https:\/\/s.w.org\/images\/core\/emoji\/16.0.1\/svg\/2198.svg\"> Sujeito a aprova\u00e7\u00e3o em qualquer banco!<br>\n<img decoding=\"async\" role=\"img\" class=\"emoji\" alt=\"\u23e9\" src=\"https:\/\/s.w.org\/images\/core\/emoji\/16.0.1\/svg\/23e9.svg\">Agende sua visita!<br>\nMaiores informa\u00e7\u00f5es pelo:<br>6799900-2171<br>6798484-3386<br>6798466-3386<br><\/h2>\t\t\t\t<\/div>\n\t\t\t\t\t<\/div>\n\t\t\t\t<\/div>\n\t\t<div class=\"elementor-element elementor-element-01f5a43 e-flex e-con-boxed e-con e-parent\" data-id=\"01f5a43\" data-element_type=\"container\">\n\t\t\t\t\t<div class=\"e-con-inner\">\n\t\t\t\t<div class=\"elementor-element elementor-element-0b18bd4 elementor-widget__width-initial elementor-widget elementor-widget-image\" data-id=\"0b18bd4\" data-element_type=\"widget\" data-widget_type=\"image.default\">\n\t\t\t\t\t\t\t\t\t\t\t\t\t\t\t\t<a href=\"https:\/\/wa.me\/5567999002171?text=Ol%C3%A1!%20Gostaria%20de%20mais%20informa%C3%A7%C3%B5es.\">\n\t\t\t\t\t\t\t<img loading=\"lazy\" decoding=\"async\" width=\"300\" height=\"60\" src=\"https:\/\/myimoveis.com.br\/wp-content\/uploads\/2025\/09\/whats-300x60.png\" class=\"attachment-medium size-medium wp-image-518\" alt=\"\" srcset=\"https:\/\/myimoveis.com.br\/wp-content\/uploads\/2025\/09\/whats-300x60.png 300w, https:\/\/myimoveis.com.br\/wp-content\/uploads\/2025\/09\/whats-1024x204.png 1024w, https:\/\/myimoveis.com.br\/wp-content\/uploads\/2025\/09\/whats-768x153.png 768w, https:\/\/myimoveis.com.br\/wp-content\/uploads\/2025\/09\/whats-600x120.png 600w, https:\/\/myimoveis.com.br\/wp-content\/uploads\/2025\/09\/whats.png 1248w\" sizes=\"(max-width: 300px) 100vw, 300px\" \/>\t\t\t\t\t\t\t\t<\/a>\n\t\t\t\t\t\t\t\t\t\t\t\t\t\t\t<\/div>\n\t\t\t\t\t<\/div>\n\t\t\t\t<\/div>\n\t\t\t\t<\/div>\n\t\t","protected":false},"excerpt":{"rendered":"<p>Clique a aqui para falar com Corretor(a). VER TODAS AS FOTOS Im\u00f3vel #044 Bairro Maria Ap. Pedrossian 2 sala de estar 1 sala de jantar Cozinha ampla 1 Lavabo 3 su\u00edtes, sendo uma Master (com closet) 1 Quarto amplo 1 banheiro \u00c1rea de servi\u00e7o coberta Port\u00e3o de eleva\u00e7\u00e3o Garagem Localiza\u00e7\u00e3o excelente, est\u00e1 situado em local [&hellip;]<\/p>\n","protected":false},"author":1,"featured_media":0,"parent":0,"menu_order":0,"comment_status":"closed","ping_status":"closed","template":"","meta":{"footnotes":""},"class_list":["post-1316","page","type-page","status-publish","hentry"],"_links":{"self":[{"href":"https:\/\/myimoveis.com.br\/index.php\/wp-json\/wp\/v2\/pages\/1316","targetHints":{"allow":["GET"]}}],"collection":[{"href":"https:\/\/myimoveis.com.br\/index.php\/wp-json\/wp\/v2\/pages"}],"about":[{"href":"https:\/\/myimoveis.com.br\/index.php\/wp-json\/wp\/v2\/types\/page"}],"author":[{"embeddable":true,"href":"https:\/\/myimoveis.com.br\/index.php\/wp-json\/wp\/v2\/users\/1"}],"replies":[{"embeddable":true,"href":"https:\/\/myimoveis.com.br\/index.php\/wp-json\/wp\/v2\/comments?post=1316"}],"version-history":[{"count":4,"href":"https:\/\/myimoveis.com.br\/index.php\/wp-json\/wp\/v2\/pages\/1316\/revisions"}],"predecessor-version":[{"id":1341,"href":"https:\/\/myimoveis.com.br\/index.php\/wp-json\/wp\/v2\/pages\/1316\/revisions\/1341"}],"wp:attachment":[{"href":"https:\/\/myimoveis.com.br\/index.php\/wp-json\/wp\/v2\/media?parent=1316"}],"curies":[{"name":"wp","href":"https:\/\/api.w.org\/{rel}","templated":true}]}}