{"id":1293,"date":"2025-10-12T13:28:28","date_gmt":"2025-10-12T16:28:28","guid":{"rendered":"https:\/\/myimoveis.com.br\/?page_id=1293"},"modified":"2025-10-12T13:29:53","modified_gmt":"2025-10-12T16:29:53","slug":"imovel-032","status":"publish","type":"page","link":"https:\/\/myimoveis.com.br\/index.php\/imovel-032\/","title":{"rendered":"Im\u00f3vel #032"},"content":{"rendered":"\t\t<div data-elementor-type=\"wp-page\" data-elementor-id=\"1293\" class=\"elementor elementor-1293\">\n\t\t\t\t<div class=\"elementor-element elementor-element-dda843b e-grid e-con-boxed e-con e-parent\" data-id=\"dda843b\" data-element_type=\"container\">\n\t\t\t\t\t<div class=\"e-con-inner\">\n\t\t\t\t<div class=\"elementor-element elementor-element-18bfd97 elementor-widget elementor-widget-image\" data-id=\"18bfd97\" data-element_type=\"widget\" data-widget_type=\"image.default\">\n\t\t\t\t\t\t\t\t\t\t\t\t\t\t\t<img fetchpriority=\"high\" decoding=\"async\" width=\"300\" height=\"300\" src=\"https:\/\/myimoveis.com.br\/wp-content\/uploads\/2025\/10\/12-6-300x300.png\" class=\"attachment-medium size-medium wp-image-1305\" alt=\"\" srcset=\"https:\/\/myimoveis.com.br\/wp-content\/uploads\/2025\/10\/12-6-300x300.png 300w, https:\/\/myimoveis.com.br\/wp-content\/uploads\/2025\/10\/12-6-1024x1024.png 1024w, https:\/\/myimoveis.com.br\/wp-content\/uploads\/2025\/10\/12-6-150x150.png 150w, https:\/\/myimoveis.com.br\/wp-content\/uploads\/2025\/10\/12-6-768x768.png 768w, https:\/\/myimoveis.com.br\/wp-content\/uploads\/2025\/10\/12-6-230x230.png 230w, https:\/\/myimoveis.com.br\/wp-content\/uploads\/2025\/10\/12-6-400x400.png 400w, https:\/\/myimoveis.com.br\/wp-content\/uploads\/2025\/10\/12-6-600x600.png 600w, https:\/\/myimoveis.com.br\/wp-content\/uploads\/2025\/10\/12-6-640x640.png 640w, https:\/\/myimoveis.com.br\/wp-content\/uploads\/2025\/10\/12-6.png 1080w\" sizes=\"(max-width: 300px) 100vw, 300px\" \/>\t\t\t\t\t\t\t\t\t\t\t\t\t\t\t<\/div>\n\t\t\t\t<div class=\"elementor-element elementor-element-5f4a913 gallery-spacing-custom elementor-widget__width-initial elementor-widget elementor-widget-image-gallery\" data-id=\"5f4a913\" data-element_type=\"widget\" data-widget_type=\"image-gallery.default\">\n\t\t\t\t\t\t\t<div class=\"elementor-image-gallery\">\n\t\t\t<div id='gallery-1' class='gallery galleryid-1293 gallery-columns-3 gallery-size-medium'><figure class='gallery-item'>\n\t\t\t<div class='gallery-icon landscape'>\n\t\t\t\t<a data-elementor-open-lightbox=\"yes\" data-elementor-lightbox-slideshow=\"5f4a913\" data-elementor-lightbox-title=\"4\" data-e-action-hash=\"#elementor-action%3Aaction%3Dlightbox%26settings%3DeyJpZCI6MTI5NywidXJsIjoiaHR0cHM6XC9cL215aW1vdmVpcy5jb20uYnJcL3dwLWNvbnRlbnRcL3VwbG9hZHNcLzIwMjVcLzEwXC80LTgucG5nIiwic2xpZGVzaG93IjoiNWY0YTkxMyJ9\" href='https:\/\/myimoveis.com.br\/wp-content\/uploads\/2025\/10\/4-8.png'><img decoding=\"async\" width=\"300\" height=\"300\" src=\"https:\/\/myimoveis.com.br\/wp-content\/uploads\/2025\/10\/4-8-300x300.png\" class=\"attachment-medium size-medium\" alt=\"\" srcset=\"https:\/\/myimoveis.com.br\/wp-content\/uploads\/2025\/10\/4-8-300x300.png 300w, https:\/\/myimoveis.com.br\/wp-content\/uploads\/2025\/10\/4-8-1024x1024.png 1024w, https:\/\/myimoveis.com.br\/wp-content\/uploads\/2025\/10\/4-8-150x150.png 150w, https:\/\/myimoveis.com.br\/wp-content\/uploads\/2025\/10\/4-8-768x768.png 768w, https:\/\/myimoveis.com.br\/wp-content\/uploads\/2025\/10\/4-8-230x230.png 230w, https:\/\/myimoveis.com.br\/wp-content\/uploads\/2025\/10\/4-8-400x400.png 400w, https:\/\/myimoveis.com.br\/wp-content\/uploads\/2025\/10\/4-8-600x600.png 600w, https:\/\/myimoveis.com.br\/wp-content\/uploads\/2025\/10\/4-8-640x640.png 640w, https:\/\/myimoveis.com.br\/wp-content\/uploads\/2025\/10\/4-8.png 1080w\" sizes=\"(max-width: 300px) 100vw, 300px\" \/><\/a>\n\t\t\t<\/div><\/figure><figure class='gallery-item'>\n\t\t\t<div class='gallery-icon landscape'>\n\t\t\t\t<a data-elementor-open-lightbox=\"yes\" data-elementor-lightbox-slideshow=\"5f4a913\" data-elementor-lightbox-title=\"5\" data-e-action-hash=\"#elementor-action%3Aaction%3Dlightbox%26settings%3DeyJpZCI6MTI5OCwidXJsIjoiaHR0cHM6XC9cL215aW1vdmVpcy5jb20uYnJcL3dwLWNvbnRlbnRcL3VwbG9hZHNcLzIwMjVcLzEwXC81LTgucG5nIiwic2xpZGVzaG93IjoiNWY0YTkxMyJ9\" href='https:\/\/myimoveis.com.br\/wp-content\/uploads\/2025\/10\/5-8.png'><img decoding=\"async\" width=\"300\" height=\"300\" src=\"https:\/\/myimoveis.com.br\/wp-content\/uploads\/2025\/10\/5-8-300x300.png\" class=\"attachment-medium size-medium\" alt=\"\" srcset=\"https:\/\/myimoveis.com.br\/wp-content\/uploads\/2025\/10\/5-8-300x300.png 300w, https:\/\/myimoveis.com.br\/wp-content\/uploads\/2025\/10\/5-8-1024x1024.png 1024w, https:\/\/myimoveis.com.br\/wp-content\/uploads\/2025\/10\/5-8-150x150.png 150w, https:\/\/myimoveis.com.br\/wp-content\/uploads\/2025\/10\/5-8-768x768.png 768w, https:\/\/myimoveis.com.br\/wp-content\/uploads\/2025\/10\/5-8-230x230.png 230w, https:\/\/myimoveis.com.br\/wp-content\/uploads\/2025\/10\/5-8-400x400.png 400w, https:\/\/myimoveis.com.br\/wp-content\/uploads\/2025\/10\/5-8-600x600.png 600w, https:\/\/myimoveis.com.br\/wp-content\/uploads\/2025\/10\/5-8-640x640.png 640w, https:\/\/myimoveis.com.br\/wp-content\/uploads\/2025\/10\/5-8.png 1080w\" sizes=\"(max-width: 300px) 100vw, 300px\" \/><\/a>\n\t\t\t<\/div><\/figure><figure class='gallery-item'>\n\t\t\t<div class='gallery-icon landscape'>\n\t\t\t\t<a data-elementor-open-lightbox=\"yes\" data-elementor-lightbox-slideshow=\"5f4a913\" data-elementor-lightbox-title=\"11\" data-e-action-hash=\"#elementor-action%3Aaction%3Dlightbox%26settings%3DeyJpZCI6MTMwNCwidXJsIjoiaHR0cHM6XC9cL215aW1vdmVpcy5jb20uYnJcL3dwLWNvbnRlbnRcL3VwbG9hZHNcLzIwMjVcLzEwXC8xMS02LnBuZyIsInNsaWRlc2hvdyI6IjVmNGE5MTMifQ%3D%3D\" href='https:\/\/myimoveis.com.br\/wp-content\/uploads\/2025\/10\/11-6.png'><img loading=\"lazy\" decoding=\"async\" width=\"300\" height=\"300\" src=\"https:\/\/myimoveis.com.br\/wp-content\/uploads\/2025\/10\/11-6-300x300.png\" class=\"attachment-medium size-medium\" alt=\"\" srcset=\"https:\/\/myimoveis.com.br\/wp-content\/uploads\/2025\/10\/11-6-300x300.png 300w, https:\/\/myimoveis.com.br\/wp-content\/uploads\/2025\/10\/11-6-1024x1024.png 1024w, https:\/\/myimoveis.com.br\/wp-content\/uploads\/2025\/10\/11-6-150x150.png 150w, https:\/\/myimoveis.com.br\/wp-content\/uploads\/2025\/10\/11-6-768x768.png 768w, https:\/\/myimoveis.com.br\/wp-content\/uploads\/2025\/10\/11-6-230x230.png 230w, https:\/\/myimoveis.com.br\/wp-content\/uploads\/2025\/10\/11-6-400x400.png 400w, https:\/\/myimoveis.com.br\/wp-content\/uploads\/2025\/10\/11-6-600x600.png 600w, https:\/\/myimoveis.com.br\/wp-content\/uploads\/2025\/10\/11-6-640x640.png 640w, https:\/\/myimoveis.com.br\/wp-content\/uploads\/2025\/10\/11-6.png 1080w\" sizes=\"(max-width: 300px) 100vw, 300px\" \/><\/a>\n\t\t\t<\/div><\/figure><figure class='gallery-item'>\n\t\t\t<div class='gallery-icon landscape'>\n\t\t\t\t<a data-elementor-open-lightbox=\"yes\" data-elementor-lightbox-slideshow=\"5f4a913\" data-elementor-lightbox-title=\"12\" data-e-action-hash=\"#elementor-action%3Aaction%3Dlightbox%26settings%3DeyJpZCI6MTMwNSwidXJsIjoiaHR0cHM6XC9cL215aW1vdmVpcy5jb20uYnJcL3dwLWNvbnRlbnRcL3VwbG9hZHNcLzIwMjVcLzEwXC8xMi02LnBuZyIsInNsaWRlc2hvdyI6IjVmNGE5MTMifQ%3D%3D\" href='https:\/\/myimoveis.com.br\/wp-content\/uploads\/2025\/10\/12-6.png'><img loading=\"lazy\" decoding=\"async\" width=\"300\" height=\"300\" src=\"https:\/\/myimoveis.com.br\/wp-content\/uploads\/2025\/10\/12-6-300x300.png\" class=\"attachment-medium size-medium\" alt=\"\" srcset=\"https:\/\/myimoveis.com.br\/wp-content\/uploads\/2025\/10\/12-6-300x300.png 300w, https:\/\/myimoveis.com.br\/wp-content\/uploads\/2025\/10\/12-6-1024x1024.png 1024w, https:\/\/myimoveis.com.br\/wp-content\/uploads\/2025\/10\/12-6-150x150.png 150w, https:\/\/myimoveis.com.br\/wp-content\/uploads\/2025\/10\/12-6-768x768.png 768w, https:\/\/myimoveis.com.br\/wp-content\/uploads\/2025\/10\/12-6-230x230.png 230w, https:\/\/myimoveis.com.br\/wp-content\/uploads\/2025\/10\/12-6-400x400.png 400w, https:\/\/myimoveis.com.br\/wp-content\/uploads\/2025\/10\/12-6-600x600.png 600w, https:\/\/myimoveis.com.br\/wp-content\/uploads\/2025\/10\/12-6-640x640.png 640w, https:\/\/myimoveis.com.br\/wp-content\/uploads\/2025\/10\/12-6.png 1080w\" sizes=\"(max-width: 300px) 100vw, 300px\" \/><\/a>\n\t\t\t<\/div><\/figure>\n\t\t<\/div>\n\t\t<\/div>\n\t\t\t\t\t\t<\/div>\n\t\t\t\t\t<\/div>\n\t\t\t\t<\/div>\n\t\t<div class=\"elementor-element elementor-element-3d38229 e-flex e-con-boxed e-con e-parent\" data-id=\"3d38229\" data-element_type=\"container\">\n\t\t\t\t\t<div class=\"e-con-inner\">\n\t\t\t\t<div class=\"elementor-element elementor-element-2e4e4a7 elementor-widget elementor-widget-button\" data-id=\"2e4e4a7\" data-element_type=\"widget\" data-widget_type=\"button.default\">\n\t\t\t\t\t\t\t\t\t\t<a class=\"elementor-button elementor-button-link elementor-size-sm\" href=\"https:\/\/wa.me\/5567999002171?text=Ol%C3%A1!%20Gostaria%20de%20mais%20informa%C3%A7%C3%B5es.\">\n\t\t\t\t\t\t<span class=\"elementor-button-content-wrapper\">\n\t\t\t\t\t\t\t\t\t<span class=\"elementor-button-text\">Clique a aqui para falar com Corretor(a).<\/span>\n\t\t\t\t\t<\/span>\n\t\t\t\t\t<\/a>\n\t\t\t\t\t\t\t\t<\/div>\n\t\t\t\t<div class=\"elementor-element elementor-element-7786d6c elementor-widget elementor-widget-button\" data-id=\"7786d6c\" data-element_type=\"widget\" data-widget_type=\"button.default\">\n\t\t\t\t\t\t\t\t\t\t<a class=\"elementor-button elementor-button-link elementor-size-sm\" href=\"https:\/\/myimoveis.com.br\/index.php\/todas-as-fotos-do-imovel-032\/\" target=\"_blank\">\n\t\t\t\t\t\t<span class=\"elementor-button-content-wrapper\">\n\t\t\t\t\t\t\t\t\t<span class=\"elementor-button-text\">VER TODAS AS  FOTOS<\/span>\n\t\t\t\t\t<\/span>\n\t\t\t\t\t<\/a>\n\t\t\t\t\t\t\t\t<\/div>\n\t\t\t\t<div class=\"elementor-element elementor-element-5a724a0 elementor-widget__width-initial elementor-widget elementor-widget-heading\" data-id=\"5a724a0\" data-element_type=\"widget\" data-widget_type=\"heading.default\">\n\t\t\t\t\t<h2 class=\"elementor-heading-title elementor-size-default\">Im\u00f3vel #032<\/h2>\t\t\t\t<\/div>\n\t\t\t\t\t<\/div>\n\t\t\t\t<\/div>\n\t\t<div class=\"elementor-element elementor-element-4aefb25 e-flex e-con-boxed e-con e-parent\" data-id=\"4aefb25\" data-element_type=\"container\">\n\t\t\t\t\t<div class=\"e-con-inner\">\n\t\t\t\t<div class=\"elementor-element elementor-element-1c4e60d elementor-widget elementor-widget-heading\" data-id=\"1c4e60d\" data-element_type=\"widget\" data-widget_type=\"heading.default\">\n\t\t\t\t\t<h2 class=\"elementor-heading-title elementor-size-default\">Bairro Maria Ap. Pedrossian <img decoding=\"async\" role=\"img\" class=\"emoji\" alt=\"\ud83c\udfe0\" src=\"https:\/\/s.w.org\/images\/core\/emoji\/16.0.1\/svg\/1f3e0.svg\"><\/h2>\t\t\t\t<\/div>\n\t\t\t\t<div class=\"elementor-element elementor-element-809ba1a elementor-widget__width-initial elementor-widget-mobile__width-initial elementor-widget elementor-widget-heading\" data-id=\"809ba1a\" data-element_type=\"widget\" data-widget_type=\"heading.default\">\n\t\t\t\t\t<h2 class=\"elementor-heading-title elementor-size-default\"><img decoding=\"async\" role=\"img\" class=\"emoji\" alt=\"\ud83d\udd38\" src=\"https:\/\/s.w.org\/images\/core\/emoji\/16.0.1\/svg\/1f538.svg\"> Sala ampla<br><img decoding=\"async\" role=\"img\" class=\"emoji\" alt=\"\ud83d\udd38\" src=\"https:\/\/s.w.org\/images\/core\/emoji\/16.0.1\/svg\/1f538.svg\"> Cozinha ampla individualizada<br><img decoding=\"async\" role=\"img\" class=\"emoji\" alt=\"\ud83d\udd38\" src=\"https:\/\/s.w.org\/images\/core\/emoji\/16.0.1\/svg\/1f538.svg\"> 2 Quartos, sendo uma su\u00edte<br><img decoding=\"async\" role=\"img\" class=\"emoji\" alt=\"\ud83d\udd38\" src=\"https:\/\/s.w.org\/images\/core\/emoji\/16.0.1\/svg\/1f538.svg\"> 3 Banheiros<br><img decoding=\"async\" role=\"img\" class=\"emoji\" alt=\"\ud83d\udd38\" src=\"https:\/\/s.w.org\/images\/core\/emoji\/16.0.1\/svg\/1f538.svg\"> Hall de circula\u00e7\u00e3o<br><img decoding=\"async\" role=\"img\" class=\"emoji\" alt=\"\ud83d\udd38\" src=\"https:\/\/s.w.org\/images\/core\/emoji\/16.0.1\/svg\/1f538.svg\"> Dispensa<br><img decoding=\"async\" role=\"img\" class=\"emoji\" alt=\"\ud83d\udd38\" src=\"https:\/\/s.w.org\/images\/core\/emoji\/16.0.1\/svg\/1f538.svg\"> \u00c1rea gourmet<br><img decoding=\"async\" role=\"img\" class=\"emoji\" alt=\"\ud83d\udd38\" src=\"https:\/\/s.w.org\/images\/core\/emoji\/16.0.1\/svg\/1f538.svg\"> \u00c1rea de servi\u00e7o coberta<br><img decoding=\"async\" role=\"img\" class=\"emoji\" alt=\"\ud83d\udd38\" src=\"https:\/\/s.w.org\/images\/core\/emoji\/16.0.1\/svg\/1f538.svg\"> Varanda<br><img decoding=\"async\" role=\"img\" class=\"emoji\" alt=\"\ud83d\udd38\" src=\"https:\/\/s.w.org\/images\/core\/emoji\/16.0.1\/svg\/1f538.svg\"> Port\u00e3o de eleva\u00e7\u00e3o<br><img decoding=\"async\" role=\"img\" class=\"emoji\" alt=\"\ud83d\udd38\" src=\"https:\/\/s.w.org\/images\/core\/emoji\/16.0.1\/svg\/1f538.svg\"> Garagem coberta.<br>\n<img decoding=\"async\" role=\"img\" class=\"emoji\" alt=\"\ud83d\udd3a\" src=\"https:\/\/s.w.org\/images\/core\/emoji\/16.0.1\/svg\/1f53a.svg\"> \u00c1rea total: 200m\u00b2<br><img decoding=\"async\" role=\"img\" class=\"emoji\" alt=\"\ud83d\udd3b\" src=\"https:\/\/s.w.org\/images\/core\/emoji\/16.0.1\/svg\/1f53b.svg\"> \u00c1rea constru\u00edda: 120m\u00b2<br><img decoding=\"async\" role=\"img\" class=\"emoji\" alt=\"\ud83d\udd39\" src=\"https:\/\/s.w.org\/images\/core\/emoji\/16.0.1\/svg\/1f539.svg\">Aceita proposta.<br><img decoding=\"async\" role=\"img\" class=\"emoji\" alt=\"\u2b55\" src=\"https:\/\/s.w.org\/images\/core\/emoji\/16.0.1\/svg\/2b55.svg\"> Investimento no Valor de 350.000,00<img decoding=\"async\" role=\"img\" class=\"emoji\" alt=\"\ud83d\udcb0\" src=\"https:\/\/s.w.org\/images\/core\/emoji\/16.0.1\/svg\/1f4b0.svg\"><br>C\u00f3d: 032<br><img decoding=\"async\" role=\"img\" class=\"emoji\" alt=\"\u2198\" src=\"https:\/\/s.w.org\/images\/core\/emoji\/16.0.1\/svg\/2198.svg\"> Sujeito a aprova\u00e7\u00e3o em qualquer banco!<br>\n<img decoding=\"async\" role=\"img\" class=\"emoji\" alt=\"\u23e9\" src=\"https:\/\/s.w.org\/images\/core\/emoji\/16.0.1\/svg\/23e9.svg\">Agende sua visita!<br>\nMaiores informa\u00e7\u00f5es pelo:<br>6799900-2171<br>6798484-3386<br>6798466-3386<br><\/h2>\t\t\t\t<\/div>\n\t\t\t\t\t<\/div>\n\t\t\t\t<\/div>\n\t\t<div class=\"elementor-element elementor-element-7f54448 e-flex e-con-boxed e-con e-parent\" data-id=\"7f54448\" data-element_type=\"container\">\n\t\t\t\t\t<div class=\"e-con-inner\">\n\t\t\t\t<div class=\"elementor-element elementor-element-a90932d elementor-widget__width-initial elementor-widget elementor-widget-image\" data-id=\"a90932d\" data-element_type=\"widget\" data-widget_type=\"image.default\">\n\t\t\t\t\t\t\t\t\t\t\t\t\t\t\t\t<a href=\"https:\/\/wa.me\/5567999002171?text=Ol%C3%A1!%20Gostaria%20de%20mais%20informa%C3%A7%C3%B5es.\">\n\t\t\t\t\t\t\t<img loading=\"lazy\" decoding=\"async\" width=\"300\" height=\"60\" src=\"https:\/\/myimoveis.com.br\/wp-content\/uploads\/2025\/09\/whats-300x60.png\" class=\"attachment-medium size-medium wp-image-518\" alt=\"\" srcset=\"https:\/\/myimoveis.com.br\/wp-content\/uploads\/2025\/09\/whats-300x60.png 300w, https:\/\/myimoveis.com.br\/wp-content\/uploads\/2025\/09\/whats-1024x204.png 1024w, https:\/\/myimoveis.com.br\/wp-content\/uploads\/2025\/09\/whats-768x153.png 768w, https:\/\/myimoveis.com.br\/wp-content\/uploads\/2025\/09\/whats-600x120.png 600w, https:\/\/myimoveis.com.br\/wp-content\/uploads\/2025\/09\/whats.png 1248w\" sizes=\"(max-width: 300px) 100vw, 300px\" \/>\t\t\t\t\t\t\t\t<\/a>\n\t\t\t\t\t\t\t\t\t\t\t\t\t\t\t<\/div>\n\t\t\t\t\t<\/div>\n\t\t\t\t<\/div>\n\t\t\t\t<\/div>\n\t\t","protected":false},"excerpt":{"rendered":"<p>Clique a aqui para falar com Corretor(a). VER TODAS AS FOTOS Im\u00f3vel #032 Bairro Maria Ap. Pedrossian Sala ampla Cozinha ampla individualizada 2 Quartos, sendo uma su\u00edte 3 Banheiros Hall de circula\u00e7\u00e3o Dispensa \u00c1rea gourmet \u00c1rea de servi\u00e7o coberta Varanda Port\u00e3o de eleva\u00e7\u00e3o Garagem coberta. \u00c1rea total: 200m\u00b2 \u00c1rea constru\u00edda: 120m\u00b2Aceita proposta. Investimento no Valor [&hellip;]<\/p>\n","protected":false},"author":1,"featured_media":0,"parent":0,"menu_order":0,"comment_status":"closed","ping_status":"closed","template":"","meta":{"footnotes":""},"class_list":["post-1293","page","type-page","status-publish","hentry"],"_links":{"self":[{"href":"https:\/\/myimoveis.com.br\/index.php\/wp-json\/wp\/v2\/pages\/1293","targetHints":{"allow":["GET"]}}],"collection":[{"href":"https:\/\/myimoveis.com.br\/index.php\/wp-json\/wp\/v2\/pages"}],"about":[{"href":"https:\/\/myimoveis.com.br\/index.php\/wp-json\/wp\/v2\/types\/page"}],"author":[{"embeddable":true,"href":"https:\/\/myimoveis.com.br\/index.php\/wp-json\/wp\/v2\/users\/1"}],"replies":[{"embeddable":true,"href":"https:\/\/myimoveis.com.br\/index.php\/wp-json\/wp\/v2\/comments?post=1293"}],"version-history":[{"count":4,"href":"https:\/\/myimoveis.com.br\/index.php\/wp-json\/wp\/v2\/pages\/1293\/revisions"}],"predecessor-version":[{"id":1312,"href":"https:\/\/myimoveis.com.br\/index.php\/wp-json\/wp\/v2\/pages\/1293\/revisions\/1312"}],"wp:attachment":[{"href":"https:\/\/myimoveis.com.br\/index.php\/wp-json\/wp\/v2\/media?parent=1293"}],"curies":[{"name":"wp","href":"https:\/\/api.w.org\/{rel}","templated":true}]}}