{"id":1236,"date":"2025-10-12T13:09:10","date_gmt":"2025-10-12T16:09:10","guid":{"rendered":"https:\/\/myimoveis.com.br\/?page_id=1236"},"modified":"2025-10-12T13:14:12","modified_gmt":"2025-10-12T16:14:12","slug":"imovel-028","status":"publish","type":"page","link":"https:\/\/myimoveis.com.br\/index.php\/imovel-028\/","title":{"rendered":"Im\u00f3vel #028"},"content":{"rendered":"\t\t<div data-elementor-type=\"wp-page\" data-elementor-id=\"1236\" class=\"elementor elementor-1236\">\n\t\t\t\t<div class=\"elementor-element elementor-element-eac22a7 e-grid e-con-boxed e-con e-parent\" data-id=\"eac22a7\" data-element_type=\"container\">\n\t\t\t\t\t<div class=\"e-con-inner\">\n\t\t\t\t<div class=\"elementor-element elementor-element-b83bf85 elementor-widget elementor-widget-image\" data-id=\"b83bf85\" data-element_type=\"widget\" data-widget_type=\"image.default\">\n\t\t\t\t\t\t\t\t\t\t\t\t\t\t\t<img fetchpriority=\"high\" decoding=\"async\" width=\"300\" height=\"300\" src=\"https:\/\/myimoveis.com.br\/wp-content\/uploads\/2025\/10\/2-1-300x300.png\" class=\"attachment-medium size-medium wp-image-1240\" alt=\"\" srcset=\"https:\/\/myimoveis.com.br\/wp-content\/uploads\/2025\/10\/2-1-300x300.png 300w, https:\/\/myimoveis.com.br\/wp-content\/uploads\/2025\/10\/2-1-1024x1024.png 1024w, https:\/\/myimoveis.com.br\/wp-content\/uploads\/2025\/10\/2-1-150x150.png 150w, https:\/\/myimoveis.com.br\/wp-content\/uploads\/2025\/10\/2-1-768x768.png 768w, https:\/\/myimoveis.com.br\/wp-content\/uploads\/2025\/10\/2-1-230x230.png 230w, https:\/\/myimoveis.com.br\/wp-content\/uploads\/2025\/10\/2-1-400x400.png 400w, https:\/\/myimoveis.com.br\/wp-content\/uploads\/2025\/10\/2-1-600x600.png 600w, https:\/\/myimoveis.com.br\/wp-content\/uploads\/2025\/10\/2-1-640x640.png 640w, https:\/\/myimoveis.com.br\/wp-content\/uploads\/2025\/10\/2-1.png 1080w\" sizes=\"(max-width: 300px) 100vw, 300px\" \/>\t\t\t\t\t\t\t\t\t\t\t\t\t\t\t<\/div>\n\t\t\t\t<div class=\"elementor-element elementor-element-5fd3b21 gallery-spacing-custom elementor-widget__width-initial elementor-widget elementor-widget-image-gallery\" data-id=\"5fd3b21\" data-element_type=\"widget\" data-widget_type=\"image-gallery.default\">\n\t\t\t\t\t\t\t<div class=\"elementor-image-gallery\">\n\t\t\t<div id='gallery-1' class='gallery galleryid-1236 gallery-columns-3 gallery-size-medium'><figure class='gallery-item'>\n\t\t\t<div class='gallery-icon landscape'>\n\t\t\t\t<a data-elementor-open-lightbox=\"yes\" data-elementor-lightbox-slideshow=\"5fd3b21\" data-elementor-lightbox-title=\"3\" data-e-action-hash=\"#elementor-action%3Aaction%3Dlightbox%26settings%3DeyJpZCI6MTI0MSwidXJsIjoiaHR0cHM6XC9cL215aW1vdmVpcy5jb20uYnJcL3dwLWNvbnRlbnRcL3VwbG9hZHNcLzIwMjVcLzEwXC8zLTEucG5nIiwic2xpZGVzaG93IjoiNWZkM2IyMSJ9\" href='https:\/\/myimoveis.com.br\/wp-content\/uploads\/2025\/10\/3-1.png'><img decoding=\"async\" width=\"300\" height=\"300\" src=\"https:\/\/myimoveis.com.br\/wp-content\/uploads\/2025\/10\/3-1-300x300.png\" class=\"attachment-medium size-medium\" alt=\"\" srcset=\"https:\/\/myimoveis.com.br\/wp-content\/uploads\/2025\/10\/3-1-300x300.png 300w, https:\/\/myimoveis.com.br\/wp-content\/uploads\/2025\/10\/3-1-1024x1024.png 1024w, https:\/\/myimoveis.com.br\/wp-content\/uploads\/2025\/10\/3-1-150x150.png 150w, https:\/\/myimoveis.com.br\/wp-content\/uploads\/2025\/10\/3-1-768x768.png 768w, https:\/\/myimoveis.com.br\/wp-content\/uploads\/2025\/10\/3-1-230x230.png 230w, https:\/\/myimoveis.com.br\/wp-content\/uploads\/2025\/10\/3-1-400x400.png 400w, https:\/\/myimoveis.com.br\/wp-content\/uploads\/2025\/10\/3-1-600x600.png 600w, https:\/\/myimoveis.com.br\/wp-content\/uploads\/2025\/10\/3-1-640x640.png 640w, https:\/\/myimoveis.com.br\/wp-content\/uploads\/2025\/10\/3-1.png 1080w\" sizes=\"(max-width: 300px) 100vw, 300px\" \/><\/a>\n\t\t\t<\/div><\/figure><figure class='gallery-item'>\n\t\t\t<div class='gallery-icon landscape'>\n\t\t\t\t<a data-elementor-open-lightbox=\"yes\" data-elementor-lightbox-slideshow=\"5fd3b21\" data-elementor-lightbox-title=\"7\" data-e-action-hash=\"#elementor-action%3Aaction%3Dlightbox%26settings%3DeyJpZCI6MTI0NSwidXJsIjoiaHR0cHM6XC9cL215aW1vdmVpcy5jb20uYnJcL3dwLWNvbnRlbnRcL3VwbG9hZHNcLzIwMjVcLzEwXC83LTYucG5nIiwic2xpZGVzaG93IjoiNWZkM2IyMSJ9\" href='https:\/\/myimoveis.com.br\/wp-content\/uploads\/2025\/10\/7-6.png'><img decoding=\"async\" width=\"300\" height=\"300\" src=\"https:\/\/myimoveis.com.br\/wp-content\/uploads\/2025\/10\/7-6-300x300.png\" class=\"attachment-medium size-medium\" alt=\"\" srcset=\"https:\/\/myimoveis.com.br\/wp-content\/uploads\/2025\/10\/7-6-300x300.png 300w, https:\/\/myimoveis.com.br\/wp-content\/uploads\/2025\/10\/7-6-1024x1024.png 1024w, https:\/\/myimoveis.com.br\/wp-content\/uploads\/2025\/10\/7-6-150x150.png 150w, https:\/\/myimoveis.com.br\/wp-content\/uploads\/2025\/10\/7-6-768x768.png 768w, https:\/\/myimoveis.com.br\/wp-content\/uploads\/2025\/10\/7-6-230x230.png 230w, https:\/\/myimoveis.com.br\/wp-content\/uploads\/2025\/10\/7-6-400x400.png 400w, https:\/\/myimoveis.com.br\/wp-content\/uploads\/2025\/10\/7-6-600x600.png 600w, https:\/\/myimoveis.com.br\/wp-content\/uploads\/2025\/10\/7-6-640x640.png 640w, https:\/\/myimoveis.com.br\/wp-content\/uploads\/2025\/10\/7-6.png 1080w\" sizes=\"(max-width: 300px) 100vw, 300px\" \/><\/a>\n\t\t\t<\/div><\/figure><figure class='gallery-item'>\n\t\t\t<div class='gallery-icon landscape'>\n\t\t\t\t<a data-elementor-open-lightbox=\"yes\" data-elementor-lightbox-slideshow=\"5fd3b21\" data-elementor-lightbox-title=\"4\" data-e-action-hash=\"#elementor-action%3Aaction%3Dlightbox%26settings%3DeyJpZCI6MTI0MiwidXJsIjoiaHR0cHM6XC9cL215aW1vdmVpcy5jb20uYnJcL3dwLWNvbnRlbnRcL3VwbG9hZHNcLzIwMjVcLzEwXC80LTYucG5nIiwic2xpZGVzaG93IjoiNWZkM2IyMSJ9\" href='https:\/\/myimoveis.com.br\/wp-content\/uploads\/2025\/10\/4-6.png'><img loading=\"lazy\" decoding=\"async\" width=\"300\" height=\"300\" src=\"https:\/\/myimoveis.com.br\/wp-content\/uploads\/2025\/10\/4-6-300x300.png\" class=\"attachment-medium size-medium\" alt=\"\" srcset=\"https:\/\/myimoveis.com.br\/wp-content\/uploads\/2025\/10\/4-6-300x300.png 300w, https:\/\/myimoveis.com.br\/wp-content\/uploads\/2025\/10\/4-6-1024x1024.png 1024w, https:\/\/myimoveis.com.br\/wp-content\/uploads\/2025\/10\/4-6-150x150.png 150w, https:\/\/myimoveis.com.br\/wp-content\/uploads\/2025\/10\/4-6-768x768.png 768w, https:\/\/myimoveis.com.br\/wp-content\/uploads\/2025\/10\/4-6-230x230.png 230w, https:\/\/myimoveis.com.br\/wp-content\/uploads\/2025\/10\/4-6-400x400.png 400w, https:\/\/myimoveis.com.br\/wp-content\/uploads\/2025\/10\/4-6-600x600.png 600w, https:\/\/myimoveis.com.br\/wp-content\/uploads\/2025\/10\/4-6-640x640.png 640w, https:\/\/myimoveis.com.br\/wp-content\/uploads\/2025\/10\/4-6.png 1080w\" sizes=\"(max-width: 300px) 100vw, 300px\" \/><\/a>\n\t\t\t<\/div><\/figure><figure class='gallery-item'>\n\t\t\t<div class='gallery-icon landscape'>\n\t\t\t\t<a data-elementor-open-lightbox=\"yes\" data-elementor-lightbox-slideshow=\"5fd3b21\" data-elementor-lightbox-title=\"2\" data-e-action-hash=\"#elementor-action%3Aaction%3Dlightbox%26settings%3DeyJpZCI6MTI0MCwidXJsIjoiaHR0cHM6XC9cL215aW1vdmVpcy5jb20uYnJcL3dwLWNvbnRlbnRcL3VwbG9hZHNcLzIwMjVcLzEwXC8yLTEucG5nIiwic2xpZGVzaG93IjoiNWZkM2IyMSJ9\" href='https:\/\/myimoveis.com.br\/wp-content\/uploads\/2025\/10\/2-1.png'><img loading=\"lazy\" decoding=\"async\" width=\"300\" height=\"300\" src=\"https:\/\/myimoveis.com.br\/wp-content\/uploads\/2025\/10\/2-1-300x300.png\" class=\"attachment-medium size-medium\" alt=\"\" srcset=\"https:\/\/myimoveis.com.br\/wp-content\/uploads\/2025\/10\/2-1-300x300.png 300w, https:\/\/myimoveis.com.br\/wp-content\/uploads\/2025\/10\/2-1-1024x1024.png 1024w, https:\/\/myimoveis.com.br\/wp-content\/uploads\/2025\/10\/2-1-150x150.png 150w, https:\/\/myimoveis.com.br\/wp-content\/uploads\/2025\/10\/2-1-768x768.png 768w, https:\/\/myimoveis.com.br\/wp-content\/uploads\/2025\/10\/2-1-230x230.png 230w, https:\/\/myimoveis.com.br\/wp-content\/uploads\/2025\/10\/2-1-400x400.png 400w, https:\/\/myimoveis.com.br\/wp-content\/uploads\/2025\/10\/2-1-600x600.png 600w, https:\/\/myimoveis.com.br\/wp-content\/uploads\/2025\/10\/2-1-640x640.png 640w, https:\/\/myimoveis.com.br\/wp-content\/uploads\/2025\/10\/2-1.png 1080w\" sizes=\"(max-width: 300px) 100vw, 300px\" \/><\/a>\n\t\t\t<\/div><\/figure>\n\t\t<\/div>\n\t\t<\/div>\n\t\t\t\t\t\t<\/div>\n\t\t\t\t\t<\/div>\n\t\t\t\t<\/div>\n\t\t<div class=\"elementor-element elementor-element-ff52287 e-flex e-con-boxed e-con e-parent\" data-id=\"ff52287\" data-element_type=\"container\">\n\t\t\t\t\t<div class=\"e-con-inner\">\n\t\t\t\t<div class=\"elementor-element elementor-element-edee171 elementor-widget elementor-widget-button\" data-id=\"edee171\" data-element_type=\"widget\" data-widget_type=\"button.default\">\n\t\t\t\t\t\t\t\t\t\t<a class=\"elementor-button elementor-button-link elementor-size-sm\" href=\"https:\/\/wa.me\/5567999002171?text=Ol%C3%A1!%20Gostaria%20de%20mais%20informa%C3%A7%C3%B5es.\">\n\t\t\t\t\t\t<span class=\"elementor-button-content-wrapper\">\n\t\t\t\t\t\t\t\t\t<span class=\"elementor-button-text\">Clique a aqui para falar com Corretor(a).<\/span>\n\t\t\t\t\t<\/span>\n\t\t\t\t\t<\/a>\n\t\t\t\t\t\t\t\t<\/div>\n\t\t\t\t<div class=\"elementor-element elementor-element-ed5d01f elementor-widget elementor-widget-button\" data-id=\"ed5d01f\" data-element_type=\"widget\" data-widget_type=\"button.default\">\n\t\t\t\t\t\t\t\t\t\t<a class=\"elementor-button elementor-button-link elementor-size-sm\" href=\"https:\/\/myimoveis.com.br\/index.php\/todas-as-fotos-do-imovel-028\/\" target=\"_blank\">\n\t\t\t\t\t\t<span class=\"elementor-button-content-wrapper\">\n\t\t\t\t\t\t\t\t\t<span class=\"elementor-button-text\">VER TODAS AS  FOTOS<\/span>\n\t\t\t\t\t<\/span>\n\t\t\t\t\t<\/a>\n\t\t\t\t\t\t\t\t<\/div>\n\t\t\t\t<div class=\"elementor-element elementor-element-ae676b5 elementor-widget__width-initial elementor-widget elementor-widget-heading\" data-id=\"ae676b5\" data-element_type=\"widget\" data-widget_type=\"heading.default\">\n\t\t\t\t\t<h2 class=\"elementor-heading-title elementor-size-default\">Im\u00f3vel #028<\/h2>\t\t\t\t<\/div>\n\t\t\t\t\t<\/div>\n\t\t\t\t<\/div>\n\t\t<div class=\"elementor-element elementor-element-2b261ae e-flex e-con-boxed e-con e-parent\" data-id=\"2b261ae\" data-element_type=\"container\">\n\t\t\t\t\t<div class=\"e-con-inner\">\n\t\t\t\t<div class=\"elementor-element elementor-element-031b7db elementor-widget elementor-widget-heading\" data-id=\"031b7db\" data-element_type=\"widget\" data-widget_type=\"heading.default\">\n\t\t\t\t\t<h2 class=\"elementor-heading-title elementor-size-default\">Bairro Jardim Panorama <img decoding=\"async\" role=\"img\" class=\"emoji\" alt=\"\ud83c\udfe0\" src=\"https:\/\/s.w.org\/images\/core\/emoji\/16.0.1\/svg\/1f3e0.svg\"><\/h2>\t\t\t\t<\/div>\n\t\t\t\t<div class=\"elementor-element elementor-element-f9c259a elementor-widget__width-initial elementor-widget-mobile__width-initial elementor-widget elementor-widget-heading\" data-id=\"f9c259a\" data-element_type=\"widget\" data-widget_type=\"heading.default\">\n\t\t\t\t\t<h2 class=\"elementor-heading-title elementor-size-default\"><img decoding=\"async\" role=\"img\" class=\"emoji\" alt=\"\ud83d\udea9\" src=\"https:\/\/s.w.org\/images\/core\/emoji\/16.0.1\/svg\/1f6a9.svg\"> Casa estilo condom\u00ednio usado \u00e0 venda no bairro  Vivendas do Parque<img decoding=\"async\" role=\"img\" class=\"emoji\" alt=\"\ud83c\udfe0\" src=\"https:\/\/s.w.org\/images\/core\/emoji\/16.0.1\/svg\/1f3e0.svg\"><br><img decoding=\"async\" role=\"img\" class=\"emoji\" alt=\"\ud83d\udd38\" src=\"https:\/\/s.w.org\/images\/core\/emoji\/16.0.1\/svg\/1f538.svg\"> Sala<br><img decoding=\"async\" role=\"img\" class=\"emoji\" alt=\"\ud83d\udd38\" src=\"https:\/\/s.w.org\/images\/core\/emoji\/16.0.1\/svg\/1f538.svg\"> Cozinha americana<br><img decoding=\"async\" role=\"img\" class=\"emoji\" alt=\"\ud83d\udd38\" src=\"https:\/\/s.w.org\/images\/core\/emoji\/16.0.1\/svg\/1f538.svg\"> 2 Quartos, sendo uma su\u00edte<br><img decoding=\"async\" role=\"img\" class=\"emoji\" alt=\"\ud83d\udd38\" src=\"https:\/\/s.w.org\/images\/core\/emoji\/16.0.1\/svg\/1f538.svg\"> Banheiro social<br><img decoding=\"async\" role=\"img\" class=\"emoji\" alt=\"\ud83d\udd38\" src=\"https:\/\/s.w.org\/images\/core\/emoji\/16.0.1\/svg\/1f538.svg\"> Hall de circula\u00e7\u00e3o<br><img decoding=\"async\" role=\"img\" class=\"emoji\" alt=\"\ud83d\udd38\" src=\"https:\/\/s.w.org\/images\/core\/emoji\/16.0.1\/svg\/1f538.svg\"> \u00c1rea de servi\u00e7o coberta<br><img decoding=\"async\" role=\"img\" class=\"emoji\" alt=\"\ud83d\udd38\" src=\"https:\/\/s.w.org\/images\/core\/emoji\/16.0.1\/svg\/1f538.svg\"> Garagem coberta<br><img decoding=\"async\" role=\"img\" class=\"emoji\" alt=\"\ud83d\udd38\" src=\"https:\/\/s.w.org\/images\/core\/emoji\/16.0.1\/svg\/1f538.svg\"> Port\u00e3o.<br>\n<img decoding=\"async\" role=\"img\" class=\"emoji\" alt=\"\u26a0\" src=\"https:\/\/s.w.org\/images\/core\/emoji\/16.0.1\/svg\/26a0.svg\"> Transfer\u00eancia de financiamento, valor \u00e0 consultar <img decoding=\"async\" role=\"img\" class=\"emoji\" alt=\"\ud83d\udd0d\" src=\"https:\/\/s.w.org\/images\/core\/emoji\/16.0.1\/svg\/1f50d.svg\"><br><img decoding=\"async\" role=\"img\" class=\"emoji\" alt=\"\u2198\" src=\"https:\/\/s.w.org\/images\/core\/emoji\/16.0.1\/svg\/2198.svg\"> Sujeito a aprova\u00e7\u00e3o em qualquer banco!<br>\n<img decoding=\"async\" role=\"img\" class=\"emoji\" alt=\"\u23e9\" src=\"https:\/\/s.w.org\/images\/core\/emoji\/16.0.1\/svg\/23e9.svg\">Agende sua visita!<br>\nMaiores informa\u00e7\u00f5es pelo:<br>6799900-2171<br>6798484-3386<br>6798466-3386<\/h2>\t\t\t\t<\/div>\n\t\t\t\t\t<\/div>\n\t\t\t\t<\/div>\n\t\t<div class=\"elementor-element elementor-element-b024d60 e-flex e-con-boxed e-con e-parent\" data-id=\"b024d60\" data-element_type=\"container\">\n\t\t\t\t\t<div class=\"e-con-inner\">\n\t\t\t\t<div class=\"elementor-element elementor-element-4c7e2b6 elementor-widget__width-initial elementor-widget elementor-widget-image\" data-id=\"4c7e2b6\" data-element_type=\"widget\" data-widget_type=\"image.default\">\n\t\t\t\t\t\t\t\t\t\t\t\t\t\t\t\t<a href=\"https:\/\/wa.me\/5567999002171?text=Ol%C3%A1!%20Gostaria%20de%20mais%20informa%C3%A7%C3%B5es.\">\n\t\t\t\t\t\t\t<img loading=\"lazy\" decoding=\"async\" width=\"300\" height=\"60\" src=\"https:\/\/myimoveis.com.br\/wp-content\/uploads\/2025\/09\/whats-300x60.png\" class=\"attachment-medium size-medium wp-image-518\" alt=\"\" srcset=\"https:\/\/myimoveis.com.br\/wp-content\/uploads\/2025\/09\/whats-300x60.png 300w, https:\/\/myimoveis.com.br\/wp-content\/uploads\/2025\/09\/whats-1024x204.png 1024w, https:\/\/myimoveis.com.br\/wp-content\/uploads\/2025\/09\/whats-768x153.png 768w, https:\/\/myimoveis.com.br\/wp-content\/uploads\/2025\/09\/whats-600x120.png 600w, https:\/\/myimoveis.com.br\/wp-content\/uploads\/2025\/09\/whats.png 1248w\" sizes=\"(max-width: 300px) 100vw, 300px\" \/>\t\t\t\t\t\t\t\t<\/a>\n\t\t\t\t\t\t\t\t\t\t\t\t\t\t\t<\/div>\n\t\t\t\t\t<\/div>\n\t\t\t\t<\/div>\n\t\t\t\t<\/div>\n\t\t","protected":false},"excerpt":{"rendered":"<p>Clique a aqui para falar com Corretor(a). VER TODAS AS FOTOS Im\u00f3vel #028 Bairro Jardim Panorama Casa estilo condom\u00ednio usado \u00e0 venda no bairro Vivendas do Parque Sala Cozinha americana 2 Quartos, sendo uma su\u00edte Banheiro social Hall de circula\u00e7\u00e3o \u00c1rea de servi\u00e7o coberta Garagem coberta Port\u00e3o. Transfer\u00eancia de financiamento, valor \u00e0 consultar Sujeito a [&hellip;]<\/p>\n","protected":false},"author":1,"featured_media":0,"parent":0,"menu_order":0,"comment_status":"closed","ping_status":"closed","template":"","meta":{"footnotes":""},"class_list":["post-1236","page","type-page","status-publish","hentry"],"_links":{"self":[{"href":"https:\/\/myimoveis.com.br\/index.php\/wp-json\/wp\/v2\/pages\/1236","targetHints":{"allow":["GET"]}}],"collection":[{"href":"https:\/\/myimoveis.com.br\/index.php\/wp-json\/wp\/v2\/pages"}],"about":[{"href":"https:\/\/myimoveis.com.br\/index.php\/wp-json\/wp\/v2\/types\/page"}],"author":[{"embeddable":true,"href":"https:\/\/myimoveis.com.br\/index.php\/wp-json\/wp\/v2\/users\/1"}],"replies":[{"embeddable":true,"href":"https:\/\/myimoveis.com.br\/index.php\/wp-json\/wp\/v2\/comments?post=1236"}],"version-history":[{"count":4,"href":"https:\/\/myimoveis.com.br\/index.php\/wp-json\/wp\/v2\/pages\/1236\/revisions"}],"predecessor-version":[{"id":1255,"href":"https:\/\/myimoveis.com.br\/index.php\/wp-json\/wp\/v2\/pages\/1236\/revisions\/1255"}],"wp:attachment":[{"href":"https:\/\/myimoveis.com.br\/index.php\/wp-json\/wp\/v2\/media?parent=1236"}],"curies":[{"name":"wp","href":"https:\/\/api.w.org\/{rel}","templated":true}]}}