{"id":1103,"date":"2025-10-07T13:16:12","date_gmt":"2025-10-07T16:16:12","guid":{"rendered":"https:\/\/myimoveis.com.br\/?page_id=1103"},"modified":"2025-10-07T13:19:02","modified_gmt":"2025-10-07T16:19:02","slug":"imovel-111","status":"publish","type":"page","link":"https:\/\/myimoveis.com.br\/index.php\/imovel-111\/","title":{"rendered":"Im\u00f3vel #111"},"content":{"rendered":"\t\t<div data-elementor-type=\"wp-page\" data-elementor-id=\"1103\" class=\"elementor elementor-1103\">\n\t\t\t\t<div class=\"elementor-element elementor-element-585f246 e-grid e-con-boxed e-con e-parent\" data-id=\"585f246\" data-element_type=\"container\">\n\t\t\t\t\t<div class=\"e-con-inner\">\n\t\t\t\t<div class=\"elementor-element elementor-element-bbd51b7 elementor-widget elementor-widget-image\" data-id=\"bbd51b7\" data-element_type=\"widget\" data-widget_type=\"image.default\">\n\t\t\t\t\t\t\t\t\t\t\t\t\t\t\t<img fetchpriority=\"high\" decoding=\"async\" width=\"300\" height=\"300\" src=\"https:\/\/myimoveis.com.br\/wp-content\/uploads\/2025\/10\/4-2-300x300.png\" class=\"attachment-medium size-medium wp-image-1107\" alt=\"\" srcset=\"https:\/\/myimoveis.com.br\/wp-content\/uploads\/2025\/10\/4-2-300x300.png 300w, https:\/\/myimoveis.com.br\/wp-content\/uploads\/2025\/10\/4-2-1024x1024.png 1024w, https:\/\/myimoveis.com.br\/wp-content\/uploads\/2025\/10\/4-2-150x150.png 150w, https:\/\/myimoveis.com.br\/wp-content\/uploads\/2025\/10\/4-2-768x768.png 768w, https:\/\/myimoveis.com.br\/wp-content\/uploads\/2025\/10\/4-2-230x230.png 230w, https:\/\/myimoveis.com.br\/wp-content\/uploads\/2025\/10\/4-2-400x400.png 400w, https:\/\/myimoveis.com.br\/wp-content\/uploads\/2025\/10\/4-2-600x600.png 600w, https:\/\/myimoveis.com.br\/wp-content\/uploads\/2025\/10\/4-2-640x640.png 640w, https:\/\/myimoveis.com.br\/wp-content\/uploads\/2025\/10\/4-2.png 1080w\" sizes=\"(max-width: 300px) 100vw, 300px\" \/>\t\t\t\t\t\t\t\t\t\t\t\t\t\t\t<\/div>\n\t\t\t\t<div class=\"elementor-element elementor-element-9babd8f gallery-spacing-custom elementor-widget__width-initial elementor-widget elementor-widget-image-gallery\" data-id=\"9babd8f\" data-element_type=\"widget\" data-widget_type=\"image-gallery.default\">\n\t\t\t\t\t\t\t<div class=\"elementor-image-gallery\">\n\t\t\t<div id='gallery-1' class='gallery galleryid-1103 gallery-columns-3 gallery-size-medium'><figure class='gallery-item'>\n\t\t\t<div class='gallery-icon landscape'>\n\t\t\t\t<a data-elementor-open-lightbox=\"yes\" data-elementor-lightbox-slideshow=\"9babd8f\" data-elementor-lightbox-title=\"21\" data-e-action-hash=\"#elementor-action%3Aaction%3Dlightbox%26settings%3DeyJpZCI6MTEyNCwidXJsIjoiaHR0cHM6XC9cL215aW1vdmVpcy5jb20uYnJcL3dwLWNvbnRlbnRcL3VwbG9hZHNcLzIwMjVcLzEwXC8yMS5wbmciLCJzbGlkZXNob3ciOiI5YmFiZDhmIn0%3D\" href='https:\/\/myimoveis.com.br\/wp-content\/uploads\/2025\/10\/21.png'><img decoding=\"async\" width=\"300\" height=\"300\" src=\"https:\/\/myimoveis.com.br\/wp-content\/uploads\/2025\/10\/21-300x300.png\" class=\"attachment-medium size-medium\" alt=\"\" srcset=\"https:\/\/myimoveis.com.br\/wp-content\/uploads\/2025\/10\/21-300x300.png 300w, https:\/\/myimoveis.com.br\/wp-content\/uploads\/2025\/10\/21-1024x1024.png 1024w, https:\/\/myimoveis.com.br\/wp-content\/uploads\/2025\/10\/21-150x150.png 150w, https:\/\/myimoveis.com.br\/wp-content\/uploads\/2025\/10\/21-768x768.png 768w, https:\/\/myimoveis.com.br\/wp-content\/uploads\/2025\/10\/21-230x230.png 230w, https:\/\/myimoveis.com.br\/wp-content\/uploads\/2025\/10\/21-400x400.png 400w, https:\/\/myimoveis.com.br\/wp-content\/uploads\/2025\/10\/21-600x600.png 600w, https:\/\/myimoveis.com.br\/wp-content\/uploads\/2025\/10\/21-640x640.png 640w, https:\/\/myimoveis.com.br\/wp-content\/uploads\/2025\/10\/21.png 1080w\" sizes=\"(max-width: 300px) 100vw, 300px\" \/><\/a>\n\t\t\t<\/div><\/figure><figure class='gallery-item'>\n\t\t\t<div class='gallery-icon landscape'>\n\t\t\t\t<a data-elementor-open-lightbox=\"yes\" data-elementor-lightbox-slideshow=\"9babd8f\" data-elementor-lightbox-title=\"10\" data-e-action-hash=\"#elementor-action%3Aaction%3Dlightbox%26settings%3DeyJpZCI6MTExMywidXJsIjoiaHR0cHM6XC9cL215aW1vdmVpcy5jb20uYnJcL3dwLWNvbnRlbnRcL3VwbG9hZHNcLzIwMjVcLzEwXC8xMC0yLnBuZyIsInNsaWRlc2hvdyI6IjliYWJkOGYifQ%3D%3D\" href='https:\/\/myimoveis.com.br\/wp-content\/uploads\/2025\/10\/10-2.png'><img decoding=\"async\" width=\"300\" height=\"300\" src=\"https:\/\/myimoveis.com.br\/wp-content\/uploads\/2025\/10\/10-2-300x300.png\" class=\"attachment-medium size-medium\" alt=\"\" srcset=\"https:\/\/myimoveis.com.br\/wp-content\/uploads\/2025\/10\/10-2-300x300.png 300w, https:\/\/myimoveis.com.br\/wp-content\/uploads\/2025\/10\/10-2-1024x1024.png 1024w, https:\/\/myimoveis.com.br\/wp-content\/uploads\/2025\/10\/10-2-150x150.png 150w, https:\/\/myimoveis.com.br\/wp-content\/uploads\/2025\/10\/10-2-768x768.png 768w, https:\/\/myimoveis.com.br\/wp-content\/uploads\/2025\/10\/10-2-230x230.png 230w, https:\/\/myimoveis.com.br\/wp-content\/uploads\/2025\/10\/10-2-400x400.png 400w, https:\/\/myimoveis.com.br\/wp-content\/uploads\/2025\/10\/10-2-600x600.png 600w, https:\/\/myimoveis.com.br\/wp-content\/uploads\/2025\/10\/10-2-640x640.png 640w, https:\/\/myimoveis.com.br\/wp-content\/uploads\/2025\/10\/10-2.png 1080w\" sizes=\"(max-width: 300px) 100vw, 300px\" \/><\/a>\n\t\t\t<\/div><\/figure><figure class='gallery-item'>\n\t\t\t<div class='gallery-icon landscape'>\n\t\t\t\t<a data-elementor-open-lightbox=\"yes\" data-elementor-lightbox-slideshow=\"9babd8f\" data-elementor-lightbox-title=\"18\" data-e-action-hash=\"#elementor-action%3Aaction%3Dlightbox%26settings%3DeyJpZCI6MTEyMSwidXJsIjoiaHR0cHM6XC9cL215aW1vdmVpcy5jb20uYnJcL3dwLWNvbnRlbnRcL3VwbG9hZHNcLzIwMjVcLzEwXC8xOC0xLnBuZyIsInNsaWRlc2hvdyI6IjliYWJkOGYifQ%3D%3D\" href='https:\/\/myimoveis.com.br\/wp-content\/uploads\/2025\/10\/18-1.png'><img loading=\"lazy\" decoding=\"async\" width=\"300\" height=\"300\" src=\"https:\/\/myimoveis.com.br\/wp-content\/uploads\/2025\/10\/18-1-300x300.png\" class=\"attachment-medium size-medium\" alt=\"\" srcset=\"https:\/\/myimoveis.com.br\/wp-content\/uploads\/2025\/10\/18-1-300x300.png 300w, https:\/\/myimoveis.com.br\/wp-content\/uploads\/2025\/10\/18-1-1024x1024.png 1024w, https:\/\/myimoveis.com.br\/wp-content\/uploads\/2025\/10\/18-1-150x150.png 150w, https:\/\/myimoveis.com.br\/wp-content\/uploads\/2025\/10\/18-1-768x768.png 768w, https:\/\/myimoveis.com.br\/wp-content\/uploads\/2025\/10\/18-1-230x230.png 230w, https:\/\/myimoveis.com.br\/wp-content\/uploads\/2025\/10\/18-1-400x400.png 400w, https:\/\/myimoveis.com.br\/wp-content\/uploads\/2025\/10\/18-1-600x600.png 600w, https:\/\/myimoveis.com.br\/wp-content\/uploads\/2025\/10\/18-1-640x640.png 640w, https:\/\/myimoveis.com.br\/wp-content\/uploads\/2025\/10\/18-1.png 1080w\" sizes=\"(max-width: 300px) 100vw, 300px\" \/><\/a>\n\t\t\t<\/div><\/figure><figure class='gallery-item'>\n\t\t\t<div class='gallery-icon landscape'>\n\t\t\t\t<a data-elementor-open-lightbox=\"yes\" data-elementor-lightbox-slideshow=\"9babd8f\" data-elementor-lightbox-title=\"4\" data-e-action-hash=\"#elementor-action%3Aaction%3Dlightbox%26settings%3DeyJpZCI6MTEwNywidXJsIjoiaHR0cHM6XC9cL215aW1vdmVpcy5jb20uYnJcL3dwLWNvbnRlbnRcL3VwbG9hZHNcLzIwMjVcLzEwXC80LTIucG5nIiwic2xpZGVzaG93IjoiOWJhYmQ4ZiJ9\" href='https:\/\/myimoveis.com.br\/wp-content\/uploads\/2025\/10\/4-2.png'><img loading=\"lazy\" decoding=\"async\" width=\"300\" height=\"300\" src=\"https:\/\/myimoveis.com.br\/wp-content\/uploads\/2025\/10\/4-2-300x300.png\" class=\"attachment-medium size-medium\" alt=\"\" srcset=\"https:\/\/myimoveis.com.br\/wp-content\/uploads\/2025\/10\/4-2-300x300.png 300w, https:\/\/myimoveis.com.br\/wp-content\/uploads\/2025\/10\/4-2-1024x1024.png 1024w, https:\/\/myimoveis.com.br\/wp-content\/uploads\/2025\/10\/4-2-150x150.png 150w, https:\/\/myimoveis.com.br\/wp-content\/uploads\/2025\/10\/4-2-768x768.png 768w, https:\/\/myimoveis.com.br\/wp-content\/uploads\/2025\/10\/4-2-230x230.png 230w, https:\/\/myimoveis.com.br\/wp-content\/uploads\/2025\/10\/4-2-400x400.png 400w, https:\/\/myimoveis.com.br\/wp-content\/uploads\/2025\/10\/4-2-600x600.png 600w, https:\/\/myimoveis.com.br\/wp-content\/uploads\/2025\/10\/4-2-640x640.png 640w, https:\/\/myimoveis.com.br\/wp-content\/uploads\/2025\/10\/4-2.png 1080w\" sizes=\"(max-width: 300px) 100vw, 300px\" \/><\/a>\n\t\t\t<\/div><\/figure>\n\t\t<\/div>\n\t\t<\/div>\n\t\t\t\t\t\t<\/div>\n\t\t\t\t\t<\/div>\n\t\t\t\t<\/div>\n\t\t<div class=\"elementor-element elementor-element-9055c6a e-flex e-con-boxed e-con e-parent\" data-id=\"9055c6a\" data-element_type=\"container\">\n\t\t\t\t\t<div class=\"e-con-inner\">\n\t\t\t\t<div class=\"elementor-element elementor-element-d0a35e3 elementor-widget elementor-widget-button\" data-id=\"d0a35e3\" data-element_type=\"widget\" data-widget_type=\"button.default\">\n\t\t\t\t\t\t\t\t\t\t<a class=\"elementor-button elementor-button-link elementor-size-sm\" href=\"https:\/\/wa.me\/5567999002171?text=Ol%C3%A1!%20Gostaria%20de%20mais%20informa%C3%A7%C3%B5es.\">\n\t\t\t\t\t\t<span class=\"elementor-button-content-wrapper\">\n\t\t\t\t\t\t\t\t\t<span class=\"elementor-button-text\">Clique a aqui para falar com Corretor(a).<\/span>\n\t\t\t\t\t<\/span>\n\t\t\t\t\t<\/a>\n\t\t\t\t\t\t\t\t<\/div>\n\t\t\t\t<div class=\"elementor-element elementor-element-61d0264 elementor-widget elementor-widget-button\" data-id=\"61d0264\" data-element_type=\"widget\" data-widget_type=\"button.default\">\n\t\t\t\t\t\t\t\t\t\t<a class=\"elementor-button elementor-button-link elementor-size-sm\" href=\"https:\/\/myimoveis.com.br\/index.php\/todas-as-fotos-do-imovel-111\/\" target=\"_blank\">\n\t\t\t\t\t\t<span class=\"elementor-button-content-wrapper\">\n\t\t\t\t\t\t\t\t\t<span class=\"elementor-button-text\">VER TODAS AS  FOTOS<\/span>\n\t\t\t\t\t<\/span>\n\t\t\t\t\t<\/a>\n\t\t\t\t\t\t\t\t<\/div>\n\t\t\t\t<div class=\"elementor-element elementor-element-8d61807 elementor-widget__width-initial elementor-widget elementor-widget-heading\" data-id=\"8d61807\" data-element_type=\"widget\" data-widget_type=\"heading.default\">\n\t\t\t\t\t<h2 class=\"elementor-heading-title elementor-size-default\">Im\u00f3vel #111<\/h2>\t\t\t\t<\/div>\n\t\t\t\t\t<\/div>\n\t\t\t\t<\/div>\n\t\t<div class=\"elementor-element elementor-element-72ceee2 e-flex e-con-boxed e-con e-parent\" data-id=\"72ceee2\" data-element_type=\"container\">\n\t\t\t\t\t<div class=\"e-con-inner\">\n\t\t\t\t<div class=\"elementor-element elementor-element-8bc8682 elementor-widget elementor-widget-heading\" data-id=\"8bc8682\" data-element_type=\"widget\" data-widget_type=\"heading.default\">\n\t\t\t\t\t<h2 class=\"elementor-heading-title elementor-size-default\">Bairro Santo Antonio <img decoding=\"async\" role=\"img\" class=\"emoji\" alt=\"\ud83c\udfe0\" src=\"https:\/\/s.w.org\/images\/core\/emoji\/16.0.1\/svg\/1f3e0.svg\"><\/h2>\t\t\t\t<\/div>\n\t\t\t\t<div class=\"elementor-element elementor-element-67570b3 elementor-widget__width-initial elementor-widget-mobile__width-initial elementor-widget elementor-widget-heading\" data-id=\"67570b3\" data-element_type=\"widget\" data-widget_type=\"heading.default\">\n\t\t\t\t\t<h2 class=\"elementor-heading-title elementor-size-default\"><img decoding=\"async\" role=\"img\" class=\"emoji\" alt=\"\ud83d\udccd\" src=\"https:\/\/s.w.org\/images\/core\/emoji\/16.0.1\/svg\/1f4cd.svg\"> \u00f3tima localiza\u00e7\u00e3o, pr\u00f3ximo \u00e0 Av. Julio de Castilho.<br><img decoding=\"async\" role=\"img\" class=\"emoji\" alt=\"\ud83d\udd38\" src=\"https:\/\/s.w.org\/images\/core\/emoji\/16.0.1\/svg\/1f538.svg\"> Sala ampla<br><img decoding=\"async\" role=\"img\" class=\"emoji\" alt=\"\ud83d\udd38\" src=\"https:\/\/s.w.org\/images\/core\/emoji\/16.0.1\/svg\/1f538.svg\"> Cozinha integrada com pia em m\u00e1rmore<br><img decoding=\"async\" role=\"img\" class=\"emoji\" alt=\"\ud83d\udd38\" src=\"https:\/\/s.w.org\/images\/core\/emoji\/16.0.1\/svg\/1f538.svg\"> 3  su\u00edtes amplas<br><img decoding=\"async\" role=\"img\" class=\"emoji\" alt=\"\ud83d\udd38\" src=\"https:\/\/s.w.org\/images\/core\/emoji\/16.0.1\/svg\/1f538.svg\"> Hall de circula\u00e7\u00e3o<br><img decoding=\"async\" role=\"img\" class=\"emoji\" alt=\"\ud83d\udd38\" src=\"https:\/\/s.w.org\/images\/core\/emoji\/16.0.1\/svg\/1f538.svg\"> Rodap\u00e9 embutido<br><img decoding=\"async\" role=\"img\" class=\"emoji\" alt=\"\ud83d\udd38\" src=\"https:\/\/s.w.org\/images\/core\/emoji\/16.0.1\/svg\/1f538.svg\"> ilumina\u00e7\u00e3o em led<br><img decoding=\"async\" role=\"img\" class=\"emoji\" alt=\"\ud83d\udd38\" src=\"https:\/\/s.w.org\/images\/core\/emoji\/16.0.1\/svg\/1f538.svg\"> \u00c1rea de servi\u00e7o coberta<br><img decoding=\"async\" role=\"img\" class=\"emoji\" alt=\"\ud83d\udd38\" src=\"https:\/\/s.w.org\/images\/core\/emoji\/16.0.1\/svg\/1f538.svg\"> Port\u00e3o de eleva\u00e7\u00e3o<br><img decoding=\"async\" role=\"img\" class=\"emoji\" alt=\"\ud83d\udd38\" src=\"https:\/\/s.w.org\/images\/core\/emoji\/16.0.1\/svg\/1f538.svg\"> Garagem<br><img decoding=\"async\" role=\"img\" class=\"emoji\" alt=\"\ud83d\udd38\" src=\"https:\/\/s.w.org\/images\/core\/emoji\/16.0.1\/svg\/1f538.svg\">Cerca el\u00e9trica<br><img decoding=\"async\" role=\"img\" class=\"emoji\" alt=\"\ud83d\udd38\" src=\"https:\/\/s.w.org\/images\/core\/emoji\/16.0.1\/svg\/1f538.svg\"> \u00e1rea gourmet<br><img decoding=\"async\" role=\"img\" class=\"emoji\" alt=\"\ud83d\udd38\" src=\"https:\/\/s.w.org\/images\/core\/emoji\/16.0.1\/svg\/1f538.svg\"> piscina <br>\n<img decoding=\"async\" role=\"img\" class=\"emoji\" alt=\"\ud83d\udcb0\" src=\"https:\/\/s.w.org\/images\/core\/emoji\/16.0.1\/svg\/1f4b0.svg\"> Valor \u00e0 consultar <img decoding=\"async\" role=\"img\" class=\"emoji\" alt=\"\ud83d\udd0d\" src=\"https:\/\/s.w.org\/images\/core\/emoji\/16.0.1\/svg\/1f50d.svg\"><br>C\u00f3d: 111<br><br><img decoding=\"async\" role=\"img\" class=\"emoji\" alt=\"\u23e9\" src=\"https:\/\/s.w.org\/images\/core\/emoji\/16.0.1\/svg\/23e9.svg\">Agende sua visita!<br>\nMaiores informa\u00e7\u00f5es pelo:<br>6799900-2171<br>6798484-3386<br>6798466-3386<\/h2>\t\t\t\t<\/div>\n\t\t\t\t\t<\/div>\n\t\t\t\t<\/div>\n\t\t<div class=\"elementor-element elementor-element-2488a7a e-flex e-con-boxed e-con e-parent\" data-id=\"2488a7a\" data-element_type=\"container\">\n\t\t\t\t\t<div class=\"e-con-inner\">\n\t\t\t\t<div class=\"elementor-element elementor-element-8bbfa67 elementor-widget__width-initial elementor-widget elementor-widget-image\" data-id=\"8bbfa67\" data-element_type=\"widget\" data-widget_type=\"image.default\">\n\t\t\t\t\t\t\t\t\t\t\t\t\t\t\t\t<a href=\"https:\/\/wa.me\/5567999002171?text=Ol%C3%A1!%20Gostaria%20de%20mais%20informa%C3%A7%C3%B5es.\">\n\t\t\t\t\t\t\t<img loading=\"lazy\" decoding=\"async\" width=\"300\" height=\"60\" src=\"https:\/\/myimoveis.com.br\/wp-content\/uploads\/2025\/09\/whats-300x60.png\" class=\"attachment-medium size-medium wp-image-518\" alt=\"\" srcset=\"https:\/\/myimoveis.com.br\/wp-content\/uploads\/2025\/09\/whats-300x60.png 300w, https:\/\/myimoveis.com.br\/wp-content\/uploads\/2025\/09\/whats-1024x204.png 1024w, https:\/\/myimoveis.com.br\/wp-content\/uploads\/2025\/09\/whats-768x153.png 768w, https:\/\/myimoveis.com.br\/wp-content\/uploads\/2025\/09\/whats-600x120.png 600w, https:\/\/myimoveis.com.br\/wp-content\/uploads\/2025\/09\/whats.png 1248w\" sizes=\"(max-width: 300px) 100vw, 300px\" \/>\t\t\t\t\t\t\t\t<\/a>\n\t\t\t\t\t\t\t\t\t\t\t\t\t\t\t<\/div>\n\t\t\t\t\t<\/div>\n\t\t\t\t<\/div>\n\t\t\t\t<\/div>\n\t\t","protected":false},"excerpt":{"rendered":"<p>Clique a aqui para falar com Corretor(a). VER TODAS AS FOTOS Im\u00f3vel #111 Bairro Santo Antonio \u00f3tima localiza\u00e7\u00e3o, pr\u00f3ximo \u00e0 Av. Julio de Castilho. Sala ampla Cozinha integrada com pia em m\u00e1rmore 3 su\u00edtes amplas Hall de circula\u00e7\u00e3o Rodap\u00e9 embutido ilumina\u00e7\u00e3o em led \u00c1rea de servi\u00e7o coberta Port\u00e3o de eleva\u00e7\u00e3o GaragemCerca el\u00e9trica \u00e1rea gourmet piscina [&hellip;]<\/p>\n","protected":false},"author":1,"featured_media":0,"parent":0,"menu_order":0,"comment_status":"closed","ping_status":"closed","template":"","meta":{"footnotes":""},"class_list":["post-1103","page","type-page","status-publish","hentry"],"_links":{"self":[{"href":"https:\/\/myimoveis.com.br\/index.php\/wp-json\/wp\/v2\/pages\/1103","targetHints":{"allow":["GET"]}}],"collection":[{"href":"https:\/\/myimoveis.com.br\/index.php\/wp-json\/wp\/v2\/pages"}],"about":[{"href":"https:\/\/myimoveis.com.br\/index.php\/wp-json\/wp\/v2\/types\/page"}],"author":[{"embeddable":true,"href":"https:\/\/myimoveis.com.br\/index.php\/wp-json\/wp\/v2\/users\/1"}],"replies":[{"embeddable":true,"href":"https:\/\/myimoveis.com.br\/index.php\/wp-json\/wp\/v2\/comments?post=1103"}],"version-history":[{"count":4,"href":"https:\/\/myimoveis.com.br\/index.php\/wp-json\/wp\/v2\/pages\/1103\/revisions"}],"predecessor-version":[{"id":1130,"href":"https:\/\/myimoveis.com.br\/index.php\/wp-json\/wp\/v2\/pages\/1103\/revisions\/1130"}],"wp:attachment":[{"href":"https:\/\/myimoveis.com.br\/index.php\/wp-json\/wp\/v2\/media?parent=1103"}],"curies":[{"name":"wp","href":"https:\/\/api.w.org\/{rel}","templated":true}]}}