{"id":1012,"date":"2025-09-30T17:57:54","date_gmt":"2025-09-30T20:57:54","guid":{"rendered":"https:\/\/myimoveis.com.br\/?page_id=1012"},"modified":"2025-09-30T18:01:35","modified_gmt":"2025-09-30T21:01:35","slug":"imovel-125","status":"publish","type":"page","link":"https:\/\/myimoveis.com.br\/index.php\/imovel-125\/","title":{"rendered":"Im\u00f3vel  #125"},"content":{"rendered":"\t\t<div data-elementor-type=\"wp-page\" data-elementor-id=\"1012\" class=\"elementor elementor-1012\">\n\t\t\t\t<div class=\"elementor-element elementor-element-4722c1d e-grid e-con-boxed e-con e-parent\" data-id=\"4722c1d\" data-element_type=\"container\">\n\t\t\t\t\t<div class=\"e-con-inner\">\n\t\t\t\t<div class=\"elementor-element elementor-element-6ce7348 elementor-widget elementor-widget-image\" data-id=\"6ce7348\" data-element_type=\"widget\" data-widget_type=\"image.default\">\n\t\t\t\t\t\t\t\t\t\t\t\t\t\t\t<img fetchpriority=\"high\" decoding=\"async\" width=\"300\" height=\"300\" src=\"https:\/\/myimoveis.com.br\/wp-content\/uploads\/2025\/09\/4-9-300x300.png\" class=\"attachment-medium size-medium wp-image-1014\" alt=\"\" srcset=\"https:\/\/myimoveis.com.br\/wp-content\/uploads\/2025\/09\/4-9-300x300.png 300w, https:\/\/myimoveis.com.br\/wp-content\/uploads\/2025\/09\/4-9-1024x1024.png 1024w, https:\/\/myimoveis.com.br\/wp-content\/uploads\/2025\/09\/4-9-150x150.png 150w, https:\/\/myimoveis.com.br\/wp-content\/uploads\/2025\/09\/4-9-768x768.png 768w, https:\/\/myimoveis.com.br\/wp-content\/uploads\/2025\/09\/4-9-230x230.png 230w, https:\/\/myimoveis.com.br\/wp-content\/uploads\/2025\/09\/4-9-400x400.png 400w, https:\/\/myimoveis.com.br\/wp-content\/uploads\/2025\/09\/4-9-600x600.png 600w, https:\/\/myimoveis.com.br\/wp-content\/uploads\/2025\/09\/4-9-640x640.png 640w, https:\/\/myimoveis.com.br\/wp-content\/uploads\/2025\/09\/4-9.png 1080w\" sizes=\"(max-width: 300px) 100vw, 300px\" \/>\t\t\t\t\t\t\t\t\t\t\t\t\t\t\t<\/div>\n\t\t\t\t<div class=\"elementor-element elementor-element-542d30f gallery-spacing-custom elementor-widget__width-initial elementor-widget elementor-widget-image-gallery\" data-id=\"542d30f\" data-element_type=\"widget\" data-widget_type=\"image-gallery.default\">\n\t\t\t\t\t\t\t<div class=\"elementor-image-gallery\">\n\t\t\t<div id='gallery-1' class='gallery galleryid-1012 gallery-columns-3 gallery-size-medium'><figure class='gallery-item'>\n\t\t\t<div class='gallery-icon landscape'>\n\t\t\t\t<a data-elementor-open-lightbox=\"yes\" data-elementor-lightbox-slideshow=\"542d30f\" data-elementor-lightbox-title=\"5\" data-e-action-hash=\"#elementor-action%3Aaction%3Dlightbox%26settings%3DeyJpZCI6MTAxNiwidXJsIjoiaHR0cHM6XC9cL215aW1vdmVpcy5jb20uYnJcL3dwLWNvbnRlbnRcL3VwbG9hZHNcLzIwMjVcLzA5XC81LTEwLnBuZyIsInNsaWRlc2hvdyI6IjU0MmQzMGYifQ%3D%3D\" href='https:\/\/myimoveis.com.br\/wp-content\/uploads\/2025\/09\/5-10.png'><img decoding=\"async\" width=\"300\" height=\"300\" src=\"https:\/\/myimoveis.com.br\/wp-content\/uploads\/2025\/09\/5-10-300x300.png\" class=\"attachment-medium size-medium\" alt=\"\" srcset=\"https:\/\/myimoveis.com.br\/wp-content\/uploads\/2025\/09\/5-10-300x300.png 300w, https:\/\/myimoveis.com.br\/wp-content\/uploads\/2025\/09\/5-10-1024x1024.png 1024w, https:\/\/myimoveis.com.br\/wp-content\/uploads\/2025\/09\/5-10-150x150.png 150w, https:\/\/myimoveis.com.br\/wp-content\/uploads\/2025\/09\/5-10-768x768.png 768w, https:\/\/myimoveis.com.br\/wp-content\/uploads\/2025\/09\/5-10-230x230.png 230w, https:\/\/myimoveis.com.br\/wp-content\/uploads\/2025\/09\/5-10-400x400.png 400w, https:\/\/myimoveis.com.br\/wp-content\/uploads\/2025\/09\/5-10-600x600.png 600w, https:\/\/myimoveis.com.br\/wp-content\/uploads\/2025\/09\/5-10-640x640.png 640w, https:\/\/myimoveis.com.br\/wp-content\/uploads\/2025\/09\/5-10.png 1080w\" sizes=\"(max-width: 300px) 100vw, 300px\" \/><\/a>\n\t\t\t<\/div><\/figure><figure class='gallery-item'>\n\t\t\t<div class='gallery-icon landscape'>\n\t\t\t\t<a data-elementor-open-lightbox=\"yes\" data-elementor-lightbox-slideshow=\"542d30f\" data-elementor-lightbox-title=\"7\" data-e-action-hash=\"#elementor-action%3Aaction%3Dlightbox%26settings%3DeyJpZCI6MTAxOSwidXJsIjoiaHR0cHM6XC9cL215aW1vdmVpcy5jb20uYnJcL3dwLWNvbnRlbnRcL3VwbG9hZHNcLzIwMjVcLzA5XC83LTEwLnBuZyIsInNsaWRlc2hvdyI6IjU0MmQzMGYifQ%3D%3D\" href='https:\/\/myimoveis.com.br\/wp-content\/uploads\/2025\/09\/7-10.png'><img decoding=\"async\" width=\"300\" height=\"300\" src=\"https:\/\/myimoveis.com.br\/wp-content\/uploads\/2025\/09\/7-10-300x300.png\" class=\"attachment-medium size-medium\" alt=\"\" srcset=\"https:\/\/myimoveis.com.br\/wp-content\/uploads\/2025\/09\/7-10-300x300.png 300w, https:\/\/myimoveis.com.br\/wp-content\/uploads\/2025\/09\/7-10-1024x1024.png 1024w, https:\/\/myimoveis.com.br\/wp-content\/uploads\/2025\/09\/7-10-150x150.png 150w, https:\/\/myimoveis.com.br\/wp-content\/uploads\/2025\/09\/7-10-768x768.png 768w, https:\/\/myimoveis.com.br\/wp-content\/uploads\/2025\/09\/7-10-230x230.png 230w, https:\/\/myimoveis.com.br\/wp-content\/uploads\/2025\/09\/7-10-400x400.png 400w, https:\/\/myimoveis.com.br\/wp-content\/uploads\/2025\/09\/7-10-600x600.png 600w, https:\/\/myimoveis.com.br\/wp-content\/uploads\/2025\/09\/7-10-640x640.png 640w, https:\/\/myimoveis.com.br\/wp-content\/uploads\/2025\/09\/7-10.png 1080w\" sizes=\"(max-width: 300px) 100vw, 300px\" \/><\/a>\n\t\t\t<\/div><\/figure><figure class='gallery-item'>\n\t\t\t<div class='gallery-icon landscape'>\n\t\t\t\t<a data-elementor-open-lightbox=\"yes\" data-elementor-lightbox-slideshow=\"542d30f\" data-elementor-lightbox-title=\"10\" data-e-action-hash=\"#elementor-action%3Aaction%3Dlightbox%26settings%3DeyJpZCI6MTAyMiwidXJsIjoiaHR0cHM6XC9cL215aW1vdmVpcy5jb20uYnJcL3dwLWNvbnRlbnRcL3VwbG9hZHNcLzIwMjVcLzA5XC8xMC04LnBuZyIsInNsaWRlc2hvdyI6IjU0MmQzMGYifQ%3D%3D\" href='https:\/\/myimoveis.com.br\/wp-content\/uploads\/2025\/09\/10-8.png'><img loading=\"lazy\" decoding=\"async\" width=\"300\" height=\"300\" src=\"https:\/\/myimoveis.com.br\/wp-content\/uploads\/2025\/09\/10-8-300x300.png\" class=\"attachment-medium size-medium\" alt=\"\" srcset=\"https:\/\/myimoveis.com.br\/wp-content\/uploads\/2025\/09\/10-8-300x300.png 300w, https:\/\/myimoveis.com.br\/wp-content\/uploads\/2025\/09\/10-8-1024x1024.png 1024w, https:\/\/myimoveis.com.br\/wp-content\/uploads\/2025\/09\/10-8-150x150.png 150w, https:\/\/myimoveis.com.br\/wp-content\/uploads\/2025\/09\/10-8-768x768.png 768w, https:\/\/myimoveis.com.br\/wp-content\/uploads\/2025\/09\/10-8-230x230.png 230w, https:\/\/myimoveis.com.br\/wp-content\/uploads\/2025\/09\/10-8-400x400.png 400w, https:\/\/myimoveis.com.br\/wp-content\/uploads\/2025\/09\/10-8-600x600.png 600w, https:\/\/myimoveis.com.br\/wp-content\/uploads\/2025\/09\/10-8-640x640.png 640w, https:\/\/myimoveis.com.br\/wp-content\/uploads\/2025\/09\/10-8.png 1080w\" sizes=\"(max-width: 300px) 100vw, 300px\" \/><\/a>\n\t\t\t<\/div><\/figure><figure class='gallery-item'>\n\t\t\t<div class='gallery-icon landscape'>\n\t\t\t\t<a data-elementor-open-lightbox=\"yes\" data-elementor-lightbox-slideshow=\"542d30f\" data-elementor-lightbox-title=\"4\" data-e-action-hash=\"#elementor-action%3Aaction%3Dlightbox%26settings%3DeyJpZCI6MTAxNCwidXJsIjoiaHR0cHM6XC9cL215aW1vdmVpcy5jb20uYnJcL3dwLWNvbnRlbnRcL3VwbG9hZHNcLzIwMjVcLzA5XC80LTkucG5nIiwic2xpZGVzaG93IjoiNTQyZDMwZiJ9\" href='https:\/\/myimoveis.com.br\/wp-content\/uploads\/2025\/09\/4-9.png'><img loading=\"lazy\" decoding=\"async\" width=\"300\" height=\"300\" src=\"https:\/\/myimoveis.com.br\/wp-content\/uploads\/2025\/09\/4-9-300x300.png\" class=\"attachment-medium size-medium\" alt=\"\" srcset=\"https:\/\/myimoveis.com.br\/wp-content\/uploads\/2025\/09\/4-9-300x300.png 300w, https:\/\/myimoveis.com.br\/wp-content\/uploads\/2025\/09\/4-9-1024x1024.png 1024w, https:\/\/myimoveis.com.br\/wp-content\/uploads\/2025\/09\/4-9-150x150.png 150w, https:\/\/myimoveis.com.br\/wp-content\/uploads\/2025\/09\/4-9-768x768.png 768w, https:\/\/myimoveis.com.br\/wp-content\/uploads\/2025\/09\/4-9-230x230.png 230w, https:\/\/myimoveis.com.br\/wp-content\/uploads\/2025\/09\/4-9-400x400.png 400w, https:\/\/myimoveis.com.br\/wp-content\/uploads\/2025\/09\/4-9-600x600.png 600w, https:\/\/myimoveis.com.br\/wp-content\/uploads\/2025\/09\/4-9-640x640.png 640w, https:\/\/myimoveis.com.br\/wp-content\/uploads\/2025\/09\/4-9.png 1080w\" sizes=\"(max-width: 300px) 100vw, 300px\" \/><\/a>\n\t\t\t<\/div><\/figure>\n\t\t<\/div>\n\t\t<\/div>\n\t\t\t\t\t\t<\/div>\n\t\t\t\t\t<\/div>\n\t\t\t\t<\/div>\n\t\t<div class=\"elementor-element elementor-element-ec40b70 e-flex e-con-boxed e-con e-parent\" data-id=\"ec40b70\" data-element_type=\"container\">\n\t\t\t\t\t<div class=\"e-con-inner\">\n\t\t\t\t<div class=\"elementor-element elementor-element-dccac41 elementor-widget elementor-widget-button\" data-id=\"dccac41\" data-element_type=\"widget\" data-widget_type=\"button.default\">\n\t\t\t\t\t\t\t\t\t\t<a class=\"elementor-button elementor-button-link elementor-size-sm\" href=\"https:\/\/wa.me\/5567999002171?text=Ol%C3%A1!%20Gostaria%20de%20mais%20informa%C3%A7%C3%B5es.\">\n\t\t\t\t\t\t<span class=\"elementor-button-content-wrapper\">\n\t\t\t\t\t\t\t\t\t<span class=\"elementor-button-text\">Clique a aqui para falar com Corretor(a).<\/span>\n\t\t\t\t\t<\/span>\n\t\t\t\t\t<\/a>\n\t\t\t\t\t\t\t\t<\/div>\n\t\t\t\t<div class=\"elementor-element elementor-element-cfcd03f elementor-widget elementor-widget-button\" data-id=\"cfcd03f\" data-element_type=\"widget\" data-widget_type=\"button.default\">\n\t\t\t\t\t\t\t\t\t\t<a class=\"elementor-button elementor-button-link elementor-size-sm\" href=\"https:\/\/myimoveis.com.br\/index.php\/todas-as-fotos-do-imovel-125\/\" target=\"_blank\">\n\t\t\t\t\t\t<span class=\"elementor-button-content-wrapper\">\n\t\t\t\t\t\t\t\t\t<span class=\"elementor-button-text\">VER TODAS AS  FOTOS<\/span>\n\t\t\t\t\t<\/span>\n\t\t\t\t\t<\/a>\n\t\t\t\t\t\t\t\t<\/div>\n\t\t\t\t<div class=\"elementor-element elementor-element-39c86c5 elementor-widget__width-initial elementor-widget elementor-widget-heading\" data-id=\"39c86c5\" data-element_type=\"widget\" data-widget_type=\"heading.default\">\n\t\t\t\t\t<h2 class=\"elementor-heading-title elementor-size-default\">Im\u00f3vel #125<\/h2>\t\t\t\t<\/div>\n\t\t\t\t\t<\/div>\n\t\t\t\t<\/div>\n\t\t<div class=\"elementor-element elementor-element-9f5518e e-flex e-con-boxed e-con e-parent\" data-id=\"9f5518e\" data-element_type=\"container\">\n\t\t\t\t\t<div class=\"e-con-inner\">\n\t\t\t\t<div class=\"elementor-element elementor-element-7cd4ba6 elementor-widget elementor-widget-heading\" data-id=\"7cd4ba6\" data-element_type=\"widget\" data-widget_type=\"heading.default\">\n\t\t\t\t\t<h2 class=\"elementor-heading-title elementor-size-default\">Bairro Vivendas do Parque <img decoding=\"async\" role=\"img\" class=\"emoji\" alt=\"\ud83c\udfe0\" src=\"https:\/\/s.w.org\/images\/core\/emoji\/16.0.1\/svg\/1f3e0.svg\"><\/h2>\t\t\t\t<\/div>\n\t\t\t\t<div class=\"elementor-element elementor-element-e243940 elementor-widget__width-initial elementor-widget-mobile__width-initial elementor-widget elementor-widget-heading\" data-id=\"e243940\" data-element_type=\"widget\" data-widget_type=\"heading.default\">\n\t\t\t\t\t<h2 class=\"elementor-heading-title elementor-size-default\"><img decoding=\"async\" role=\"img\" class=\"emoji\" alt=\"\ud83d\udd38\" src=\"https:\/\/s.w.org\/images\/core\/emoji\/16.0.1\/svg\/1f538.svg\"> Sala ampla<br><img decoding=\"async\" role=\"img\" class=\"emoji\" alt=\"\ud83d\udd38\" src=\"https:\/\/s.w.org\/images\/core\/emoji\/16.0.1\/svg\/1f538.svg\"> Cozinha conjugada<br><img decoding=\"async\" role=\"img\" class=\"emoji\" alt=\"\ud83d\udd38\" src=\"https:\/\/s.w.org\/images\/core\/emoji\/16.0.1\/svg\/1f538.svg\"> 2 quartos, sendo uma su\u00edte<br><img decoding=\"async\" role=\"img\" class=\"emoji\" alt=\"\ud83d\udd38\" src=\"https:\/\/s.w.org\/images\/core\/emoji\/16.0.1\/svg\/1f538.svg\"> Banheiro social com nicho<br><img decoding=\"async\" role=\"img\" class=\"emoji\" alt=\"\ud83d\udd38\" src=\"https:\/\/s.w.org\/images\/core\/emoji\/16.0.1\/svg\/1f538.svg\"> Lavanderia coberta<br><img decoding=\"async\" role=\"img\" class=\"emoji\" alt=\"\ud83d\udd38\" src=\"https:\/\/s.w.org\/images\/core\/emoji\/16.0.1\/svg\/1f538.svg\"> Rodap\u00e9 embutido<br><img decoding=\"async\" role=\"img\" class=\"emoji\" alt=\"\ud83d\udd38\" src=\"https:\/\/s.w.org\/images\/core\/emoji\/16.0.1\/svg\/1f538.svg\"> Ilumina\u00e7\u00e3o em led<br><img decoding=\"async\" role=\"img\" class=\"emoji\" alt=\"\ud83d\udd38\" src=\"https:\/\/s.w.org\/images\/core\/emoji\/16.0.1\/svg\/1f538.svg\"> Portas e janelas em blindex<br><img decoding=\"async\" role=\"img\" class=\"emoji\" alt=\"\ud83d\udd38\" src=\"https:\/\/s.w.org\/images\/core\/emoji\/16.0.1\/svg\/1f538.svg\"> Garagem<br><img decoding=\"async\" role=\"img\" class=\"emoji\" alt=\"\ud83d\udd38\" src=\"https:\/\/s.w.org\/images\/core\/emoji\/16.0.1\/svg\/1f538.svg\"> Port\u00e3o de eleva\u00e7\u00e3o<br><img decoding=\"async\" role=\"img\" class=\"emoji\" alt=\"\ud83d\udd38\" src=\"https:\/\/s.w.org\/images\/core\/emoji\/16.0.1\/svg\/1f538.svg\"> Varanda.<br>\n<img decoding=\"async\" role=\"img\" class=\"emoji\" alt=\"\ud83d\udcb0\" src=\"https:\/\/s.w.org\/images\/core\/emoji\/16.0.1\/svg\/1f4b0.svg\"> Investimento no valor de  240.000,00<br>C\u00f3d: 125<br>\n<img decoding=\"async\" role=\"img\" class=\"emoji\" alt=\"\u23e9\" src=\"https:\/\/s.w.org\/images\/core\/emoji\/16.0.1\/svg\/23e9.svg\">Agende sua visita!<br>\nMaiores informa\u00e7\u00f5es pelo:<br>6799900-2171<br>6798484-3386<br>6798466-3386<br>\n<br><\/h2>\t\t\t\t<\/div>\n\t\t\t\t\t<\/div>\n\t\t\t\t<\/div>\n\t\t<div class=\"elementor-element elementor-element-4da3ca0 e-flex e-con-boxed e-con e-parent\" data-id=\"4da3ca0\" data-element_type=\"container\">\n\t\t\t\t\t<div class=\"e-con-inner\">\n\t\t\t\t<div class=\"elementor-element elementor-element-c2f93c4 elementor-widget__width-initial elementor-widget elementor-widget-image\" data-id=\"c2f93c4\" data-element_type=\"widget\" data-widget_type=\"image.default\">\n\t\t\t\t\t\t\t\t\t\t\t\t\t\t\t\t<a href=\"https:\/\/wa.me\/5567999002171?text=Ol%C3%A1!%20Gostaria%20de%20mais%20informa%C3%A7%C3%B5es.\">\n\t\t\t\t\t\t\t<img loading=\"lazy\" decoding=\"async\" width=\"300\" height=\"60\" src=\"https:\/\/myimoveis.com.br\/wp-content\/uploads\/2025\/09\/whats-300x60.png\" class=\"attachment-medium size-medium wp-image-518\" alt=\"\" srcset=\"https:\/\/myimoveis.com.br\/wp-content\/uploads\/2025\/09\/whats-300x60.png 300w, https:\/\/myimoveis.com.br\/wp-content\/uploads\/2025\/09\/whats-1024x204.png 1024w, https:\/\/myimoveis.com.br\/wp-content\/uploads\/2025\/09\/whats-768x153.png 768w, https:\/\/myimoveis.com.br\/wp-content\/uploads\/2025\/09\/whats-600x120.png 600w, https:\/\/myimoveis.com.br\/wp-content\/uploads\/2025\/09\/whats.png 1248w\" sizes=\"(max-width: 300px) 100vw, 300px\" \/>\t\t\t\t\t\t\t\t<\/a>\n\t\t\t\t\t\t\t\t\t\t\t\t\t\t\t<\/div>\n\t\t\t\t\t<\/div>\n\t\t\t\t<\/div>\n\t\t\t\t<\/div>\n\t\t","protected":false},"excerpt":{"rendered":"<p>Clique a aqui para falar com Corretor(a). VER TODAS AS FOTOS Im\u00f3vel #125 Bairro Vivendas do Parque Sala ampla Cozinha conjugada 2 quartos, sendo uma su\u00edte Banheiro social com nicho Lavanderia coberta Rodap\u00e9 embutido Ilumina\u00e7\u00e3o em led Portas e janelas em blindex Garagem Port\u00e3o de eleva\u00e7\u00e3o Varanda. Investimento no valor de 240.000,00C\u00f3d: 125 Agende sua [&hellip;]<\/p>\n","protected":false},"author":1,"featured_media":0,"parent":0,"menu_order":0,"comment_status":"closed","ping_status":"closed","template":"","meta":{"footnotes":""},"class_list":["post-1012","page","type-page","status-publish","hentry"],"_links":{"self":[{"href":"https:\/\/myimoveis.com.br\/index.php\/wp-json\/wp\/v2\/pages\/1012","targetHints":{"allow":["GET"]}}],"collection":[{"href":"https:\/\/myimoveis.com.br\/index.php\/wp-json\/wp\/v2\/pages"}],"about":[{"href":"https:\/\/myimoveis.com.br\/index.php\/wp-json\/wp\/v2\/types\/page"}],"author":[{"embeddable":true,"href":"https:\/\/myimoveis.com.br\/index.php\/wp-json\/wp\/v2\/users\/1"}],"replies":[{"embeddable":true,"href":"https:\/\/myimoveis.com.br\/index.php\/wp-json\/wp\/v2\/comments?post=1012"}],"version-history":[{"count":4,"href":"https:\/\/myimoveis.com.br\/index.php\/wp-json\/wp\/v2\/pages\/1012\/revisions"}],"predecessor-version":[{"id":1028,"href":"https:\/\/myimoveis.com.br\/index.php\/wp-json\/wp\/v2\/pages\/1012\/revisions\/1028"}],"wp:attachment":[{"href":"https:\/\/myimoveis.com.br\/index.php\/wp-json\/wp\/v2\/media?parent=1012"}],"curies":[{"name":"wp","href":"https:\/\/api.w.org\/{rel}","templated":true}]}}