{"id":1192,"date":"2025-10-08T13:28:13","date_gmt":"2025-10-08T16:28:13","guid":{"rendered":"http:\/\/myimoveis.com.br\/?page_id=1192"},"modified":"2025-10-08T13:28:41","modified_gmt":"2025-10-08T16:28:41","slug":"imovel-121","status":"publish","type":"page","link":"http:\/\/myimoveis.com.br\/index.php\/imovel-121\/","title":{"rendered":"Im\u00f3vel #121"},"content":{"rendered":"\t\t<div data-elementor-type=\"wp-page\" data-elementor-id=\"1192\" class=\"elementor elementor-1192\">\n\t\t\t\t<div class=\"elementor-element elementor-element-d66b7e7 e-grid e-con-boxed e-con e-parent\" data-id=\"d66b7e7\" data-element_type=\"container\">\n\t\t\t\t\t<div class=\"e-con-inner\">\n\t\t\t\t<div class=\"elementor-element elementor-element-695c1f7 elementor-widget elementor-widget-image\" data-id=\"695c1f7\" data-element_type=\"widget\" data-widget_type=\"image.default\">\n\t\t\t\t\t\t\t\t\t\t\t\t\t\t\t<img fetchpriority=\"high\" decoding=\"async\" width=\"300\" height=\"300\" src=\"http:\/\/myimoveis.com.br\/wp-content\/uploads\/2025\/10\/4-4-300x300.png\" class=\"attachment-medium size-medium wp-image-1175\" alt=\"\" srcset=\"http:\/\/myimoveis.com.br\/wp-content\/uploads\/2025\/10\/4-4-300x300.png 300w, http:\/\/myimoveis.com.br\/wp-content\/uploads\/2025\/10\/4-4-1024x1024.png 1024w, http:\/\/myimoveis.com.br\/wp-content\/uploads\/2025\/10\/4-4-150x150.png 150w, http:\/\/myimoveis.com.br\/wp-content\/uploads\/2025\/10\/4-4-768x768.png 768w, http:\/\/myimoveis.com.br\/wp-content\/uploads\/2025\/10\/4-4-230x230.png 230w, http:\/\/myimoveis.com.br\/wp-content\/uploads\/2025\/10\/4-4-400x400.png 400w, http:\/\/myimoveis.com.br\/wp-content\/uploads\/2025\/10\/4-4-600x600.png 600w, http:\/\/myimoveis.com.br\/wp-content\/uploads\/2025\/10\/4-4-640x640.png 640w, http:\/\/myimoveis.com.br\/wp-content\/uploads\/2025\/10\/4-4.png 1080w\" sizes=\"(max-width: 300px) 100vw, 300px\" \/>\t\t\t\t\t\t\t\t\t\t\t\t\t\t\t<\/div>\n\t\t\t\t<div class=\"elementor-element elementor-element-b754ec1 gallery-spacing-custom elementor-widget__width-initial elementor-widget elementor-widget-image-gallery\" data-id=\"b754ec1\" data-element_type=\"widget\" data-widget_type=\"image-gallery.default\">\n\t\t\t\t\t\t\t<div class=\"elementor-image-gallery\">\n\t\t\t<div id='gallery-1' class='gallery galleryid-1192 gallery-columns-3 gallery-size-medium'><figure class='gallery-item'>\n\t\t\t<div class='gallery-icon landscape'>\n\t\t\t\t<a data-elementor-open-lightbox=\"yes\" data-elementor-lightbox-slideshow=\"b754ec1\" data-elementor-lightbox-title=\"6\" data-e-action-hash=\"#elementor-action%3Aaction%3Dlightbox%26settings%3DeyJpZCI6MTE3OCwidXJsIjoiaHR0cDpcL1wvbXlpbW92ZWlzLmNvbS5iclwvd3AtY29udGVudFwvdXBsb2Fkc1wvMjAyNVwvMTBcLzYtNC5wbmciLCJzbGlkZXNob3ciOiJiNzU0ZWMxIn0%3D\" href='http:\/\/myimoveis.com.br\/wp-content\/uploads\/2025\/10\/6-4.png'><img decoding=\"async\" width=\"300\" height=\"300\" src=\"http:\/\/myimoveis.com.br\/wp-content\/uploads\/2025\/10\/6-4-300x300.png\" class=\"attachment-medium size-medium\" alt=\"\" srcset=\"http:\/\/myimoveis.com.br\/wp-content\/uploads\/2025\/10\/6-4-300x300.png 300w, http:\/\/myimoveis.com.br\/wp-content\/uploads\/2025\/10\/6-4-1024x1024.png 1024w, http:\/\/myimoveis.com.br\/wp-content\/uploads\/2025\/10\/6-4-150x150.png 150w, http:\/\/myimoveis.com.br\/wp-content\/uploads\/2025\/10\/6-4-768x768.png 768w, http:\/\/myimoveis.com.br\/wp-content\/uploads\/2025\/10\/6-4-230x230.png 230w, http:\/\/myimoveis.com.br\/wp-content\/uploads\/2025\/10\/6-4-400x400.png 400w, http:\/\/myimoveis.com.br\/wp-content\/uploads\/2025\/10\/6-4-600x600.png 600w, http:\/\/myimoveis.com.br\/wp-content\/uploads\/2025\/10\/6-4-640x640.png 640w, http:\/\/myimoveis.com.br\/wp-content\/uploads\/2025\/10\/6-4.png 1080w\" sizes=\"(max-width: 300px) 100vw, 300px\" \/><\/a>\n\t\t\t<\/div><\/figure><figure class='gallery-item'>\n\t\t\t<div class='gallery-icon landscape'>\n\t\t\t\t<a data-elementor-open-lightbox=\"yes\" data-elementor-lightbox-slideshow=\"b754ec1\" data-elementor-lightbox-title=\"8\" data-e-action-hash=\"#elementor-action%3Aaction%3Dlightbox%26settings%3DeyJpZCI6MTE4MCwidXJsIjoiaHR0cDpcL1wvbXlpbW92ZWlzLmNvbS5iclwvd3AtY29udGVudFwvdXBsb2Fkc1wvMjAyNVwvMTBcLzgtNC5wbmciLCJzbGlkZXNob3ciOiJiNzU0ZWMxIn0%3D\" href='http:\/\/myimoveis.com.br\/wp-content\/uploads\/2025\/10\/8-4.png'><img decoding=\"async\" width=\"300\" height=\"300\" src=\"http:\/\/myimoveis.com.br\/wp-content\/uploads\/2025\/10\/8-4-300x300.png\" class=\"attachment-medium size-medium\" alt=\"\" srcset=\"http:\/\/myimoveis.com.br\/wp-content\/uploads\/2025\/10\/8-4-300x300.png 300w, http:\/\/myimoveis.com.br\/wp-content\/uploads\/2025\/10\/8-4-1024x1024.png 1024w, http:\/\/myimoveis.com.br\/wp-content\/uploads\/2025\/10\/8-4-150x150.png 150w, http:\/\/myimoveis.com.br\/wp-content\/uploads\/2025\/10\/8-4-768x768.png 768w, http:\/\/myimoveis.com.br\/wp-content\/uploads\/2025\/10\/8-4-230x230.png 230w, http:\/\/myimoveis.com.br\/wp-content\/uploads\/2025\/10\/8-4-400x400.png 400w, http:\/\/myimoveis.com.br\/wp-content\/uploads\/2025\/10\/8-4-600x600.png 600w, http:\/\/myimoveis.com.br\/wp-content\/uploads\/2025\/10\/8-4-640x640.png 640w, http:\/\/myimoveis.com.br\/wp-content\/uploads\/2025\/10\/8-4.png 1080w\" sizes=\"(max-width: 300px) 100vw, 300px\" \/><\/a>\n\t\t\t<\/div><\/figure><figure class='gallery-item'>\n\t\t\t<div class='gallery-icon landscape'>\n\t\t\t\t<a data-elementor-open-lightbox=\"yes\" data-elementor-lightbox-slideshow=\"b754ec1\" data-elementor-lightbox-title=\"10\" data-e-action-hash=\"#elementor-action%3Aaction%3Dlightbox%26settings%3DeyJpZCI6MTE4MiwidXJsIjoiaHR0cDpcL1wvbXlpbW92ZWlzLmNvbS5iclwvd3AtY29udGVudFwvdXBsb2Fkc1wvMjAyNVwvMTBcLzEwLTQucG5nIiwic2xpZGVzaG93IjoiYjc1NGVjMSJ9\" href='http:\/\/myimoveis.com.br\/wp-content\/uploads\/2025\/10\/10-4.png'><img loading=\"lazy\" decoding=\"async\" width=\"300\" height=\"300\" src=\"http:\/\/myimoveis.com.br\/wp-content\/uploads\/2025\/10\/10-4-300x300.png\" class=\"attachment-medium size-medium\" alt=\"\" srcset=\"http:\/\/myimoveis.com.br\/wp-content\/uploads\/2025\/10\/10-4-300x300.png 300w, http:\/\/myimoveis.com.br\/wp-content\/uploads\/2025\/10\/10-4-1024x1024.png 1024w, http:\/\/myimoveis.com.br\/wp-content\/uploads\/2025\/10\/10-4-150x150.png 150w, http:\/\/myimoveis.com.br\/wp-content\/uploads\/2025\/10\/10-4-768x768.png 768w, http:\/\/myimoveis.com.br\/wp-content\/uploads\/2025\/10\/10-4-230x230.png 230w, http:\/\/myimoveis.com.br\/wp-content\/uploads\/2025\/10\/10-4-400x400.png 400w, http:\/\/myimoveis.com.br\/wp-content\/uploads\/2025\/10\/10-4-600x600.png 600w, http:\/\/myimoveis.com.br\/wp-content\/uploads\/2025\/10\/10-4-640x640.png 640w, http:\/\/myimoveis.com.br\/wp-content\/uploads\/2025\/10\/10-4.png 1080w\" sizes=\"(max-width: 300px) 100vw, 300px\" \/><\/a>\n\t\t\t<\/div><\/figure><figure class='gallery-item'>\n\t\t\t<div class='gallery-icon landscape'>\n\t\t\t\t<a data-elementor-open-lightbox=\"yes\" data-elementor-lightbox-slideshow=\"b754ec1\" data-elementor-lightbox-title=\"5\" data-e-action-hash=\"#elementor-action%3Aaction%3Dlightbox%26settings%3DeyJpZCI6MTE3NiwidXJsIjoiaHR0cDpcL1wvbXlpbW92ZWlzLmNvbS5iclwvd3AtY29udGVudFwvdXBsb2Fkc1wvMjAyNVwvMTBcLzUtNC5wbmciLCJzbGlkZXNob3ciOiJiNzU0ZWMxIn0%3D\" href='http:\/\/myimoveis.com.br\/wp-content\/uploads\/2025\/10\/5-4.png'><img loading=\"lazy\" decoding=\"async\" width=\"300\" height=\"300\" src=\"http:\/\/myimoveis.com.br\/wp-content\/uploads\/2025\/10\/5-4-300x300.png\" class=\"attachment-medium size-medium\" alt=\"\" srcset=\"http:\/\/myimoveis.com.br\/wp-content\/uploads\/2025\/10\/5-4-300x300.png 300w, http:\/\/myimoveis.com.br\/wp-content\/uploads\/2025\/10\/5-4-1024x1024.png 1024w, http:\/\/myimoveis.com.br\/wp-content\/uploads\/2025\/10\/5-4-150x150.png 150w, http:\/\/myimoveis.com.br\/wp-content\/uploads\/2025\/10\/5-4-768x768.png 768w, http:\/\/myimoveis.com.br\/wp-content\/uploads\/2025\/10\/5-4-230x230.png 230w, http:\/\/myimoveis.com.br\/wp-content\/uploads\/2025\/10\/5-4-400x400.png 400w, http:\/\/myimoveis.com.br\/wp-content\/uploads\/2025\/10\/5-4-600x600.png 600w, http:\/\/myimoveis.com.br\/wp-content\/uploads\/2025\/10\/5-4-640x640.png 640w, http:\/\/myimoveis.com.br\/wp-content\/uploads\/2025\/10\/5-4.png 1080w\" sizes=\"(max-width: 300px) 100vw, 300px\" \/><\/a>\n\t\t\t<\/div><\/figure>\n\t\t<\/div>\n\t\t<\/div>\n\t\t\t\t\t\t<\/div>\n\t\t\t\t\t<\/div>\n\t\t\t\t<\/div>\n\t\t<div class=\"elementor-element elementor-element-6d03776 e-flex e-con-boxed e-con e-parent\" data-id=\"6d03776\" data-element_type=\"container\">\n\t\t\t\t\t<div class=\"e-con-inner\">\n\t\t\t\t<div class=\"elementor-element elementor-element-38e28e7 elementor-widget elementor-widget-button\" data-id=\"38e28e7\" data-element_type=\"widget\" data-widget_type=\"button.default\">\n\t\t\t\t\t\t\t\t\t\t<a class=\"elementor-button elementor-button-link elementor-size-sm\" href=\"https:\/\/wa.me\/5567999002171?text=Ol%C3%A1!%20Gostaria%20de%20mais%20informa%C3%A7%C3%B5es.\">\n\t\t\t\t\t\t<span class=\"elementor-button-content-wrapper\">\n\t\t\t\t\t\t\t\t\t<span class=\"elementor-button-text\">Clique a aqui para falar com Corretor(a).<\/span>\n\t\t\t\t\t<\/span>\n\t\t\t\t\t<\/a>\n\t\t\t\t\t\t\t\t<\/div>\n\t\t\t\t<div class=\"elementor-element elementor-element-bb89f35 elementor-widget elementor-widget-button\" data-id=\"bb89f35\" data-element_type=\"widget\" data-widget_type=\"button.default\">\n\t\t\t\t\t\t\t\t\t\t<a class=\"elementor-button elementor-button-link elementor-size-sm\" href=\"http:\/\/myimoveis.com.br\/index.php\/todas-as-fotos-do-imovel-121\/\" target=\"_blank\">\n\t\t\t\t\t\t<span class=\"elementor-button-content-wrapper\">\n\t\t\t\t\t\t\t\t\t<span class=\"elementor-button-text\">VER TODAS AS  FOTOS<\/span>\n\t\t\t\t\t<\/span>\n\t\t\t\t\t<\/a>\n\t\t\t\t\t\t\t\t<\/div>\n\t\t\t\t<div class=\"elementor-element elementor-element-fd14062 elementor-widget__width-initial elementor-widget elementor-widget-heading\" data-id=\"fd14062\" data-element_type=\"widget\" data-widget_type=\"heading.default\">\n\t\t\t\t\t<h2 class=\"elementor-heading-title elementor-size-default\">Im\u00f3vel #121<\/h2>\t\t\t\t<\/div>\n\t\t\t\t\t<\/div>\n\t\t\t\t<\/div>\n\t\t<div class=\"elementor-element elementor-element-285e9cb e-flex e-con-boxed e-con e-parent\" data-id=\"285e9cb\" data-element_type=\"container\">\n\t\t\t\t\t<div class=\"e-con-inner\">\n\t\t\t\t<div class=\"elementor-element elementor-element-beb1303 elementor-widget elementor-widget-heading\" data-id=\"beb1303\" data-element_type=\"widget\" data-widget_type=\"heading.default\">\n\t\t\t\t\t<h2 class=\"elementor-heading-title elementor-size-default\">Bairro Nova Lima <img decoding=\"async\" role=\"img\" class=\"emoji\" alt=\"\ud83c\udfe0\" src=\"https:\/\/s.w.org\/images\/core\/emoji\/16.0.1\/svg\/1f3e0.svg\"><\/h2>\t\t\t\t<\/div>\n\t\t\t\t<div class=\"elementor-element elementor-element-d435ea8 elementor-widget__width-initial elementor-widget-mobile__width-initial elementor-widget elementor-widget-heading\" data-id=\"d435ea8\" data-element_type=\"widget\" data-widget_type=\"heading.default\">\n\t\t\t\t\t<h2 class=\"elementor-heading-title elementor-size-default\"><img decoding=\"async\" role=\"img\" class=\"emoji\" alt=\"\ud83d\udd38\" src=\"https:\/\/s.w.org\/images\/core\/emoji\/16.0.1\/svg\/1f538.svg\"> Sala ampla<br><img decoding=\"async\" role=\"img\" class=\"emoji\" alt=\"\ud83d\udd38\" src=\"https:\/\/s.w.org\/images\/core\/emoji\/16.0.1\/svg\/1f538.svg\"> Cozinha americana, com bancada em m\u00e1rmore<br><img decoding=\"async\" role=\"img\" class=\"emoji\" alt=\"\ud83d\udd38\" src=\"https:\/\/s.w.org\/images\/core\/emoji\/16.0.1\/svg\/1f538.svg\"> 2 quartos amplos<br><img decoding=\"async\" role=\"img\" class=\"emoji\" alt=\"\ud83d\udd38\" src=\"https:\/\/s.w.org\/images\/core\/emoji\/16.0.1\/svg\/1f538.svg\"> Banheiro social<br><img decoding=\"async\" role=\"img\" class=\"emoji\" alt=\"\ud83d\udd38\" src=\"https:\/\/s.w.org\/images\/core\/emoji\/16.0.1\/svg\/1f538.svg\"> Moldura em gesso<br><img decoding=\"async\" role=\"img\" class=\"emoji\" alt=\"\ud83d\udd38\" src=\"https:\/\/s.w.org\/images\/core\/emoji\/16.0.1\/svg\/1f538.svg\"> Rodap\u00e9 embutido<br><img decoding=\"async\" role=\"img\" class=\"emoji\" alt=\"\ud83d\udd38\" src=\"https:\/\/s.w.org\/images\/core\/emoji\/16.0.1\/svg\/1f538.svg\"> Garagem<br><img decoding=\"async\" role=\"img\" class=\"emoji\" alt=\"\ud83d\udd38\" src=\"https:\/\/s.w.org\/images\/core\/emoji\/16.0.1\/svg\/1f538.svg\"> varanda ampla<br><img decoding=\"async\" role=\"img\" class=\"emoji\" alt=\"\ud83d\udd38\" src=\"https:\/\/s.w.org\/images\/core\/emoji\/16.0.1\/svg\/1f538.svg\"> Port\u00e3o de eleva\u00e7\u00e3o<br><img decoding=\"async\" role=\"img\" class=\"emoji\" alt=\"\ud83d\udd38\" src=\"https:\/\/s.w.org\/images\/core\/emoji\/16.0.1\/svg\/1f538.svg\"> Espa\u00e7o para \u00e1rea gourmet<br><img decoding=\"async\" role=\"img\" class=\"emoji\" alt=\"\ud83d\udcb0\" src=\"https:\/\/s.w.org\/images\/core\/emoji\/16.0.1\/svg\/1f4b0.svg\"> Valor \u00e0 consultar <img decoding=\"async\" role=\"img\" class=\"emoji\" alt=\"\ud83d\udd0d\" src=\"https:\/\/s.w.org\/images\/core\/emoji\/16.0.1\/svg\/1f50d.svg\"><br>C\u00f3d: 121<br><img decoding=\"async\" role=\"img\" class=\"emoji\" alt=\"\u23e9\" src=\"https:\/\/s.w.org\/images\/core\/emoji\/16.0.1\/svg\/23e9.svg\">Agende sua visita!<br>\nMaiores informa\u00e7\u00f5es pelo:<br>6799900-2171<br>6798484-3386<br>6798466-3386<\/h2>\t\t\t\t<\/div>\n\t\t\t\t\t<\/div>\n\t\t\t\t<\/div>\n\t\t<div class=\"elementor-element elementor-element-9b6681a e-flex e-con-boxed e-con e-parent\" data-id=\"9b6681a\" data-element_type=\"container\">\n\t\t\t\t\t<div class=\"e-con-inner\">\n\t\t\t\t<div class=\"elementor-element elementor-element-11cbfe2 elementor-widget__width-initial elementor-widget elementor-widget-image\" data-id=\"11cbfe2\" data-element_type=\"widget\" data-widget_type=\"image.default\">\n\t\t\t\t\t\t\t\t\t\t\t\t\t\t\t\t<a href=\"https:\/\/wa.me\/5567999002171?text=Ol%C3%A1!%20Gostaria%20de%20mais%20informa%C3%A7%C3%B5es.\">\n\t\t\t\t\t\t\t<img loading=\"lazy\" decoding=\"async\" width=\"300\" height=\"60\" src=\"http:\/\/myimoveis.com.br\/wp-content\/uploads\/2025\/09\/whats-300x60.png\" class=\"attachment-medium size-medium wp-image-518\" alt=\"\" srcset=\"http:\/\/myimoveis.com.br\/wp-content\/uploads\/2025\/09\/whats-300x60.png 300w, http:\/\/myimoveis.com.br\/wp-content\/uploads\/2025\/09\/whats-1024x204.png 1024w, http:\/\/myimoveis.com.br\/wp-content\/uploads\/2025\/09\/whats-768x153.png 768w, http:\/\/myimoveis.com.br\/wp-content\/uploads\/2025\/09\/whats-600x120.png 600w, http:\/\/myimoveis.com.br\/wp-content\/uploads\/2025\/09\/whats.png 1248w\" sizes=\"(max-width: 300px) 100vw, 300px\" \/>\t\t\t\t\t\t\t\t<\/a>\n\t\t\t\t\t\t\t\t\t\t\t\t\t\t\t<\/div>\n\t\t\t\t\t<\/div>\n\t\t\t\t<\/div>\n\t\t\t\t<\/div>\n\t\t","protected":false},"excerpt":{"rendered":"<p>Clique a aqui para falar com Corretor(a). VER TODAS AS FOTOS Im\u00f3vel #121 Bairro Nova Lima Sala ampla Cozinha americana, com bancada em m\u00e1rmore 2 quartos amplos Banheiro social Moldura em gesso Rodap\u00e9 embutido Garagem varanda ampla Port\u00e3o de eleva\u00e7\u00e3o Espa\u00e7o para \u00e1rea gourmet Valor \u00e0 consultar C\u00f3d: 121Agende sua visita! Maiores informa\u00e7\u00f5es pelo:6799900-21716798484-33866798466-3386<\/p>\n","protected":false},"author":1,"featured_media":0,"parent":0,"menu_order":0,"comment_status":"closed","ping_status":"closed","template":"","meta":{"footnotes":""},"class_list":["post-1192","page","type-page","status-publish","hentry"],"_links":{"self":[{"href":"http:\/\/myimoveis.com.br\/index.php\/wp-json\/wp\/v2\/pages\/1192","targetHints":{"allow":["GET"]}}],"collection":[{"href":"http:\/\/myimoveis.com.br\/index.php\/wp-json\/wp\/v2\/pages"}],"about":[{"href":"http:\/\/myimoveis.com.br\/index.php\/wp-json\/wp\/v2\/types\/page"}],"author":[{"embeddable":true,"href":"http:\/\/myimoveis.com.br\/index.php\/wp-json\/wp\/v2\/users\/1"}],"replies":[{"embeddable":true,"href":"http:\/\/myimoveis.com.br\/index.php\/wp-json\/wp\/v2\/comments?post=1192"}],"version-history":[{"count":4,"href":"http:\/\/myimoveis.com.br\/index.php\/wp-json\/wp\/v2\/pages\/1192\/revisions"}],"predecessor-version":[{"id":1201,"href":"http:\/\/myimoveis.com.br\/index.php\/wp-json\/wp\/v2\/pages\/1192\/revisions\/1201"}],"wp:attachment":[{"href":"http:\/\/myimoveis.com.br\/index.php\/wp-json\/wp\/v2\/media?parent=1192"}],"curies":[{"name":"wp","href":"https:\/\/api.w.org\/{rel}","templated":true}]}}